{"id":37666,"date":"2023-12-22T20:11:43","date_gmt":"2023-12-22T20:11:43","guid":{"rendered":"https:\/\/e.kosmolat.eu\/product\/bd-gomazas-pilings-sejas-adai-matcha-75-ml\/"},"modified":"2026-04-22T08:31:37","modified_gmt":"2026-04-22T08:31:37","slug":"bd-gomazas-pilings-sejas-adai-matcha-75-ml","status":"publish","type":"product","link":"https:\/\/e.kosmolat.eu\/lt\/produktas\/bd-gomazas-pilings-sejas-adai-matcha-75-ml\/","title":{"rendered":"BEAUTYDERM Goma\u017eas\u2013pilingas veidui MATCHA, 75 ml"},"content":{"rendered":"<p>Maitina ir \u0161velniai valo net jautri\u0105 od\u0105, skatina epidermio atsinaujinim\u0105. Nat\u016bral\u016bs matcha arbatos ir avokado ekstraktai suteikia stangrumo ir elastingumo, ramina veido od\u0105. Gomm\u017eas &nbsp;tinka bet kokio tipo odai, nes gaminio sud\u0117tyje esanti bambuko pudra \u0161velniai poliruoja ir valo odos pavir\u0161i\u0173 be a\u0161tri\u0173 mechanini\u0173 veiksm\u0173.<br \/>\n<strong>Veikliosios med\u017eiagos:<\/strong><br \/>\nMatcha arbatos ekstraktas &ndash; tonizuoja od\u0105, skatina med\u017eiag\u0173 apykait\u0105 ir gerina odos barjerines funkcijas.<br \/>\nAvokad\u0173 ekstraktas yra stiprus antioksidantas, pasi\u017eymintis intensyviu dr\u0117kinamuoju ir regeneruojan\u010diu poveikiu.<br \/>\nBambuko pudra &ndash; giliai i\u0161valo poras ir \u0161velniai nu\u0161vei\u010dia negyvas odos l\u0105steles, pagerindama veido spalv\u0105.<br \/>\n<strong>Naudojimas: <\/strong>U\u017etepkite priemon\u0119 &nbsp;ant dr\u0117gnos odos, lengvais sukamaisiais judesiais masa\u017euokite 1-2 minutes. Nuplaukite \u0161iltu vandeniu. Gommage tinka reguliariai naudoti 1-2 kartus per savait\u0119.<br \/>\nD\u0117mesio: prie\u0161 naudojant produkt\u0105 b\u016btina i\u0161bandyti ant nedidelio odos ploto. Jei pasirei\u0161kia alergin\u0117 reakcija, nustokite naudoti. Naudokite kaip nurodyta. Tik i\u0161oriniam naudojimui.<br \/>\n<strong>Kontraindikacijos: <\/strong>individualus netoleravimas produkto sudedamosioms dalims. Laikyti nuo +5&deg;C iki +25&deg;C ir 55-75% santykin\u0117je dr\u0117gm\u0117je, apsaugotoje nuo tiesiogini\u0173 saul\u0117s spinduli\u0173 vietoje, ma\u017eiausiai vieno metro atstumu nuo \u0161ilumos \u0161altini\u0173.<br \/>\n&nbsp;<\/p>\n","protected":false},"excerpt":{"rendered":"<p>Maitina ir \u0161velniai valo net jautri\u0105 od\u0105, skatina epidermio atsinaujinim\u0105. Nat\u016bral\u016bs matcha arbatos ir avokado ekstraktai suteikia stangrumo ir elastingumo, ramina veido od\u0105. Gomm\u017eas &nbsp;tinka bet kokio tipo odai, nes gaminio sud\u0117tyje esanti bambuko pudra \u0161velniai poliruoja ir valo odos pavir\u0161i\u0173 be a\u0161tri\u0173 mechanini\u0173 veiksm\u0173. Veikliosios med\u017eiagos: Matcha arbatos ekstraktas &ndash; tonizuoja od\u0105, skatina med\u017eiag\u0173 [&#8230;]\n","protected":false},"featured_media":87022,"template":"","meta":[],"product_cat":[2181],"product_tag":[],"class_list":{"0":"post-37666","1":"product","2":"type-product","3":"status-publish","4":"has-post-thumbnail","6":"product_brand-naturpro_ua-lt","7":"product_cat-bez-kategorijas-lt","9":"first","10":"instock","11":"taxable","12":"shipping-taxable","13":"product-type-simple"},"_links":{"self":[{"href":"https:\/\/e.kosmolat.eu\/lt\/wp-json\/wp\/v2\/product\/37666","targetHints":{"allow":["GET"]}}],"collection":[{"href":"https:\/\/e.kosmolat.eu\/lt\/wp-json\/wp\/v2\/product"}],"about":[{"href":"https:\/\/e.kosmolat.eu\/lt\/wp-json\/wp\/v2\/types\/product"}],"wp:featuredmedia":[{"embeddable":true,"href":"https:\/\/e.kosmolat.eu\/lt\/wp-json\/wp\/v2\/media\/87022"}],"wp:attachment":[{"href":"https:\/\/e.kosmolat.eu\/lt\/wp-json\/wp\/v2\/media?parent=37666"}],"wp:term":[{"taxonomy":"product_cat","embeddable":true,"href":"https:\/\/e.kosmolat.eu\/lt\/wp-json\/wp\/v2\/product_cat?post=37666"},{"taxonomy":"product_tag","embeddable":true,"href":"https:\/\/e.kosmolat.eu\/lt\/wp-json\/wp\/v2\/product_tag?post=37666"}],"curies":[{"name":"wp","href":"https:\/\/api.w.org\/{rel}","templated":true}]}}