{"id":37662,"date":"2023-12-22T20:11:14","date_gmt":"2023-12-22T20:11:14","guid":{"rendered":"https:\/\/e.kosmolat.eu\/product\/bd-sejas-skrubis-ar-aprikozu-kaulinu-bromelain-75-ml\/"},"modified":"2026-04-09T06:09:49","modified_gmt":"2026-04-09T06:09:49","slug":"bd-sejas-skrubis-ar-aprikozu-kaulinu-bromelain-75-ml","status":"publish","type":"product","link":"https:\/\/e.kosmolat.eu\/lt\/produktas\/bd-sejas-skrubis-ar-aprikozu-kaulinu-bromelain-75-ml\/","title":{"rendered":"BEAUTYDERM Veido \u0161veitiklis su abrikos\u0173 kauliukais BROMELAIN, 75 ml"},"content":{"rendered":"<p>Sukurta \u0161velniai nuvalyti jautri\u0105 veido od\u0105 ir nu\u0161veisti negyvas epidermio l\u0105steles.<br \/>\n<strong>Veikliosios med\u017eiagos:<\/strong><br \/>\nBromelainas &ndash; ananas\u0173 ekstraktas, \u0161velniai valo jautri\u0105 od\u0105 ir skatina jos atsinaujinim\u0105.<br \/>\nAbrikos\u0173 kauliukai &ndash; \u0161velniai valo od\u0105 nuo negyv\u0173 epidermio l\u0105steli\u0173 ir pagerina veido spalv\u0105.<br \/>\nAlantoinas &ndash; prisideda prie greito odos l\u0105steli\u0173 atstatymo.<br \/>\n<strong>Naudojimas: <\/strong>tepkite ant dr\u0117gno veido, masa\u017euokite ir nuplaukite vandeniu.<br \/>\nD\u0117mesio: prie\u0161 naudojant produkt\u0105 b\u016btina i\u0161bandyti ant nedidelio odos ploto. Jei pasirei\u0161kia alergin\u0117 reakcija, nustokite naudoti. Naudokite kaip nurodyta. Tik i\u0161oriniam naudojimui.<br \/>\n<strong>Kontraindikacijos:<\/strong> individualus netoleravimas produkto sudedamosioms dalims. Laikyti nuo +5&deg;C iki +25&deg;C ir 55-75% santykin\u0117je dr\u0117gm\u0117je, apsaugotoje nuo tiesiogini\u0173 saul\u0117s spinduli\u0173 vietoje, ma\u017eiausiai vieno metro atstumu nuo \u0161ilumos \u0161altini\u0173.<br \/>\n&nbsp;<\/p>\n","protected":false},"excerpt":{"rendered":"<p>Sukurta \u0161velniai nuvalyti jautri\u0105 veido od\u0105 ir nu\u0161veisti negyvas epidermio l\u0105steles. Veikliosios med\u017eiagos: Bromelainas &ndash; ananas\u0173 ekstraktas, \u0161velniai valo jautri\u0105 od\u0105 ir skatina jos atsinaujinim\u0105. Abrikos\u0173 kauliukai &ndash; \u0161velniai valo od\u0105 nuo negyv\u0173 epidermio l\u0105steli\u0173 ir pagerina veido spalv\u0105. Alantoinas &ndash; prisideda prie greito odos l\u0105steli\u0173 atstatymo. Naudojimas: tepkite ant dr\u0117gno veido, masa\u017euokite ir nuplaukite [&#8230;]\n","protected":false},"featured_media":87018,"template":"","meta":[],"product_cat":[2181],"product_tag":[],"class_list":{"0":"post-37662","1":"product","2":"type-product","3":"status-publish","4":"has-post-thumbnail","6":"product_brand-naturpro_ua-lt","7":"product_cat-bez-kategorijas-lt","9":"first","10":"instock","11":"taxable","12":"shipping-taxable","13":"product-type-simple"},"_links":{"self":[{"href":"https:\/\/e.kosmolat.eu\/lt\/wp-json\/wp\/v2\/product\/37662","targetHints":{"allow":["GET"]}}],"collection":[{"href":"https:\/\/e.kosmolat.eu\/lt\/wp-json\/wp\/v2\/product"}],"about":[{"href":"https:\/\/e.kosmolat.eu\/lt\/wp-json\/wp\/v2\/types\/product"}],"wp:featuredmedia":[{"embeddable":true,"href":"https:\/\/e.kosmolat.eu\/lt\/wp-json\/wp\/v2\/media\/87018"}],"wp:attachment":[{"href":"https:\/\/e.kosmolat.eu\/lt\/wp-json\/wp\/v2\/media?parent=37662"}],"wp:term":[{"taxonomy":"product_cat","embeddable":true,"href":"https:\/\/e.kosmolat.eu\/lt\/wp-json\/wp\/v2\/product_cat?post=37662"},{"taxonomy":"product_tag","embeddable":true,"href":"https:\/\/e.kosmolat.eu\/lt\/wp-json\/wp\/v2\/product_tag?post=37662"}],"curies":[{"name":"wp","href":"https:\/\/api.w.org\/{rel}","templated":true}]}}