{"id":37658,"date":"2023-12-22T20:10:46","date_gmt":"2023-12-22T20:10:46","guid":{"rendered":"https:\/\/e.kosmolat.eu\/product\/ec-ultraattirosa-sejas-mazg-zel-ar-aktiveto-ogli-200-ml\/"},"modified":"2025-09-19T23:22:26","modified_gmt":"2025-09-19T23:22:26","slug":"i_ec-ultraattirosa-sejas-mazg-zel-ar-aktiveto-ogli-200-ml","status":"publish","type":"product","link":"https:\/\/e.kosmolat.eu\/lt\/produktas\/i_ec-ultraattirosa-sejas-mazg-zel-ar-aktiveto-ogli-200-ml\/","title":{"rendered":"I_ELEN COSMETICS aktyvuotos anglies ultra valomasis gelis, 200 ml"},"content":{"rendered":"<p>Vynuogi\u0173 kauliuk\u0173 aliejus<br \/>\nKamelij\u0173 ekstraktas<br \/>\nMedviln\u0117s ekstraktas<br \/>\nM\u0117lyn\u0173j\u0173 lotos\u0173 ekstraktas<\/p>\n<p>ELEN COSMETICS ULTRA-VALYMAS GELIS, SKIRTAS PLAUSIMUI AKTYVUOTA ANGLIS TM ELEN COSMETICS padeda giliai i\u0161valyti poras, taip pat padeda suma\u017einti riebal\u0173 susidarym\u0105, pa\u0161viesinti od\u0105,, gaivina, tonizuoja ir suteikia jai spindesio.<\/p>\n<p><strong>Naudojimas:<\/strong> u\u017etepkite gel\u012f ant veido odos, suputokite, nuplaukite \u0161iltu vandeniu. D\u0117mesio: prie\u0161 naudojim\u0105 gel\u012f b\u016btina i\u0161bandyti ant nedidelio odos ploto. Jei pasirei\u0161kia alergin\u0117 reakcija, nustokite naudoti. Tik i\u0161oriniam naudojimui. Patekus \u012f akis, gerai nuplauti dideliu kiekiu tekan\u010diu vandeniu.<\/p>\n<p><strong>Kontraindikacijos:<\/strong> individualus netoleravimas skalbimo gelio komponentams.<\/p>\n<p>Laikyti nuo +5&deg;C iki +25&deg;C ir 55-75% santykin\u0117je dr\u0117gm\u0117je, vietojeapsaugotoje nuo tiesiogini\u0173 saul\u0117s spinduli\u0173. Nelaikykite gaminio ar\u010diau kaip 1 m (m) atstumu nuo auk\u0161tos temperat\u016bros \u0161altini\u0173.<\/p>\n<p><strong>Tinkamumo laikas: <\/strong>36 m\u0117nesiai nuo pagaminimo datos. Atidarius sunaudoti per 12 m\u0117nesi\u0173.&nbsp;<\/p>\n","protected":false},"excerpt":{"rendered":"<p>Vynuogi\u0173 kauliuk\u0173 aliejus Kamelij\u0173 ekstraktas Medviln\u0117s ekstraktas M\u0117lyn\u0173j\u0173 lotos\u0173 ekstraktas ELEN COSMETICS ULTRA-VALYMAS GELIS, SKIRTAS PLAUSIMUI AKTYVUOTA ANGLIS TM ELEN COSMETICS padeda giliai i\u0161valyti poras, taip pat padeda suma\u017einti riebal\u0173 susidarym\u0105, pa\u0161viesinti od\u0105,, gaivina, tonizuoja ir suteikia jai spindesio. Naudojimas: u\u017etepkite gel\u012f ant veido odos, suputokite, nuplaukite \u0161iltu vandeniu. D\u0117mesio: prie\u0161 naudojim\u0105 gel\u012f b\u016btina i\u0161bandyti [&#8230;]\n","protected":false},"featured_media":87010,"template":"","meta":[],"product_cat":[1577],"product_tag":[],"class_list":{"0":"post-37658","1":"product","2":"type-product","3":"status-publish","4":"has-post-thumbnail","6":"product_brand-naturpro_ua-lt","7":"product_cat-gelis","9":"first","10":"outofstock","11":"taxable","12":"shipping-taxable","13":"product-type-simple"},"_links":{"self":[{"href":"https:\/\/e.kosmolat.eu\/lt\/wp-json\/wp\/v2\/product\/37658","targetHints":{"allow":["GET"]}}],"collection":[{"href":"https:\/\/e.kosmolat.eu\/lt\/wp-json\/wp\/v2\/product"}],"about":[{"href":"https:\/\/e.kosmolat.eu\/lt\/wp-json\/wp\/v2\/types\/product"}],"wp:featuredmedia":[{"embeddable":true,"href":"https:\/\/e.kosmolat.eu\/lt\/wp-json\/wp\/v2\/media\/87010"}],"wp:attachment":[{"href":"https:\/\/e.kosmolat.eu\/lt\/wp-json\/wp\/v2\/media?parent=37658"}],"wp:term":[{"taxonomy":"product_cat","embeddable":true,"href":"https:\/\/e.kosmolat.eu\/lt\/wp-json\/wp\/v2\/product_cat?post=37658"},{"taxonomy":"product_tag","embeddable":true,"href":"https:\/\/e.kosmolat.eu\/lt\/wp-json\/wp\/v2\/product_tag?post=37658"}],"curies":[{"name":"wp","href":"https:\/\/api.w.org\/{rel}","templated":true}]}}