{"id":37654,"date":"2023-12-22T20:10:26","date_gmt":"2023-12-22T20:10:26","guid":{"rendered":"https:\/\/e.kosmolat.eu\/product\/ec-toniks-pret-melniem-punktiem-taukainai-un-kombinetai-adai-200-ml\/"},"modified":"2026-05-08T18:25:12","modified_gmt":"2026-05-08T18:25:12","slug":"ec-toniks-pret-melniem-punktiem-taukainai-un-kombinetai-adai-200-ml","status":"publish","type":"product","link":"https:\/\/e.kosmolat.eu\/lt\/produktas\/ec-toniks-pret-melniem-punktiem-taukainai-un-kombinetai-adai-200-ml\/","title":{"rendered":"ELEN COSMETICS Tonikas prie\u0161  juodus ta\u0161kelius  riebiai ir kombinuotai odai, 200 ml"},"content":{"rendered":"<p>Tonikas nuo ink\u0161tir\u0173 riebiai ir mi\u0161riai odai praturtintas vertingu arbatmed\u017ei\u0173 aliejumi, kuris padeda naikinti spuogus. ir u\u017ekirsti keli\u0105 tolesniam j\u0173 plitimui. Salicilo r\u016bg\u0161tis ma\u017eina dirginim\u0105 ir reguliuoja riebalini\u0173 liauk\u0173 veikl\u0105. D\u0117l to oda atrodo gaivi ir atjaun\u0117jusi. Reguliarus produkto naudojimas prisid\u0117s prie odos glotnumo, grynumo, gaivumo, \u0161velnumo, gro\u017eio ir sveikos i\u0161vaizdos gr\u0105\u017einimo, suteiks jai matin\u012f pavir\u0161i\u0173.<br \/>\n<strong>Naudojimas<\/strong><br \/>\nSudr\u0117kinkite kempin\u0119 ar vatos diskel\u012f toniku, kelis kartus nuvalykite veid\u0105 i\u0161ilgai masa\u017eo linij\u0173. Po makia\u017eo pa\u0161alinimo naudokite tonik\u0105, kad u\u017ebaigtum\u0117te valymo proces\u0105 ir pasiruo\u0161tum\u0117te kremo tepimui Arba naudokite kaip atskir\u0105 veido prausikl\u012f &nbsp;ir dr\u0117kikl\u012f rytais. Po proced\u016bros nuplaukite vandeniu. Atsargumo priemon\u0117s: Prie\u0161 naudojim\u0105 produkt\u0105 reikia i\u0161bandyti ant nedidelio odos ploto. Jei pasirei\u0161kia alergin\u0117 reakcija, nustokite vartoti produkt\u0105.<br \/>\n&nbsp;<\/p>\n","protected":false},"excerpt":{"rendered":"<p>Tonikas nuo ink\u0161tir\u0173 riebiai ir mi\u0161riai odai praturtintas vertingu arbatmed\u017ei\u0173 aliejumi, kuris padeda naikinti spuogus. ir u\u017ekirsti keli\u0105 tolesniam j\u0173 plitimui. Salicilo r\u016bg\u0161tis ma\u017eina dirginim\u0105 ir reguliuoja riebalini\u0173 liauk\u0173 veikl\u0105. D\u0117l to oda atrodo gaivi ir atjaun\u0117jusi. Reguliarus produkto naudojimas prisid\u0117s prie odos glotnumo, grynumo, gaivumo, \u0161velnumo, gro\u017eio ir sveikos i\u0161vaizdos gr\u0105\u017einimo, suteiks jai matin\u012f [&#8230;]\n","protected":false},"featured_media":87006,"template":"","meta":[],"product_cat":[1580],"product_tag":[],"class_list":{"0":"post-37654","1":"product","2":"type-product","3":"status-publish","4":"has-post-thumbnail","6":"product_brand-naturpro_ua-lt","7":"product_cat-losjonai-ir-tonikai","9":"first","10":"instock","11":"taxable","12":"shipping-taxable","13":"product-type-simple"},"_links":{"self":[{"href":"https:\/\/e.kosmolat.eu\/lt\/wp-json\/wp\/v2\/product\/37654","targetHints":{"allow":["GET"]}}],"collection":[{"href":"https:\/\/e.kosmolat.eu\/lt\/wp-json\/wp\/v2\/product"}],"about":[{"href":"https:\/\/e.kosmolat.eu\/lt\/wp-json\/wp\/v2\/types\/product"}],"wp:featuredmedia":[{"embeddable":true,"href":"https:\/\/e.kosmolat.eu\/lt\/wp-json\/wp\/v2\/media\/87006"}],"wp:attachment":[{"href":"https:\/\/e.kosmolat.eu\/lt\/wp-json\/wp\/v2\/media?parent=37654"}],"wp:term":[{"taxonomy":"product_cat","embeddable":true,"href":"https:\/\/e.kosmolat.eu\/lt\/wp-json\/wp\/v2\/product_cat?post=37654"},{"taxonomy":"product_tag","embeddable":true,"href":"https:\/\/e.kosmolat.eu\/lt\/wp-json\/wp\/v2\/product_tag?post=37654"}],"curies":[{"name":"wp","href":"https:\/\/api.w.org\/{rel}","templated":true}]}}