{"id":37650,"date":"2023-12-22T20:10:00","date_gmt":"2023-12-22T20:10:00","guid":{"rendered":"https:\/\/e.kosmolat.eu\/product\/ec-mitrinoss-toniks-sausai-un-jutigai-sejas-adai-200-ml\/"},"modified":"2026-04-09T14:56:55","modified_gmt":"2026-04-09T14:56:55","slug":"ec-mitrinoss-toniks-sausai-un-jutigai-sejas-adai-200-ml","status":"publish","type":"product","link":"https:\/\/e.kosmolat.eu\/lt\/produktas\/ec-mitrinoss-toniks-sausai-un-jutigai-sejas-adai-200-ml\/","title":{"rendered":"ELEN COSMETICS Dr\u0117kinantis tonikas sausai ir jautriai veido odai, 200 ml"},"content":{"rendered":"<p>Toniko formul\u0117 praturtinta vertingais ingredientais, kurie efektyviai dr\u0117kina ir maitina epiderm\u012f. Produkto sud\u0117tyje n\u0117ra alkoholio, tod\u0117l oda yra apsaugota nuo i&scaron;saus\u0117jimo, lupimosi ir alergini\u0173 reakcij\u0173. D\u0117l migdol\u0173 aliejaus Aqua Control tonikas suma\u017eina dr\u0117gm\u0117s praradim\u0105, pagerina odos tonus\u0105 ir spalv\u0105. &Scaron;alavij\u0173 ekstraktas dr\u0117kina ir regeneruoja od\u0105 l\u0105steli\u0173 lygmeniu, tod\u0117l suteikia veidui nepriekai&scaron;ting\u0105 i&scaron;vaizd\u0105.<\/p>\n<p><strong>Naudojimas: <\/strong>sudr\u0117kinkite kempin\u0119 ar vatos diskel\u012f toniku, kelis kartus nuvalykite veid\u0105 i&scaron;ilgai masa\u017eo linij\u0173. Po makia\u017eo pa&scaron;alinimo naudokite tonik\u0105, kad u\u017ebaigtum\u0117te valymo proces\u0105 ir pasiruo&scaron;tum\u0117te kremo tepimui Arba naudokite kaip atskir\u0105 veido prausikl\u012f &nbsp;ir dr\u0117kikl\u012f rytais. Po proced\u016bros nuplaukite vandeniu.<\/p>\n<p><strong>Atsargumo priemon\u0117s: <\/strong>Prie&scaron; naudojim\u0105 produkt\u0105 reikia i&scaron;bandyti ant nedidelio odos ploto. Jei pasirei&scaron;kia alergin\u0117 reakcija, nustokite vartoti produkt\u0105.<br \/>\n&nbsp;<\/p>\n","protected":false},"excerpt":{"rendered":"<p>Toniko formul\u0117 praturtinta vertingais ingredientais, kurie efektyviai dr\u0117kina ir maitina epiderm\u012f. Produkto sud\u0117tyje n\u0117ra alkoholio, tod\u0117l oda yra apsaugota nuo i&scaron;saus\u0117jimo, lupimosi ir alergini\u0173 reakcij\u0173. D\u0117l migdol\u0173 aliejaus Aqua Control tonikas suma\u017eina dr\u0117gm\u0117s praradim\u0105, pagerina odos tonus\u0105 ir spalv\u0105. &Scaron;alavij\u0173 ekstraktas dr\u0117kina ir regeneruoja od\u0105 l\u0105steli\u0173 lygmeniu, tod\u0117l suteikia veidui nepriekai&scaron;ting\u0105 i&scaron;vaizd\u0105. Naudojimas: sudr\u0117kinkite kempin\u0119 [&#8230;]\n","protected":false},"featured_media":87002,"template":"","meta":[],"product_cat":[2181],"product_tag":[],"class_list":{"0":"post-37650","1":"product","2":"type-product","3":"status-publish","4":"has-post-thumbnail","6":"product_brand-naturpro_ua-lt","7":"product_cat-bez-kategorijas-lt","9":"first","10":"instock","11":"taxable","12":"shipping-taxable","13":"product-type-simple"},"_links":{"self":[{"href":"https:\/\/e.kosmolat.eu\/lt\/wp-json\/wp\/v2\/product\/37650","targetHints":{"allow":["GET"]}}],"collection":[{"href":"https:\/\/e.kosmolat.eu\/lt\/wp-json\/wp\/v2\/product"}],"about":[{"href":"https:\/\/e.kosmolat.eu\/lt\/wp-json\/wp\/v2\/types\/product"}],"wp:featuredmedia":[{"embeddable":true,"href":"https:\/\/e.kosmolat.eu\/lt\/wp-json\/wp\/v2\/media\/87002"}],"wp:attachment":[{"href":"https:\/\/e.kosmolat.eu\/lt\/wp-json\/wp\/v2\/media?parent=37650"}],"wp:term":[{"taxonomy":"product_cat","embeddable":true,"href":"https:\/\/e.kosmolat.eu\/lt\/wp-json\/wp\/v2\/product_cat?post=37650"},{"taxonomy":"product_tag","embeddable":true,"href":"https:\/\/e.kosmolat.eu\/lt\/wp-json\/wp\/v2\/product_tag?post=37650"}],"curies":[{"name":"wp","href":"https:\/\/api.w.org\/{rel}","templated":true}]}}