{"id":37646,"date":"2023-12-22T20:09:36","date_gmt":"2023-12-22T20:09:36","guid":{"rendered":"https:\/\/e.kosmolat.eu\/product\/ec-micelarais-udens-sensitive-care-5-in-1-500-ml\/"},"modified":"2026-04-24T05:31:35","modified_gmt":"2026-04-24T05:31:35","slug":"ec-micelarais-udens-sensitive-care-5-in-1-500-ml","status":"publish","type":"product","link":"https:\/\/e.kosmolat.eu\/lt\/produktas\/ec-micelarais-udens-sensitive-care-5-in-1-500-ml\/","title":{"rendered":"ELEN COSMETICS Micelinis vanduo Sensitive Care 5 in 1, 500 ml"},"content":{"rendered":"<p>Valo, dr\u0117kina, regeneruoja ir ramina od\u0105. Novatori\u0161ka micelinio vandens formul\u0117 praturtinta nat\u016braliomis veikliosiomis med\u017eiagomis ir ekstraktais, kurie teigiamai veikia epiderm\u012f. Alavij\u0173 ekstraktas pasi\u017eymi raminamuoju ir prie\u0161u\u017edegiminiu poveikiu, ramun\u0117l\u0117s padeda apsaugoti od\u0105 nuo ultravioletini\u0173 spinduli\u0173, o azulenas padeda pa\u0161alinti dirginim\u0105, b\u0117rimus ir paraudim\u0105. Vitamin\u0173 B5 ir E kompleksas skatina l\u0105steli\u0173 atsinaujinim\u0105, mikro\u012ftr\u016bkim\u0173 gijim\u0105, taip pat didina odos atsparum\u0105 agresyviai chemini\u0173 element\u0173 \u012ftakai. Micelinis vanduo ilgai dr\u0117kina epiderm\u012f, suteikia odai gaivumo ir gro\u017eio.<br \/>\n<strong>Naudojimas:<\/strong> U\u017etepkite ant vatos diskelio ir \u0161velniai nuvalykite veido, l\u016bp\u0173 ir aki\u0173 od\u0105 masa\u017eo linij\u0173 kryptimi. Jei reikia, pakartokite proced\u016br\u0105. Po apdorojimo nuplauti vandeniu Tik i\u0161oriniam naudojimui.<br \/>\n<strong>Kontraindikacijos:<\/strong> individualus komponent\u0173 netoleravimas.<br \/>\n<strong>Atsargumo priemon\u0117s:<\/strong> Prie\u0161 naudojim\u0105 produkt\u0105 reikia i\u0161bandyti ant nedidelio odos ploto. Jei pasirei\u0161kia alergin\u0117 reakcija, nustokite vartoti produkt\u0105.<br \/>\n&nbsp;<\/p>\n","protected":false},"excerpt":{"rendered":"<p>Valo, dr\u0117kina, regeneruoja ir ramina od\u0105. Novatori\u0161ka micelinio vandens formul\u0117 praturtinta nat\u016braliomis veikliosiomis med\u017eiagomis ir ekstraktais, kurie teigiamai veikia epiderm\u012f. Alavij\u0173 ekstraktas pasi\u017eymi raminamuoju ir prie\u0161u\u017edegiminiu poveikiu, ramun\u0117l\u0117s padeda apsaugoti od\u0105 nuo ultravioletini\u0173 spinduli\u0173, o azulenas padeda pa\u0161alinti dirginim\u0105, b\u0117rimus ir paraudim\u0105. Vitamin\u0173 B5 ir E kompleksas skatina l\u0105steli\u0173 atsinaujinim\u0105, mikro\u012ftr\u016bkim\u0173 gijim\u0105, taip pat didina [&#8230;]\n","protected":false},"featured_media":86998,"template":"","meta":[],"product_cat":[1570],"product_tag":[],"class_list":{"0":"post-37646","1":"product","2":"type-product","3":"status-publish","4":"has-post-thumbnail","6":"product_brand-naturpro_ua-lt","7":"product_cat-micelinis-vanduo","9":"first","10":"instock","11":"taxable","12":"shipping-taxable","13":"product-type-simple"},"_links":{"self":[{"href":"https:\/\/e.kosmolat.eu\/lt\/wp-json\/wp\/v2\/product\/37646","targetHints":{"allow":["GET"]}}],"collection":[{"href":"https:\/\/e.kosmolat.eu\/lt\/wp-json\/wp\/v2\/product"}],"about":[{"href":"https:\/\/e.kosmolat.eu\/lt\/wp-json\/wp\/v2\/types\/product"}],"wp:featuredmedia":[{"embeddable":true,"href":"https:\/\/e.kosmolat.eu\/lt\/wp-json\/wp\/v2\/media\/86998"}],"wp:attachment":[{"href":"https:\/\/e.kosmolat.eu\/lt\/wp-json\/wp\/v2\/media?parent=37646"}],"wp:term":[{"taxonomy":"product_cat","embeddable":true,"href":"https:\/\/e.kosmolat.eu\/lt\/wp-json\/wp\/v2\/product_cat?post=37646"},{"taxonomy":"product_tag","embeddable":true,"href":"https:\/\/e.kosmolat.eu\/lt\/wp-json\/wp\/v2\/product_tag?post=37646"}],"curies":[{"name":"wp","href":"https:\/\/api.w.org\/{rel}","templated":true}]}}