{"id":37642,"date":"2023-12-22T20:09:08","date_gmt":"2023-12-22T20:09:08","guid":{"rendered":"https:\/\/e.kosmolat.eu\/product\/ec-micelarais-udens-total-care-5-in-1-500-ml\/"},"modified":"2026-04-21T11:59:19","modified_gmt":"2026-04-21T11:59:19","slug":"ec-micelarais-udens-total-care-5-in-1-500-ml","status":"publish","type":"product","link":"https:\/\/e.kosmolat.eu\/lt\/produktas\/ec-micelarais-udens-total-care-5-in-1-500-ml\/","title":{"rendered":"ELEN COSMETICS Micelinis vanduo Total Care 5 in 1, 500 ml"},"content":{"rendered":"<p>&Scaron;io gro\u017eio produkto sud\u0117tyje yra nauding\u0173 vitamin\u0173 (B5 ir E), kurie prisideda prie epidermio regeneracijos ir &nbsp;mikro\u012ftr\u016bkim\u0173 gijimo, komplekso. Micelinio vandens formul\u0117 praturtinta \u017ealiosios arbatos ir arnik\u0173 ekstraktais, kurie efektyviai tonizuoja od\u0105, mal\u0161ina u\u017edegimus, suteikia veidui gaivumo ir tolygaus atspalvio. Elen Cosmetics Total Care 5in1 pasi\u017eymi jauninan\u010diu ir antibakteriniu poveikiu odai, kuris neabejotinai patiks kiekvienai moteriai.<br \/>\n<strong>Naudojimas:<\/strong> U\u017etepkite ant vatos diskelio ir \u0161velniai nuvalykite veido, l\u016bp\u0173 ir aki\u0173 od\u0105 masa\u017eo linij\u0173 kryptimi. Jei reikia, pakartokite proced\u016br\u0105. Po apdorojimo nuplauti vandeniu Tik i\u0161oriniam naudojimui.<br \/>\n<strong>Kontraindikacijos:<\/strong> individualus komponent\u0173 netoleravimas.<br \/>\nAtsargumo priemon\u0117s: Prie\u0161 naudojim\u0105 produkt\u0105 reikia i\u0161bandyti ant nedidelio odos ploto. Jei pasirei\u0161kia alergin\u0117 reakcija, nustokite vartoti produkt\u0105.<br \/>\n&nbsp;<\/p>\n","protected":false},"excerpt":{"rendered":"<p>&Scaron;io gro\u017eio produkto sud\u0117tyje yra nauding\u0173 vitamin\u0173 (B5 ir E), kurie prisideda prie epidermio regeneracijos ir &nbsp;mikro\u012ftr\u016bkim\u0173 gijimo, komplekso. Micelinio vandens formul\u0117 praturtinta \u017ealiosios arbatos ir arnik\u0173 ekstraktais, kurie efektyviai tonizuoja od\u0105, mal\u0161ina u\u017edegimus, suteikia veidui gaivumo ir tolygaus atspalvio. Elen Cosmetics Total Care 5in1 pasi\u017eymi jauninan\u010diu ir antibakteriniu poveikiu odai, kuris neabejotinai patiks kiekvienai [&#8230;]\n","protected":false},"featured_media":86994,"template":"","meta":[],"product_cat":[1570],"product_tag":[],"class_list":{"0":"post-37642","1":"product","2":"type-product","3":"status-publish","4":"has-post-thumbnail","6":"product_brand-naturpro_ua-lt","7":"product_cat-micelinis-vanduo","9":"first","10":"outofstock","11":"taxable","12":"shipping-taxable","13":"product-type-simple"},"_links":{"self":[{"href":"https:\/\/e.kosmolat.eu\/lt\/wp-json\/wp\/v2\/product\/37642","targetHints":{"allow":["GET"]}}],"collection":[{"href":"https:\/\/e.kosmolat.eu\/lt\/wp-json\/wp\/v2\/product"}],"about":[{"href":"https:\/\/e.kosmolat.eu\/lt\/wp-json\/wp\/v2\/types\/product"}],"wp:featuredmedia":[{"embeddable":true,"href":"https:\/\/e.kosmolat.eu\/lt\/wp-json\/wp\/v2\/media\/86994"}],"wp:attachment":[{"href":"https:\/\/e.kosmolat.eu\/lt\/wp-json\/wp\/v2\/media?parent=37642"}],"wp:term":[{"taxonomy":"product_cat","embeddable":true,"href":"https:\/\/e.kosmolat.eu\/lt\/wp-json\/wp\/v2\/product_cat?post=37642"},{"taxonomy":"product_tag","embeddable":true,"href":"https:\/\/e.kosmolat.eu\/lt\/wp-json\/wp\/v2\/product_tag?post=37642"}],"curies":[{"name":"wp","href":"https:\/\/api.w.org\/{rel}","templated":true}]}}