{"id":37634,"date":"2023-12-22T20:08:12","date_gmt":"2023-12-22T20:08:12","guid":{"rendered":"https:\/\/e.kosmolat.eu\/product\/i_bd-zeleja-koncentrats-sejai-ar-aloe-vera-30-ml\/"},"modified":"2025-09-19T23:20:38","modified_gmt":"2025-09-19T23:20:38","slug":"i_bd-zeleja-koncentrats-sejai-ar-aloe-vera-30-ml","status":"publish","type":"product","link":"https:\/\/e.kosmolat.eu\/lt\/produktas\/i_bd-zeleja-koncentrats-sejai-ar-aloe-vera-30-ml\/","title":{"rendered":"I_BEAUTYDERM Gelis koncentratas veidui Aloe Vera, 30 ml"},"content":{"rendered":"<p>Dr\u0117kina ir suteikia odai spindesio, taip pat padeda i\u0161vengti su am\u017eiumi susijusi\u0173 poky\u010di\u0173.<br \/>\n<strong>Aktyv\u016bs ingredientai:<\/strong><br \/>\n&#8211; Alavij\u0173 ekstraktas<br \/>\n&#8211; Vitaminas E<br \/>\n<strong>Naudojimas:<\/strong> tepkite kelis la\u0161us gelio du kartus per dien\u0105 ant \u0161varios ir sudr\u0117kintos veido, kaklo ir dekolt\u0117 odos. Jis gali b\u016bti naudojamas ant odos po akimis ir kaip makia\u017eo pagrindas. Palikite, kol visi\u0161kai \u012fsigers.<br \/>\nD\u0117mesio: prie\u0161 naudojant produkt\u0105 b\u016btina i\u0161bandyti ant nedidelio odos ploto. Jei pasirei\u0161kia alergin\u0117 reakcija, nustokite naudoti. Naudokite kaip nurodyta. Tik i\u0161oriniam naudojimui.<br \/>\n<strong>Kontraindikacijos: <\/strong>individualus netoleravimas produkto sudedamosioms dalims. Laikyti nuo +5&deg;C iki +25&deg;C ir 55-75% santykin\u0117je dr\u0117gm\u0117je, apsaugotoje nuo tiesiogini\u0173 saul\u0117s spinduli\u0173 vietoje, ma\u017eiausiai vieno metro atstumu nuo \u0161ilumos \u0161altini\u0173.<br \/>\n&nbsp;<\/p>\n","protected":false},"excerpt":{"rendered":"<p>Dr\u0117kina ir suteikia odai spindesio, taip pat padeda i\u0161vengti su am\u017eiumi susijusi\u0173 poky\u010di\u0173. Aktyv\u016bs ingredientai: &#8211; Alavij\u0173 ekstraktas &#8211; Vitaminas E Naudojimas: tepkite kelis la\u0161us gelio du kartus per dien\u0105 ant \u0161varios ir sudr\u0117kintos veido, kaklo ir dekolt\u0117 odos. Jis gali b\u016bti naudojamas ant odos po akimis ir kaip makia\u017eo pagrindas. Palikite, kol visi\u0161kai \u012fsigers. [&#8230;]\n","protected":false},"featured_media":86986,"template":"","meta":[],"product_cat":[1327],"product_tag":[],"class_list":{"0":"post-37634","1":"product","2":"type-product","3":"status-publish","4":"has-post-thumbnail","6":"product_brand-naturpro_ua-lt","7":"product_cat-serumai","9":"first","10":"outofstock","11":"taxable","12":"shipping-taxable","13":"product-type-simple"},"_links":{"self":[{"href":"https:\/\/e.kosmolat.eu\/lt\/wp-json\/wp\/v2\/product\/37634","targetHints":{"allow":["GET"]}}],"collection":[{"href":"https:\/\/e.kosmolat.eu\/lt\/wp-json\/wp\/v2\/product"}],"about":[{"href":"https:\/\/e.kosmolat.eu\/lt\/wp-json\/wp\/v2\/types\/product"}],"wp:featuredmedia":[{"embeddable":true,"href":"https:\/\/e.kosmolat.eu\/lt\/wp-json\/wp\/v2\/media\/86986"}],"wp:attachment":[{"href":"https:\/\/e.kosmolat.eu\/lt\/wp-json\/wp\/v2\/media?parent=37634"}],"wp:term":[{"taxonomy":"product_cat","embeddable":true,"href":"https:\/\/e.kosmolat.eu\/lt\/wp-json\/wp\/v2\/product_cat?post=37634"},{"taxonomy":"product_tag","embeddable":true,"href":"https:\/\/e.kosmolat.eu\/lt\/wp-json\/wp\/v2\/product_tag?post=37634"}],"curies":[{"name":"wp","href":"https:\/\/api.w.org\/{rel}","templated":true}]}}