{"id":37630,"date":"2023-12-22T20:07:41","date_gmt":"2023-12-22T20:07:41","guid":{"rendered":"https:\/\/e.kosmolat.eu\/product\/bd-zeleja-koncentrats-sejai-ar-hialuronskabi-un-kolagenu-30-ml\/"},"modified":"2025-09-19T23:20:23","modified_gmt":"2025-09-19T23:20:23","slug":"bd-zeleja-koncentrats-sejai-ar-hialuronskabi-un-kolagenu-30-ml","status":"publish","type":"product","link":"https:\/\/e.kosmolat.eu\/lt\/produktas\/bd-zeleja-koncentrats-sejai-ar-hialuronskabi-un-kolagenu-30-ml\/","title":{"rendered":"BEAUTYDERM Gelis koncentratas veidui su hialurono r\u016bg\u0161timi ir kolagenu, 30 ml"},"content":{"rendered":"<p>Padeda padidinti odos dr\u0117gm\u0117s &nbsp;lyg\u012f, jos elastingum\u0105 ir glotnum\u0105, taip pat suma\u017einti mimikos rauk\u0161les ir paraudimus.<br \/>\n<strong>Aktyv\u016bs ingredientai:<\/strong><br \/>\n&#8211; Hidrolizuotas kolagenas<br \/>\n&#8211; Hialurono r\u016bg\u0161tis<br \/>\n<strong>Naudojimas:<\/strong> kelis la\u0161us gelio du kartus per dien\u0105 tepkite ant \u0161varios ir sudr\u0117kintos veido, kaklo ir dekolt\u0117 odos. Galima naudoti ant odos paaki\u0173 srityse ir kaip makia\u017eo pagrind\u0105. Palikite, kol visi\u0161kai \u012fsigers.<br \/>\nD\u0117mesio: prie\u0161 naudojant produkt\u0105 b\u016btina i\u0161bandyti ant nedidelio odos ploto. Jei pasirei\u0161kia alergin\u0117 reakcija, nustokite naudoti. Naudokite kaip nurodyta. Tik i\u0161oriniam naudojimui.<br \/>\n<strong>Kontraindikacijos:<\/strong> individualus netoleravimas produkto sudedamosioms dalims. Laikyti nuo +5&deg;C iki +25&deg;C ir 55-75% santykin\u0117je dr\u0117gm\u0117je, apsaugotoje nuo tiesiogini\u0173 saul\u0117s spinduli\u0173 vietoje, ma\u017eiausiai vieno metro atstumu nuo \u0161ilumos \u0161altini\u0173.<br \/>\n&nbsp;<\/p>\n","protected":false},"excerpt":{"rendered":"<p>Padeda padidinti odos dr\u0117gm\u0117s &nbsp;lyg\u012f, jos elastingum\u0105 ir glotnum\u0105, taip pat suma\u017einti mimikos rauk\u0161les ir paraudimus. Aktyv\u016bs ingredientai: &#8211; Hidrolizuotas kolagenas &#8211; Hialurono r\u016bg\u0161tis Naudojimas: kelis la\u0161us gelio du kartus per dien\u0105 tepkite ant \u0161varios ir sudr\u0117kintos veido, kaklo ir dekolt\u0117 odos. Galima naudoti ant odos paaki\u0173 srityse ir kaip makia\u017eo pagrind\u0105. Palikite, kol visi\u0161kai [&#8230;]\n","protected":false},"featured_media":86982,"template":"","meta":[],"product_cat":[1327],"product_tag":[],"class_list":{"0":"post-37630","1":"product","2":"type-product","3":"status-publish","4":"has-post-thumbnail","6":"product_brand-naturpro_ua-lt","7":"product_cat-serumai","9":"first","10":"outofstock","11":"taxable","12":"shipping-taxable","13":"product-type-simple"},"_links":{"self":[{"href":"https:\/\/e.kosmolat.eu\/lt\/wp-json\/wp\/v2\/product\/37630","targetHints":{"allow":["GET"]}}],"collection":[{"href":"https:\/\/e.kosmolat.eu\/lt\/wp-json\/wp\/v2\/product"}],"about":[{"href":"https:\/\/e.kosmolat.eu\/lt\/wp-json\/wp\/v2\/types\/product"}],"wp:featuredmedia":[{"embeddable":true,"href":"https:\/\/e.kosmolat.eu\/lt\/wp-json\/wp\/v2\/media\/86982"}],"wp:attachment":[{"href":"https:\/\/e.kosmolat.eu\/lt\/wp-json\/wp\/v2\/media?parent=37630"}],"wp:term":[{"taxonomy":"product_cat","embeddable":true,"href":"https:\/\/e.kosmolat.eu\/lt\/wp-json\/wp\/v2\/product_cat?post=37630"},{"taxonomy":"product_tag","embeddable":true,"href":"https:\/\/e.kosmolat.eu\/lt\/wp-json\/wp\/v2\/product_tag?post=37630"}],"curies":[{"name":"wp","href":"https:\/\/api.w.org\/{rel}","templated":true}]}}