{"id":37626,"date":"2023-12-22T20:07:11","date_gmt":"2023-12-22T20:07:11","guid":{"rendered":"https:\/\/e.kosmolat.eu\/product\/i_bd-serums-sejai-intensiva-barosana-ar-vitaminu-kompleksu-30-ml\/"},"modified":"2026-03-30T16:15:59","modified_gmt":"2026-03-30T16:15:59","slug":"i_bd-serums-sejai-intensiva-baros-ar-vitaminu-kompleksu-30-ml","status":"publish","type":"product","link":"https:\/\/e.kosmolat.eu\/lt\/produktas\/i_bd-serums-sejai-intensiva-baros-ar-vitaminu-kompleksu-30-ml\/","title":{"rendered":"I_BEAUTYDERM Serumas veidui Intensyvus maitinimas su vitamin\u0173 kompleksu, 30 ml"},"content":{"rendered":"<p>Intensyviai atkuria od\u0105 nuo prie&scaron;laikinio sen\u0117jimo padarini\u0173.<\/p>\n<p><strong>Beta Vulgaris <\/strong>(burok\u0117li\u0173) &scaron;akn\u0173 ekstraktas &ndash; bioaktyvus kompleksas, kuris yra gyvybin\u0117s energijos &scaron;altinis l\u0105stel\u0117ms, restrukt\u016brizuoja ir saugo od\u0105, taip pat atkuria ir aktyvina fermentus.<br \/>\n<strong>Vitaminai C ir E<\/strong> apsaugo nuo prie&scaron;laikinio sen\u0117jimo d\u0117l aplinkos sukeliam\u0173 oksidacini\u0173 proces\u0173.<br \/>\n<strong>Provitaminas B5<\/strong> &ndash; skatina mikro\u012ftr\u016bkim\u0173 gijim\u0105 ir odos atsinaujinim\u0105.<\/p>\n<p><strong>Nuolat naudojant, produktas:<\/strong><br \/>\n&#8211; pagerins odos b\u016bkl\u0119, kuri prad\u0117jo aktyviai reik&scaron;ti su am\u017eiumi susijusius poky\u010dius;<br \/>\n&#8211; aktyvina l\u0105steli\u0173 regeneracijos proces\u0105;<br \/>\n&#8211; neleid\u017eia progresuoti sen\u0117jimo procesui.<\/p>\n<p><strong>Naudojimas:<\/strong> kelis la&scaron;us serumo du kartus per dien\u0105 tepkite ant &scaron;varios ir sudr\u0117kintos veido, kaklo ir dekolt\u0117 odos. Jis gali b\u016bti naudojamas ant odos po akimis ir kaip makia\u017eo pagrindas. Palikite, kol visi&scaron;kai \u012fsigers.<\/p>\n<p><strong>D\u0117mesio:<\/strong> prie&scaron; naudojim\u0105 serum\u0105 b\u016btina i&scaron;bandyti ant nedidelio odos ploto. Jei pasirei&scaron;kia alergin\u0117 reakcija, nustokite naudoti. Tik i&scaron;oriniam naudojimui. Patekus \u012f akis, gerai nuplauti dideliu kiekiu tekan\u010diu vandeniu.<\/p>\n<p><strong>Kontraindikacijos:<\/strong> individualus serumo komponent\u0173 netoleravimas. Laikyti nuo +5&deg;C iki +25&deg;C temperat\u016broje, kai santykin\u0117 oro dr\u0117gm\u0117 55-70%, apsaugota nuo tiesiogini\u0173 saul\u0117s spinduli\u0173, ma\u017eiausiai vieno metro atstumu nuo auk&scaron;tos temperat\u016bros &scaron;altini\u0173.<br \/>\n&nbsp;<\/p>\n","protected":false},"excerpt":{"rendered":"<p>Intensyviai atkuria od\u0105 nuo prie&scaron;laikinio sen\u0117jimo padarini\u0173. Beta Vulgaris (burok\u0117li\u0173) &scaron;akn\u0173 ekstraktas &ndash; bioaktyvus kompleksas, kuris yra gyvybin\u0117s energijos &scaron;altinis l\u0105stel\u0117ms, restrukt\u016brizuoja ir saugo od\u0105, taip pat atkuria ir aktyvina fermentus. Vitaminai C ir E apsaugo nuo prie&scaron;laikinio sen\u0117jimo d\u0117l aplinkos sukeliam\u0173 oksidacini\u0173 proces\u0173. Provitaminas B5 &ndash; skatina mikro\u012ftr\u016bkim\u0173 gijim\u0105 ir odos atsinaujinim\u0105. Nuolat naudojant, [&#8230;]\n","protected":false},"featured_media":86974,"template":"","meta":[],"product_cat":[1327],"product_tag":[],"class_list":{"0":"post-37626","1":"product","2":"type-product","3":"status-publish","4":"has-post-thumbnail","6":"product_brand-naturpro_ua-lt","7":"product_cat-serumai","9":"first","10":"outofstock","11":"taxable","12":"shipping-taxable","13":"product-type-simple"},"_links":{"self":[{"href":"https:\/\/e.kosmolat.eu\/lt\/wp-json\/wp\/v2\/product\/37626","targetHints":{"allow":["GET"]}}],"collection":[{"href":"https:\/\/e.kosmolat.eu\/lt\/wp-json\/wp\/v2\/product"}],"about":[{"href":"https:\/\/e.kosmolat.eu\/lt\/wp-json\/wp\/v2\/types\/product"}],"wp:featuredmedia":[{"embeddable":true,"href":"https:\/\/e.kosmolat.eu\/lt\/wp-json\/wp\/v2\/media\/86974"}],"wp:attachment":[{"href":"https:\/\/e.kosmolat.eu\/lt\/wp-json\/wp\/v2\/media?parent=37626"}],"wp:term":[{"taxonomy":"product_cat","embeddable":true,"href":"https:\/\/e.kosmolat.eu\/lt\/wp-json\/wp\/v2\/product_cat?post=37626"},{"taxonomy":"product_tag","embeddable":true,"href":"https:\/\/e.kosmolat.eu\/lt\/wp-json\/wp\/v2\/product_tag?post=37626"}],"curies":[{"name":"wp","href":"https:\/\/api.w.org\/{rel}","templated":true}]}}