{"id":37622,"date":"2023-12-22T20:06:41","date_gmt":"2023-12-22T20:06:41","guid":{"rendered":"https:\/\/e.kosmolat.eu\/product\/bd-serums-sejai-ipasi-mitrinoss-ar-hialuronskabi-30-ml\/"},"modified":"2026-03-21T06:55:16","modified_gmt":"2026-03-21T06:55:16","slug":"i_bd-serums-sejai-ipasi-mitrinoss-ar-hialuronskabi-30-ml","status":"publish","type":"product","link":"https:\/\/e.kosmolat.eu\/lt\/produktas\/i_bd-serums-sejai-ipasi-mitrinoss-ar-hialuronskabi-30-ml\/","title":{"rendered":"I_BEAUTYDERM Serumas veidui &#8220;Ekstra dr\u0117kinimas&#8221; su hialurono r\u016bg\u0161timi, 30 ml"},"content":{"rendered":"<p>Padeda padidinti odos dr\u0117gm\u0117s lyg\u012f, jos elastingum\u0105 ir glotnum\u0105, i\u0161lygina rauk\u0161les, taip pat gerina odos tekst\u016br\u0105.<br \/>\n<strong>Aktyv\u016bs ingredientai:<\/strong><br \/>\n&#8211; Hialurono r\u016bg\u0161tis<br \/>\n&#8211; Keramidai<br \/>\n&#8211; Kamelij\u0173 ekstraktas<br \/>\n<strong>Naudojimas:<\/strong> kelis la\u0161us serumo du kartus per dien\u0105 tepkite ant \u0161varios ir sudr\u0117kintos veido, kaklo ir dekolt\u0117 odos. Jis gali b\u016bti naudojamas ant odos po akimis ir kaip makia\u017eo pagrindas. Palikite, kol visi\u0161kai \u012fsigers.<br \/>\nD\u0117mesio: prie\u0161 naudojim\u0105 serum\u0105 b\u016btina i\u0161bandyti ant nedidelio odos ploto. Jei pasirei\u0161kia alergin\u0117 reakcija, nustokite naudoti. Tik i\u0161oriniam naudojimui. Patekus \u012f akis, gerai nuplauti dideliu kiekiu tekan\u010diu vandeniu.<br \/>\n<strong>Kontraindikacijos:<\/strong> individualus serumo komponent\u0173 netoleravimas. Laikyti nuo +5&deg;C iki +25&deg;C temperat\u016broje, kai santykin\u0117 oro dr\u0117gm\u0117 55-70%, apsaugota nuo tiesiogini\u0173 saul\u0117s spinduli\u0173, ma\u017eiausiai vieno metro atstumu nuo auk\u0161tos temperat\u016bros \u0161altini\u0173.<br \/>\n&nbsp;<\/p>\n","protected":false},"excerpt":{"rendered":"<p>Padeda padidinti odos dr\u0117gm\u0117s lyg\u012f, jos elastingum\u0105 ir glotnum\u0105, i\u0161lygina rauk\u0161les, taip pat gerina odos tekst\u016br\u0105. Aktyv\u016bs ingredientai: &#8211; Hialurono r\u016bg\u0161tis &#8211; Keramidai &#8211; Kamelij\u0173 ekstraktas Naudojimas: kelis la\u0161us serumo du kartus per dien\u0105 tepkite ant \u0161varios ir sudr\u0117kintos veido, kaklo ir dekolt\u0117 odos. Jis gali b\u016bti naudojamas ant odos po akimis ir kaip makia\u017eo [&#8230;]\n","protected":false},"featured_media":86970,"template":"","meta":[],"product_cat":[1327],"product_tag":[],"class_list":{"0":"post-37622","1":"product","2":"type-product","3":"status-publish","4":"has-post-thumbnail","6":"product_brand-naturpro_ua-lt","7":"product_cat-serumai","9":"first","10":"outofstock","11":"taxable","12":"shipping-taxable","13":"product-type-simple"},"_links":{"self":[{"href":"https:\/\/e.kosmolat.eu\/lt\/wp-json\/wp\/v2\/product\/37622","targetHints":{"allow":["GET"]}}],"collection":[{"href":"https:\/\/e.kosmolat.eu\/lt\/wp-json\/wp\/v2\/product"}],"about":[{"href":"https:\/\/e.kosmolat.eu\/lt\/wp-json\/wp\/v2\/types\/product"}],"wp:featuredmedia":[{"embeddable":true,"href":"https:\/\/e.kosmolat.eu\/lt\/wp-json\/wp\/v2\/media\/86970"}],"wp:attachment":[{"href":"https:\/\/e.kosmolat.eu\/lt\/wp-json\/wp\/v2\/media?parent=37622"}],"wp:term":[{"taxonomy":"product_cat","embeddable":true,"href":"https:\/\/e.kosmolat.eu\/lt\/wp-json\/wp\/v2\/product_cat?post=37622"},{"taxonomy":"product_tag","embeddable":true,"href":"https:\/\/e.kosmolat.eu\/lt\/wp-json\/wp\/v2\/product_tag?post=37622"}],"curies":[{"name":"wp","href":"https:\/\/api.w.org\/{rel}","templated":true}]}}