{"id":37618,"date":"2023-12-22T20:06:12","date_gmt":"2023-12-22T20:06:12","guid":{"rendered":"https:\/\/e.kosmolat.eu\/product\/bd-mitrinosa-auduma-maska-animal-seal-aqua-25-ml\/"},"modified":"2026-04-20T08:21:24","modified_gmt":"2026-04-20T08:21:24","slug":"bd-mitrinosa-auduma-maska-animal-seal-aqua-25-ml","status":"publish","type":"product","link":"https:\/\/e.kosmolat.eu\/lt\/produktas\/bd-mitrinosa-auduma-maska-animal-seal-aqua-25-ml\/","title":{"rendered":"BEAUTYDERM Animal Seal Aqua Dr\u0117kinamoji kauk\u0117, 25 ml"},"content":{"rendered":"<p>Dr\u0117kinamoji kauk\u0117 Animal Seal Aqua akimirksniu atkuria odos dr\u0117kinim\u0105 ir padeda i&scaron;laikyti dr\u0117gm\u0119 vir&scaron;utiniuose epidermio sluoksniuose.<\/p>\n<p><strong>Naudojimas<\/strong>: atidarykite pakuot\u0119 ir u\u017ed\u0117kitekite kauk\u0119 ant nuvalytos ir sausos veido odos, &scaron;velniai i&scaron;lygindami pir&scaron;t\u0173 galiukais. Po 10-15 minu\u010di\u0173 nuimkite kauk\u0119, likusi\u0105 emulsijos dal\u012f masa\u017einiais judesiais paskirstykite per od\u0105. Nenuplaukite.<\/p>\n<p><strong>D\u0117mesio: <\/strong>KAUK\u0116 SKIRTA VIENKARTINIAM NAUDOJIMUI!<br \/>\nRekomenduojama naudoti 1-2 kartus per savait\u0119. Prie&scaron; naudodami kauk\u0119 i&scaron;bandykite ant nedidelio odos ploto. Jei pasirei&scaron;kia alergin\u0117 reakcija, nustokite naudoti. Tik i&scaron;oriniam naudojimui. Kauk\u0119 rekomenduojama naudoti i&scaron;kart atidarius pakuot\u0119.<\/p>\n<p><strong>Kontraindikacijos:<\/strong> individualus netoleravimas kauk\u0117s komponentams<\/p>\n<p>Laikyti nuo +5&deg;C iki +25&deg;C ir 55-75% santykin\u0117je dr\u0117gm\u0117je, vietojeapsaugotoje nuo tiesiogini\u0173 saul\u0117s spinduli\u0173. Nelaikykite gaminio ar\u010diau kaip 1 m (m) atstumu nuo auk&scaron;tos temperat\u016bros &scaron;altini\u0173.<\/p>\n<p><strong>Tinkamumo laikas:<\/strong> 36 m\u0117nesiai nuo pagaminimo datos.<\/p>\n","protected":false},"excerpt":{"rendered":"<p>Dr\u0117kinamoji kauk\u0117 Animal Seal Aqua akimirksniu atkuria odos dr\u0117kinim\u0105 ir padeda i&scaron;laikyti dr\u0117gm\u0119 vir&scaron;utiniuose epidermio sluoksniuose. Naudojimas: atidarykite pakuot\u0119 ir u\u017ed\u0117kitekite kauk\u0119 ant nuvalytos ir sausos veido odos, &scaron;velniai i&scaron;lygindami pir&scaron;t\u0173 galiukais. Po 10-15 minu\u010di\u0173 nuimkite kauk\u0119, likusi\u0105 emulsijos dal\u012f masa\u017einiais judesiais paskirstykite per od\u0105. Nenuplaukite. D\u0117mesio: KAUK\u0116 SKIRTA VIENKARTINIAM NAUDOJIMUI! Rekomenduojama naudoti 1-2 kartus [&#8230;]\n","protected":false},"featured_media":86962,"template":"","meta":[],"product_cat":[1369],"product_tag":[],"class_list":{"0":"post-37618","1":"product","2":"type-product","3":"status-publish","4":"has-post-thumbnail","6":"product_brand-naturpro_ua-lt","7":"product_cat-veido-kaukes","9":"first","10":"instock","11":"taxable","12":"shipping-taxable","13":"product-type-simple"},"_links":{"self":[{"href":"https:\/\/e.kosmolat.eu\/lt\/wp-json\/wp\/v2\/product\/37618","targetHints":{"allow":["GET"]}}],"collection":[{"href":"https:\/\/e.kosmolat.eu\/lt\/wp-json\/wp\/v2\/product"}],"about":[{"href":"https:\/\/e.kosmolat.eu\/lt\/wp-json\/wp\/v2\/types\/product"}],"wp:featuredmedia":[{"embeddable":true,"href":"https:\/\/e.kosmolat.eu\/lt\/wp-json\/wp\/v2\/media\/86962"}],"wp:attachment":[{"href":"https:\/\/e.kosmolat.eu\/lt\/wp-json\/wp\/v2\/media?parent=37618"}],"wp:term":[{"taxonomy":"product_cat","embeddable":true,"href":"https:\/\/e.kosmolat.eu\/lt\/wp-json\/wp\/v2\/product_cat?post=37618"},{"taxonomy":"product_tag","embeddable":true,"href":"https:\/\/e.kosmolat.eu\/lt\/wp-json\/wp\/v2\/product_tag?post=37618"}],"curies":[{"name":"wp","href":"https:\/\/api.w.org\/{rel}","templated":true}]}}