{"id":37614,"date":"2023-12-22T20:05:39","date_gmt":"2023-12-22T20:05:39","guid":{"rendered":"https:\/\/e.kosmolat.eu\/product\/bd-attir-deguna-sloksnes-ar-bambusa-ogli-3-gab\/"},"modified":"2026-04-07T05:54:45","modified_gmt":"2026-04-07T05:54:45","slug":"bd-attir-deguna-sloksnes-ar-bambusa-ogli-3-gab","status":"publish","type":"product","link":"https:\/\/e.kosmolat.eu\/lt\/produktas\/bd-attir-deguna-sloksnes-ar-bambusa-ogli-3-gab\/","title":{"rendered":"BEAUTYDERM Bambuk\u0173 anglies valomosios nosies juostel\u0117s, 3 vnt."},"content":{"rendered":"<p>Veikliosios med\u017eiagos:<\/p>\n<ul>\n<li>Bambuk\u0173 anglis&nbsp;<\/li>\n<li>\u017daliosios arbatos ekstraktas&nbsp;<\/li>\n<li>Silicis&nbsp;<\/li>\n<\/ul>\n<p>Valymo juostel\u0117s nosiai su bambuk\u0173 anglimi TM BEAUTYDERM valo ir mink\u0161tina nosies od\u0105, padeda j\u0105 atkurti, tod\u0117l ji tampa \u0161velnesn\u0117 ir lygesn\u0117, taip pat siaurina poras.<\/p>\n<p><strong>Naudojimas:<\/strong>&nbsp;<\/p>\n<ol>\n<li>Sausomis rankomis nupl\u0117\u0161kite nuo juostel\u0117s permatom\u0105 pl\u0117vel\u0119.<\/li>\n<li>Tvirtai prispauskite juostel\u0119 lygiu pavir\u0161iumi prie nuvalytos ir dr\u0117gnos nosies odos.<\/li>\n<li>Palikite visi\u0161kai i\u0161d\u017ei\u016bti (15-20 minu\u010di\u0173).<\/li>\n<li>Nuimkite juostel\u0119 i\u0161 apa\u010dios \u012f vir\u0161\u0173, jei reikia, nuvalykite od\u0105 vandeniu.<\/li>\n<\/ol>\n<p><strong>Atsargiai: <\/strong>nenaudoti ant sudirgusios ar pa\u017eeistos odos. Naudokite tik pagal paskirt\u012f, tik nosiai. Prie\u0161 naudojim\u0105 i\u0161bandykite juosteles ant nedidelio odos ploto. Jei pasirei\u0161kia alergin\u0117 reakcija, nustokite vartoti. Tik i\u0161oriniam naudojimui. Juosteles rekomenduojama naudoti i\u0161kart atidarius atskir\u0105 pakuot\u0119. Patekus \u012f akis, gerai nuplauti dideliu kiekiu tekan\u010diu vandeniu.<\/p>\n<p><strong>Kontraindikacijos:<\/strong> individualus jautrumas vaisto sudedamosioms dalims.<\/p>\n<p>Laikyti nuo +5 iki +25&deg;C temperat\u016broje ir 55-70% santykin\u0117je oro dr\u0117gm\u0117je, apsaugotoje nuo tiesiogini\u0173 saul\u0117s spinduli\u0173, ne ma\u017eesniu kaip 1 m (m) atstumu nuo auk\u0161tos temperat\u016bros \u0161altini\u0173.<\/p>\n<p><strong>Tinkamumo laikas:<\/strong> 36 m\u0117n.<br \/>\n&nbsp;<\/p>\n","protected":false},"excerpt":{"rendered":"<p>Veikliosios med\u017eiagos: Bambuk\u0173 anglis&nbsp; \u017daliosios arbatos ekstraktas&nbsp; Silicis&nbsp; Valymo juostel\u0117s nosiai su bambuk\u0173 anglimi TM BEAUTYDERM valo ir mink\u0161tina nosies od\u0105, padeda j\u0105 atkurti, tod\u0117l ji tampa \u0161velnesn\u0117 ir lygesn\u0117, taip pat siaurina poras. Naudojimas:&nbsp; Sausomis rankomis nupl\u0117\u0161kite nuo juostel\u0117s permatom\u0105 pl\u0117vel\u0119. Tvirtai prispauskite juostel\u0119 lygiu pavir\u0161iumi prie nuvalytos ir dr\u0117gnos nosies odos. Palikite visi\u0161kai [&#8230;]\n","protected":false},"featured_media":87050,"template":"","meta":[],"product_cat":[1341],"product_tag":[],"class_list":{"0":"post-37614","1":"product","2":"type-product","3":"status-publish","4":"has-post-thumbnail","6":"product_brand-naturpro_ua-lt","7":"product_cat-valomosios-kaukes","9":"first","10":"instock","11":"taxable","12":"shipping-taxable","13":"product-type-simple"},"_links":{"self":[{"href":"https:\/\/e.kosmolat.eu\/lt\/wp-json\/wp\/v2\/product\/37614","targetHints":{"allow":["GET"]}}],"collection":[{"href":"https:\/\/e.kosmolat.eu\/lt\/wp-json\/wp\/v2\/product"}],"about":[{"href":"https:\/\/e.kosmolat.eu\/lt\/wp-json\/wp\/v2\/types\/product"}],"wp:featuredmedia":[{"embeddable":true,"href":"https:\/\/e.kosmolat.eu\/lt\/wp-json\/wp\/v2\/media\/87050"}],"wp:attachment":[{"href":"https:\/\/e.kosmolat.eu\/lt\/wp-json\/wp\/v2\/media?parent=37614"}],"wp:term":[{"taxonomy":"product_cat","embeddable":true,"href":"https:\/\/e.kosmolat.eu\/lt\/wp-json\/wp\/v2\/product_cat?post=37614"},{"taxonomy":"product_tag","embeddable":true,"href":"https:\/\/e.kosmolat.eu\/lt\/wp-json\/wp\/v2\/product_tag?post=37614"}],"curies":[{"name":"wp","href":"https:\/\/api.w.org\/{rel}","templated":true}]}}