{"id":37610,"date":"2023-12-22T20:05:14","date_gmt":"2023-12-22T20:05:14","guid":{"rendered":"https:\/\/e.kosmolat.eu\/product\/bd-melni-kolagena-spilventini-2-gab-24-g\/"},"modified":"2025-09-19T23:09:46","modified_gmt":"2025-09-19T23:09:46","slug":"bd-melni-kolagena-spilventini-2-gab-24-g","status":"publish","type":"product","link":"https:\/\/e.kosmolat.eu\/lt\/produktas\/bd-melni-kolagena-spilventini-2-gab-24-g\/","title":{"rendered":"BEAUTYDERM Juodos kolagenin\u0117s pagalv\u0117l\u0117s, 2 vnt, 2*4 g"},"content":{"rendered":"<p>BEAUTY DERM Juodos kolagenin\u0117s pagalv\u0117l\u0117s &nbsp;2 vnt<br \/>\nJuodos &nbsp;kolageno pagalv\u0117lr\u0117si TM BEAUTYDERM prisideda prie efektyvaus rauk\u0161li\u0173 i\u0161lyginimo; Padeda atsikratyti tamsi\u0173 ratil\u0173 ir paburkim\u0173. Praturtintas anglies milteliais ir organiniais ekstraktais, stangrina od\u0105, naikina tamsius ratilus, rauk\u0161les ir paaki\u0173 paburkim\u0105. Padeda dr\u0117kinti od\u0105 aplink akis, i\u0161laikyti jos elastingum\u0105 ir \u0161velnum\u0105. Pleistr\u0173 serume esanti hialurono r\u016bg\u0161tis &ndash; tikras i\u0161sigelb\u0117jimas sausai ir i\u0161saus\u0117jusiai odai, giliai atkurianti ir dr\u0117kinanti epiderm\u012f, skatinanti odos atsinaujinimo ir atjauninimo procesus, atkurianti dr\u0117gm\u0117s tr\u016bkum\u0105, ilgam pa\u0161alindama sausum\u0105.<\/p>\n<p><strong>Naudojimas:<\/strong> Kruop\u0161\u010diai nuplaukite veid\u0105 ir akis \u0161iltu vandeniu. Atidarykite pakuot\u0119, i\u0161imkite pagalv\u0117les ir u\u017ed\u0117kite ant paaki\u0173. Palikite veikti 15-25 &nbsp;minut\u0117ms. Likusi\u0105 esencij\u0105 \u0161velniai paskirstykite ant odos ir leiskite jai visi\u0161kai susigerti. Norint pasiekti veiksming\u0173 rezultat\u0173, naudokite 2-3 kartus per savait\u0119.<br \/>\n<strong>Atsargumo priemon\u0117s:<\/strong><br \/>\nNenaudokite pagalv\u0117li\u0173 pakartotinai. Tik vienkartiniam naudojimui.<br \/>\nPrie\u0161 naudojim\u0105 produktas turi b\u016bti i\u0161bandytas ant nedidelio odos ploto. Jei pasirei\u0161kia alergin\u0117 reakcija, nustokite vartoti produkt\u0105.<br \/>\nLaikyti nuo 5 iki 25 C temperat\u016broje ir esant 55-70 % oro dr\u0117gnumui, nuo tiesiogini\u0173 saul\u0117s spinduli\u0173 apsaugotoje vietoje. Nelaikykite gaminio ar\u010diau kaip 1,0 m atstumu nuo veikian\u010di\u0173 \u0161ildymo prietais\u0173.<br \/>\n&nbsp;<\/p>\n","protected":false},"excerpt":{"rendered":"<p>BEAUTY DERM Juodos kolagenin\u0117s pagalv\u0117l\u0117s &nbsp;2 vnt Juodos &nbsp;kolageno pagalv\u0117lr\u0117si TM BEAUTYDERM prisideda prie efektyvaus rauk\u0161li\u0173 i\u0161lyginimo; Padeda atsikratyti tamsi\u0173 ratil\u0173 ir paburkim\u0173. Praturtintas anglies milteliais ir organiniais ekstraktais, stangrina od\u0105, naikina tamsius ratilus, rauk\u0161les ir paaki\u0173 paburkim\u0105. Padeda dr\u0117kinti od\u0105 aplink akis, i\u0161laikyti jos elastingum\u0105 ir \u0161velnum\u0105. Pleistr\u0173 serume esanti hialurono r\u016bg\u0161tis &ndash; tikras [&#8230;]\n","protected":false},"featured_media":86842,"template":"","meta":[],"product_cat":[1369],"product_tag":[],"class_list":{"0":"post-37610","1":"product","2":"type-product","3":"status-publish","4":"has-post-thumbnail","6":"product_brand-naturpro_ua-lt","7":"product_cat-veido-kaukes","9":"first","10":"outofstock","11":"taxable","12":"shipping-taxable","13":"product-type-simple"},"_links":{"self":[{"href":"https:\/\/e.kosmolat.eu\/lt\/wp-json\/wp\/v2\/product\/37610","targetHints":{"allow":["GET"]}}],"collection":[{"href":"https:\/\/e.kosmolat.eu\/lt\/wp-json\/wp\/v2\/product"}],"about":[{"href":"https:\/\/e.kosmolat.eu\/lt\/wp-json\/wp\/v2\/types\/product"}],"wp:featuredmedia":[{"embeddable":true,"href":"https:\/\/e.kosmolat.eu\/lt\/wp-json\/wp\/v2\/media\/86842"}],"wp:attachment":[{"href":"https:\/\/e.kosmolat.eu\/lt\/wp-json\/wp\/v2\/media?parent=37610"}],"wp:term":[{"taxonomy":"product_cat","embeddable":true,"href":"https:\/\/e.kosmolat.eu\/lt\/wp-json\/wp\/v2\/product_cat?post=37610"},{"taxonomy":"product_tag","embeddable":true,"href":"https:\/\/e.kosmolat.eu\/lt\/wp-json\/wp\/v2\/product_tag?post=37610"}],"curies":[{"name":"wp","href":"https:\/\/api.w.org\/{rel}","templated":true}]}}