{"id":37606,"date":"2023-12-22T20:04:45","date_gmt":"2023-12-22T20:04:45","guid":{"rendered":"https:\/\/e.kosmolat.eu\/product\/bd-roza-kolagena-spilventini-2-gab-24-g\/"},"modified":"2026-04-08T09:28:49","modified_gmt":"2026-04-08T09:28:49","slug":"bd-roza-kolagena-spilventini-2-gab-24-g","status":"publish","type":"product","link":"https:\/\/e.kosmolat.eu\/lt\/produktas\/bd-roza-kolagena-spilventini-2-gab-24-g\/","title":{"rendered":"BEAUTYDERM Ro\u017ein\u0117s kolagenin\u0117s pagalv\u0117l\u0117s, 2 vnt, 2*4 g"},"content":{"rendered":"<p>BEAUTY DERM Ro\u017ein\u0117s kolagenin\u0117s pagalv\u0117l\u0117s &nbsp;2 vnt<br \/>\nRo\u017ein\u0117s &nbsp;kolageno pagalv\u0117l\u0117s TM BEAUTYDERM skatina padid\u0117jus\u012f odos stangrum\u0105 ir elastingum\u0105; prisideda prie mitybos ir hidratacijos.<br \/>\nPalaipsniui \u012fsiskverbia \u012f od\u0105 ir apr\u016bpina j\u0105 b\u016btinomis maistin\u0117mis med\u017eiagomis bei dr\u0117gme d\u0117ka ro\u017ei\u0173 \u017eied\u0173 hidrolato ir organini\u0173 ekstrakt\u0173, kurie yra praturtinti lopais. Vitaminas C, kuris yra sud\u0117ties dalis, suteikia balinimo efekt\u0105, taip pat pagerina kolageno sintez\u0119 ir kovoja su odos fotosen\u0117jimu.<\/p>\n<p>\n<strong>Naudojimas:<\/strong> Kruop\u0161\u010diai nuplaukite veid\u0105 ir akis \u0161iltu vandeniu. Atidarykite pakuot\u0119, i\u0161imkite pagalv\u0117les ir u\u017ed\u0117kite ant paaki\u0173. Palikite veikti 15-25 minutes. Likusi\u0105 esencij\u0105 \u0161velniai paskirstykite ant odos ir leiskite jai visi\u0161kai susigerti. Norint pasiekti veiksming\u0173 rezultat\u0173, naudokite 2-3 kartus per savait\u0119.<br \/>\n<strong>Atsargumo priemon\u0117s:<\/strong><br \/>\nNenaudokite pagalv\u0117li\u0173 pakartotinai. Tik vienkartiniam naudojimui.<br \/>\nPrie\u0161 naudojim\u0105 produktas turi b\u016bti i\u0161bandytas ant nedidelio odos ploto. Jei pasirei\u0161kia alergin\u0117 reakcija, nustokite vartoti produkt\u0105.<br \/>\nLaikyti nuo 5 iki 25 C temperat\u016broje ir esant 55-70 % oro dr\u0117gnumui, nuo tiesiogini\u0173 saul\u0117s spinduli\u0173 apsaugotoje vietoje. Nelaikykite gaminio ar\u010diau kaip 1,0 m atstumu nuo veikian\u010di\u0173 \u0161ildymo prietais\u0173.<br \/>\n&nbsp;<\/p>\n","protected":false},"excerpt":{"rendered":"<p>BEAUTY DERM Ro\u017ein\u0117s kolagenin\u0117s pagalv\u0117l\u0117s &nbsp;2 vnt Ro\u017ein\u0117s &nbsp;kolageno pagalv\u0117l\u0117s TM BEAUTYDERM skatina padid\u0117jus\u012f odos stangrum\u0105 ir elastingum\u0105; prisideda prie mitybos ir hidratacijos. Palaipsniui \u012fsiskverbia \u012f od\u0105 ir apr\u016bpina j\u0105 b\u016btinomis maistin\u0117mis med\u017eiagomis bei dr\u0117gme d\u0117ka ro\u017ei\u0173 \u017eied\u0173 hidrolato ir organini\u0173 ekstrakt\u0173, kurie yra praturtinti lopais. Vitaminas C, kuris yra sud\u0117ties dalis, suteikia balinimo efekt\u0105, [&#8230;]\n","protected":false},"featured_media":86838,"template":"","meta":[],"product_cat":[2181],"product_tag":[],"class_list":{"0":"post-37606","1":"product","2":"type-product","3":"status-publish","4":"has-post-thumbnail","6":"product_brand-naturpro_ua-lt","7":"product_cat-bez-kategorijas-lt","9":"first","10":"instock","11":"taxable","12":"shipping-taxable","13":"product-type-simple"},"_links":{"self":[{"href":"https:\/\/e.kosmolat.eu\/lt\/wp-json\/wp\/v2\/product\/37606","targetHints":{"allow":["GET"]}}],"collection":[{"href":"https:\/\/e.kosmolat.eu\/lt\/wp-json\/wp\/v2\/product"}],"about":[{"href":"https:\/\/e.kosmolat.eu\/lt\/wp-json\/wp\/v2\/types\/product"}],"wp:featuredmedia":[{"embeddable":true,"href":"https:\/\/e.kosmolat.eu\/lt\/wp-json\/wp\/v2\/media\/86838"}],"wp:attachment":[{"href":"https:\/\/e.kosmolat.eu\/lt\/wp-json\/wp\/v2\/media?parent=37606"}],"wp:term":[{"taxonomy":"product_cat","embeddable":true,"href":"https:\/\/e.kosmolat.eu\/lt\/wp-json\/wp\/v2\/product_cat?post=37606"},{"taxonomy":"product_tag","embeddable":true,"href":"https:\/\/e.kosmolat.eu\/lt\/wp-json\/wp\/v2\/product_tag?post=37606"}],"curies":[{"name":"wp","href":"https:\/\/api.w.org\/{rel}","templated":true}]}}