{"id":37602,"date":"2023-12-22T20:04:18","date_gmt":"2023-12-22T20:04:18","guid":{"rendered":"https:\/\/e.kosmolat.eu\/product\/bd-kolagena-lupu-spilventini-8-g\/"},"modified":"2026-04-22T07:44:45","modified_gmt":"2026-04-22T07:44:45","slug":"bd-kolagena-lupu-spilventini-8-g","status":"publish","type":"product","link":"https:\/\/e.kosmolat.eu\/lt\/produktas\/bd-kolagena-lupu-spilventini-8-g\/","title":{"rendered":"BEAUTYDERM Raudonos kolagenin\u0117s pagalv\u0117l\u0117s l\u016bpoms su vitaminu C, 8 g"},"content":{"rendered":"<p>BEAUTY DERM Raudonos kolagenin\u0117s pagalv\u0117l\u0117s l\u016bpoms su vitaminu C<br \/>\nL\u016bp\u0173 pagalv\u0117l\u0117s yra modernus kosmetikos gaminys. L\u016bp\u0173 oda &nbsp;labai plona, jautri, be riebalini\u0173 liauk\u0173 ir poodini\u0173 riebal\u0173. Tod\u0117l jai, kaip ir odai aplink akis, reikia ypatingos prie\u017ei\u016bros.<br \/>\nTai kolageno l\u016bp\u0173 kauk\u0117. Kiekvienas pagalv\u0117l\u0117 supakuota atskirai ir impregnuota aktyvia kompozicija.<br \/>\nPalaipsniui \u012fsiskverbia \u012f od\u0105 ir apr\u016bpina j\u0105 b\u016btinomis maistin\u0117mis med\u017eiagomis bei dr\u0117gme d\u0117ka RO\u017dI\u0172 hidrolato ir organini\u0173 ekstrakt\u0173.<br \/>\nVitaminas C, kuris yra sud\u0117ties dalis, stiprina kolageno sintez\u0119 ir kovoja su odos fotosen\u0117jimu.<br \/>\n<strong>Naudojimo b\u016bdas:<\/strong><br \/>\n1. Kruop\u0161\u010diai nuvalykite veid\u0105 ir l\u016bpas \u0161iltu vandeniu.<br \/>\n2. Atidarykite pakuot\u0119, i\u0161imkite pagalv\u0117les ir u\u017eklijuokite jas ant l\u016bp\u0173.<br \/>\n3. Palikti 15-25 min.<br \/>\n4. Likusi\u0105 esencijos dal\u012f \u0161velniai paskirstykite ant odos ir leiskite visi\u0161kai susigerti.<br \/>\n5. Siekiant geriausio efekto, rekomenduojama naudoti 2-3 kartus per savait\u0119.<\/p>\n<p><strong>Atsargumo priemon\u0117s:<\/strong><br \/>\nNenaudokite pagalv\u0117li\u0173 pakartotinai. Tik vienkartiniam naudojimui.<br \/>\nPrie\u0161 naudojim\u0105 produktas turi b\u016bti i\u0161bandytas ant nedidelio odos ploto. Jei pasirei\u0161kia alergin\u0117 reakcija, nustokite vartoti produkt\u0105.<br \/>\nLaikyti nuo 5 iki 25 C temperat\u016broje ir esant 55-70 % oro dr\u0117gnumui, nuo tiesiogini\u0173 saul\u0117s spinduli\u0173 apsaugotoje vietoje. Nelaikykite gaminio ar\u010diau kaip 1,0 m atstumu nuo veikian\u010di\u0173 \u0161ildymo prietais\u0173.<br \/>\n&nbsp;<\/p>\n","protected":false},"excerpt":{"rendered":"<p>BEAUTY DERM Raudonos kolagenin\u0117s pagalv\u0117l\u0117s l\u016bpoms su vitaminu C L\u016bp\u0173 pagalv\u0117l\u0117s yra modernus kosmetikos gaminys. L\u016bp\u0173 oda &nbsp;labai plona, jautri, be riebalini\u0173 liauk\u0173 ir poodini\u0173 riebal\u0173. Tod\u0117l jai, kaip ir odai aplink akis, reikia ypatingos prie\u017ei\u016bros. Tai kolageno l\u016bp\u0173 kauk\u0117. Kiekvienas pagalv\u0117l\u0117 supakuota atskirai ir impregnuota aktyvia kompozicija. Palaipsniui \u012fsiskverbia \u012f od\u0105 ir apr\u016bpina j\u0105 [&#8230;]\n","protected":false},"featured_media":86834,"template":"","meta":[],"product_cat":[2181],"product_tag":[],"class_list":{"0":"post-37602","1":"product","2":"type-product","3":"status-publish","4":"has-post-thumbnail","6":"product_brand-naturpro_ua-lt","7":"product_cat-bez-kategorijas-lt","9":"first","10":"instock","11":"taxable","12":"shipping-taxable","13":"product-type-simple"},"_links":{"self":[{"href":"https:\/\/e.kosmolat.eu\/lt\/wp-json\/wp\/v2\/product\/37602","targetHints":{"allow":["GET"]}}],"collection":[{"href":"https:\/\/e.kosmolat.eu\/lt\/wp-json\/wp\/v2\/product"}],"about":[{"href":"https:\/\/e.kosmolat.eu\/lt\/wp-json\/wp\/v2\/types\/product"}],"wp:featuredmedia":[{"embeddable":true,"href":"https:\/\/e.kosmolat.eu\/lt\/wp-json\/wp\/v2\/media\/86834"}],"wp:attachment":[{"href":"https:\/\/e.kosmolat.eu\/lt\/wp-json\/wp\/v2\/media?parent=37602"}],"wp:term":[{"taxonomy":"product_cat","embeddable":true,"href":"https:\/\/e.kosmolat.eu\/lt\/wp-json\/wp\/v2\/product_cat?post=37602"},{"taxonomy":"product_tag","embeddable":true,"href":"https:\/\/e.kosmolat.eu\/lt\/wp-json\/wp\/v2\/product_tag?post=37602"}],"curies":[{"name":"wp","href":"https:\/\/api.w.org\/{rel}","templated":true}]}}