{"id":37594,"date":"2023-12-22T20:03:15","date_gmt":"2023-12-22T20:03:15","guid":{"rendered":"https:\/\/e.kosmolat.eu\/product\/doctor-wash-zeleja-bernu-velas-mazgasanai-doctor-wash-baby-2000-g\/"},"modified":"2025-09-19T23:08:28","modified_gmt":"2025-09-19T23:08:28","slug":"doctor-wash-zeleja-bernu-velas-mazgasanai-doctor-wash-baby-2000-g","status":"publish","type":"product","link":"https:\/\/e.kosmolat.eu\/lt\/produktas\/doctor-wash-zeleja-bernu-velas-mazgasanai-doctor-wash-baby-2000-g\/","title":{"rendered":"DOCTOR WASH Skalbimo gelis vaiki\u0161kiems skalbiniams \u201cDoctor Wash Baby\u201d, 2000 g"},"content":{"rendered":"<p>.Rekomenduojamas skalbti k\u016bdiki\u0173 drabu\u017e\u0117lius ir drabu\u017e\u0117lius nuo pirm\u0173j\u0173 k\u016bdikio gyvenimo dien\u0173. Saugus aplinkai, sud\u0117tyje n\u0117ra fosfat\u0173, optini\u0173 balikli\u0173, chloro, da\u017eikli\u0173 ir kvapi\u0173j\u0173 med\u017eiag\u0173. Biologi\u0161kai skaidus. Tinka skalbti rankomis ir automatiniu b\u016bdu. Pa\u0161alina d\u0117mes nuo sul\u010di\u0173, vaisi\u0173, uog\u0173, \u017eol\u0117s, \u0161okolado, kraujo. Skirtas vidutini\u0161kai 34 skalbimo ciklams.<br \/>\nNaudojimas: Naudojamas vis\u0173 tip\u0173 baltiems ir spalvotiems audiniams skalbti. Galima naudoti skalbimui vis\u0173 tip\u0173 skalbimo ma\u0161inose, taip pat skalbimui rankomis. Pakuot\u0117s turinys skirtas 34 normaliai ne\u0161vari\u0173 II vandens kietumo lygio (vidutinio) skalbimo ciklams.<br \/>\nDozavimas: \u017er. lentel\u0119. 1 matavimo dangtelis &#8211; 55 ml. Saugos priemon\u0117s: laikyti vaikams nepasiekiamoje vietoje. Patekus \u012f akis, nedelsiant gerai praplauti tekan\u010diu vandeniu. Plaunant rankomis rekomenduojama m\u016bv\u0117ti gumines pir\u0161tines. D\u0117mesio: prie\u0161 skalbdami daiktus sur\u016b\u0161iuokite. Spalvotus daiktus skalbkite atskirai nuo balt\u0173. Rinkdamiesi skalbimo cikl\u0105 ir temperat\u016br\u0105 vadovaukit\u0117s drabu\u017ei\u0173 etiket\u0117se pateiktomis rekomendacijomis. Saugoti nuo vaik\u0173. Pasibaigus galiojimo laikui, i\u0161meskite kaip buitines atliekas.<br \/>\nGaliojimo laikas: 24 m\u0117nesiai nuo pagaminimo datos. Laikymo s\u0105lygos: laikyti atskirai nuo maisto produkt\u0173 vaikams nepasiekiamoje vietoje. Laikymo temperat\u016bra nuo + 5 &deg; \u0421 iki + 30 &deg; \u0421 ir santykin\u0117 oro dr\u0117gm\u0117 50 &#8211; 80% ne ma\u017eesniu kaip 1 m atstumu nuo \u0161ildymo (\u0161ildymo) prietais\u0173.<\/p>\n","protected":false},"excerpt":{"rendered":"<p>.Rekomenduojamas skalbti k\u016bdiki\u0173 drabu\u017e\u0117lius ir drabu\u017e\u0117lius nuo pirm\u0173j\u0173 k\u016bdikio gyvenimo dien\u0173. Saugus aplinkai, sud\u0117tyje n\u0117ra fosfat\u0173, optini\u0173 balikli\u0173, chloro, da\u017eikli\u0173 ir kvapi\u0173j\u0173 med\u017eiag\u0173. Biologi\u0161kai skaidus. Tinka skalbti rankomis ir automatiniu b\u016bdu. Pa\u0161alina d\u0117mes nuo sul\u010di\u0173, vaisi\u0173, uog\u0173, \u017eol\u0117s, \u0161okolado, kraujo. Skirtas vidutini\u0161kai 34 skalbimo ciklams. Naudojimas: Naudojamas vis\u0173 tip\u0173 baltiems ir spalvotiems audiniams skalbti. Galima [&#8230;]\n","protected":false},"featured_media":86826,"template":"","meta":[],"product_cat":[1483],"product_tag":[],"class_list":{"0":"post-37594","1":"product","2":"type-product","3":"status-publish","4":"has-post-thumbnail","6":"product_brand-malina-akcija-lt","7":"product_cat-plovikliai","9":"first","10":"outofstock","11":"taxable","12":"shipping-taxable","13":"product-type-simple"},"_links":{"self":[{"href":"https:\/\/e.kosmolat.eu\/lt\/wp-json\/wp\/v2\/product\/37594","targetHints":{"allow":["GET"]}}],"collection":[{"href":"https:\/\/e.kosmolat.eu\/lt\/wp-json\/wp\/v2\/product"}],"about":[{"href":"https:\/\/e.kosmolat.eu\/lt\/wp-json\/wp\/v2\/types\/product"}],"wp:featuredmedia":[{"embeddable":true,"href":"https:\/\/e.kosmolat.eu\/lt\/wp-json\/wp\/v2\/media\/86826"}],"wp:attachment":[{"href":"https:\/\/e.kosmolat.eu\/lt\/wp-json\/wp\/v2\/media?parent=37594"}],"wp:term":[{"taxonomy":"product_cat","embeddable":true,"href":"https:\/\/e.kosmolat.eu\/lt\/wp-json\/wp\/v2\/product_cat?post=37594"},{"taxonomy":"product_tag","embeddable":true,"href":"https:\/\/e.kosmolat.eu\/lt\/wp-json\/wp\/v2\/product_tag?post=37594"}],"curies":[{"name":"wp","href":"https:\/\/api.w.org\/{rel}","templated":true}]}}