{"id":37590,"date":"2023-12-22T20:02:45","date_gmt":"2023-12-22T20:02:45","guid":{"rendered":"https:\/\/e.kosmolat.eu\/product\/bd-auduma-maska-alveja-medus-25-ml\/"},"modified":"2026-04-23T09:20:42","modified_gmt":"2026-04-23T09:20:42","slug":"bd-auduma-maska-alveja-medus-25-ml","status":"publish","type":"product","link":"https:\/\/e.kosmolat.eu\/lt\/produktas\/bd-auduma-maska-alveja-medus-25-ml\/","title":{"rendered":"BEAUTYDERM Lak\u0161tin\u0117 kauk\u0117 \u201cALAVIJAI IR MEDUS\u201d, 25 ml"},"content":{"rendered":"<p><strong>Med\u017eiagin\u0117 kauk\u0117 &nbsp;&ldquo;ALAVIJAI IR MEDUS&rdquo;<\/strong> turi &scaron;velni\u0105 gelio emulsij\u0105, kuri valo, giliai dr\u0117kina ir gaivina, u\u017ekerta keli\u0105 oksidacijos procesams l\u0105stel\u0117se ir l\u0117tina j\u0173 irim\u0105, padeda i&scaron;lyginti rauk&scaron;les.<\/p>\n<p><strong>Alavijas<\/strong> giliai dr\u0117kina od\u0105 ir apsaugo nuo jos i&scaron;saus\u0117jimo, palaikydamas optimal\u0173 dr\u0117gm\u0117s kiek\u012f epidermio sluoksniuose, skatina kolageno ir hialurono r\u016bg&scaron;ties gamyb\u0105, tod\u0117l oda ilgiau i&scaron;liks stangri ir lygi &ndash; be rauk&scaron;li\u0173. Be to, alavijas yra pirmos klas\u0117s antioksidantas, u\u017ekertantis keli\u0105 oksidacijos procesui l\u0105stel\u0117se ir l\u0117tinantis j\u0173 sunaikinim\u0105. Serumo sud\u0117tyje esan\u010dio <strong>medaus<\/strong> d\u0117ka oda pa&scaron;vies\u0117ja, valo ir atjaunina, padeda i&scaron;lyginti smulkias rauk&scaron;leles.<\/p>\n<p><strong>Naudojimas:<\/strong><br \/>\n1. I&scaron;imkite kauk\u0119 i&scaron; pakuot\u0117s ir u\u017ed\u0117kite ant i&scaron; anksto nuvalyto veido, &scaron;velniai i&scaron;lygindami pir&scaron;t\u0173 galiukais.<br \/>\n2. Palaikykite kauk\u0119 ant odos 15-20 minu\u010di\u0173.<br \/>\n3. Likusi\u0105 emulsijos dal\u012f \u012fmasa\u017euokite \u012f od\u0105. Neplaukite. Jei reikia, vatos diskeliu pa&scaron;alinkite likusi\u0105 emulsij\u0105.<br \/>\nSiekiant geriausi\u0173 rezultat\u0173, kauk\u0119 rekomenduojame naudoti 2-3 kartus per savait\u0119. Kauk\u0117 skirta vienkartiniam naudojimui. Kauk\u0119 rekomenduojama naudoti i&scaron;kart atidarius pakuot\u0119.<\/p>\n<p><strong>D\u0117mesio: <\/strong>prie&scaron; naudodami kauk\u0119 turite i&scaron;bandyti ant nedidelio odos ploto. Jei pasirei&scaron;kia alergin\u0117 reakcija, nustokite vartoti. Tik i&scaron;oriniam naudojimui.<\/p>\n<p><strong>Kontraindikacijos:<\/strong> individualus netoleravimas kauk\u0117s komponentams. Laikyti nuo +5&deg;C iki +25&deg;C temperat\u016broje, kai santykin\u0117 oro dr\u0117gm\u0117 55-75%, apsaugota nuo tiesiogini\u0173 saul\u0117s spinduli\u0173, ma\u017eiausiai vieno metro atstumu nuo auk&scaron;tos temperat\u016bros &scaron;altini\u0173.<\/p>\n","protected":false},"excerpt":{"rendered":"<p>Med\u017eiagin\u0117 kauk\u0117 &nbsp;&ldquo;ALAVIJAI IR MEDUS&rdquo; turi &scaron;velni\u0105 gelio emulsij\u0105, kuri valo, giliai dr\u0117kina ir gaivina, u\u017ekerta keli\u0105 oksidacijos procesams l\u0105stel\u0117se ir l\u0117tina j\u0173 irim\u0105, padeda i&scaron;lyginti rauk&scaron;les. Alavijas giliai dr\u0117kina od\u0105 ir apsaugo nuo jos i&scaron;saus\u0117jimo, palaikydamas optimal\u0173 dr\u0117gm\u0117s kiek\u012f epidermio sluoksniuose, skatina kolageno ir hialurono r\u016bg&scaron;ties gamyb\u0105, tod\u0117l oda ilgiau i&scaron;liks stangri ir lygi [&#8230;]\n","protected":false},"featured_media":86950,"template":"","meta":[],"product_cat":[2181],"product_tag":[],"class_list":{"0":"post-37590","1":"product","2":"type-product","3":"status-publish","4":"has-post-thumbnail","6":"product_brand-naturpro_ua-lt","7":"product_cat-bez-kategorijas-lt","9":"first","10":"instock","11":"taxable","12":"shipping-taxable","13":"product-type-simple"},"_links":{"self":[{"href":"https:\/\/e.kosmolat.eu\/lt\/wp-json\/wp\/v2\/product\/37590","targetHints":{"allow":["GET"]}}],"collection":[{"href":"https:\/\/e.kosmolat.eu\/lt\/wp-json\/wp\/v2\/product"}],"about":[{"href":"https:\/\/e.kosmolat.eu\/lt\/wp-json\/wp\/v2\/types\/product"}],"wp:featuredmedia":[{"embeddable":true,"href":"https:\/\/e.kosmolat.eu\/lt\/wp-json\/wp\/v2\/media\/86950"}],"wp:attachment":[{"href":"https:\/\/e.kosmolat.eu\/lt\/wp-json\/wp\/v2\/media?parent=37590"}],"wp:term":[{"taxonomy":"product_cat","embeddable":true,"href":"https:\/\/e.kosmolat.eu\/lt\/wp-json\/wp\/v2\/product_cat?post=37590"},{"taxonomy":"product_tag","embeddable":true,"href":"https:\/\/e.kosmolat.eu\/lt\/wp-json\/wp\/v2\/product_tag?post=37590"}],"curies":[{"name":"wp","href":"https:\/\/api.w.org\/{rel}","templated":true}]}}