{"id":37586,"date":"2023-12-22T20:02:13","date_gmt":"2023-12-22T20:02:13","guid":{"rendered":"https:\/\/e.kosmolat.eu\/product\/bd-auduma-maska-banans-piens-25-ml\/"},"modified":"2026-03-31T06:22:16","modified_gmt":"2026-03-31T06:22:16","slug":"bd-auduma-maska-banans-piens-25-ml","status":"publish","type":"product","link":"https:\/\/e.kosmolat.eu\/lt\/produktas\/bd-auduma-maska-banans-piens-25-ml\/","title":{"rendered":"BEAUTYDERM Lak\u0161tin\u0117 kauk\u0117 \u201cBANANAS IR PIENAS\u201d, 25 ml"},"content":{"rendered":"<p><strong>Med\u017eiagin\u0117 KAUK\u0116 &ldquo;BANANAS IR PIENAS&rdquo;<\/strong>, turi &scaron;velni\u0105 pieno-banan\u0173 emulsij\u0105, kuri prisideda prie l\u0105steli\u0173 metabolizmo normalizavimo, maitina ir dr\u0117kina od\u0105, i&scaron;laikant jos stangrum\u0105 ir elastingum\u0105.<\/p>\n<p><strong>Bananuose<\/strong> yra daug nauding\u0173 med\u017eiag\u0173: kalcio, gele\u017eies, fosforo, vitamino C, beta karotino, vitamin\u0173 B1, B2, B5, PP ir E jungini\u0173. Kalis atsakingas u\u017e maistini\u0173 med\u017eiag\u0173 patekim\u0105 \u012f l\u0105steles ir toksin\u0173 pa&scaron;alinim\u0105; fosforas pagerina odos i&scaron;vaizd\u0105; B grup\u0117s vitaminai maitina, dr\u0117kina ir ramina od\u0105; fitostirenai i&scaron;lygina mikroreljef\u0105, ma\u017eina rauk&scaron;les. <strong>Pieno baltymai<\/strong> turi ry&scaron;k\u0173 mink&scaron;tinam\u0105j\u012f ir dr\u0117kinam\u0105j\u012f poveik\u012f, taip pat kovoja su odos nelygumais, juos mink&scaron;tina ir skaistina.<\/p>\n<p><strong>Naudojimas:<\/strong><br \/>\n1. I&scaron;imkite kauk\u0119 i&scaron; pakuot\u0117s ir u\u017ed\u0117kite ant i&scaron; anksto nuvalyto veido, &scaron;velniai i&scaron;lygindami pir&scaron;t\u0173 galiukais.<br \/>\n2. Palaikykite kauk\u0119 ant odos 15-20 minu\u010di\u0173.<br \/>\n3. Likusi\u0105 emulsijos dal\u012f \u012fmasa\u017euokite \u012f od\u0105. Neplaukite. Jei reikia, vatos diskeliu pa&scaron;alinkite likusi\u0105 emulsij\u0105.<br \/>\nSiekiant geriausi\u0173 rezultat\u0173, kauk\u0119 rekomenduojame naudoti 2-3 kartus per savait\u0119. Kauk\u0117 skirta vienkartiniam naudojimui. Kauk\u0119 rekomenduojama naudoti i&scaron;kart atidarius pakuot\u0119.<\/p>\n<p><strong>D\u0117mesio:<\/strong> prie&scaron; naudodami kauk\u0119 turite i&scaron;bandyti ant nedidelio odos ploto. Jei pasirei&scaron;kia alergin\u0117 reakcija, nustokite vartoti. Tik i&scaron;oriniam naudojimui.<\/p>\n<p><strong>Kontraindikacijos: <\/strong>individualus netoleravimas kauk\u0117s komponentams. Laikyti nuo +5&deg;C iki +25&deg;C temperat\u016broje, kai santykin\u0117 oro dr\u0117gm\u0117 55-75%, apsaugota nuo tiesiogini\u0173 saul\u0117s spinduli\u0173, ma\u017eiausiai vieno metro atstumu nuo auk&scaron;tos temperat\u016bros &scaron;altini\u0173.<\/p>\n","protected":false},"excerpt":{"rendered":"<p>Med\u017eiagin\u0117 KAUK\u0116 &ldquo;BANANAS IR PIENAS&rdquo;, turi &scaron;velni\u0105 pieno-banan\u0173 emulsij\u0105, kuri prisideda prie l\u0105steli\u0173 metabolizmo normalizavimo, maitina ir dr\u0117kina od\u0105, i&scaron;laikant jos stangrum\u0105 ir elastingum\u0105. Bananuose yra daug nauding\u0173 med\u017eiag\u0173: kalcio, gele\u017eies, fosforo, vitamino C, beta karotino, vitamin\u0173 B1, B2, B5, PP ir E jungini\u0173. Kalis atsakingas u\u017e maistini\u0173 med\u017eiag\u0173 patekim\u0105 \u012f l\u0105steles ir toksin\u0173 pa&scaron;alinim\u0105; [&#8230;]\n","protected":false},"featured_media":86946,"template":"","meta":[],"product_cat":[1369],"product_tag":[],"class_list":{"0":"post-37586","1":"product","2":"type-product","3":"status-publish","4":"has-post-thumbnail","6":"product_brand-naturpro_ua-lt","7":"product_cat-veido-kaukes","9":"first","10":"instock","11":"taxable","12":"shipping-taxable","13":"product-type-simple"},"_links":{"self":[{"href":"https:\/\/e.kosmolat.eu\/lt\/wp-json\/wp\/v2\/product\/37586","targetHints":{"allow":["GET"]}}],"collection":[{"href":"https:\/\/e.kosmolat.eu\/lt\/wp-json\/wp\/v2\/product"}],"about":[{"href":"https:\/\/e.kosmolat.eu\/lt\/wp-json\/wp\/v2\/types\/product"}],"wp:featuredmedia":[{"embeddable":true,"href":"https:\/\/e.kosmolat.eu\/lt\/wp-json\/wp\/v2\/media\/86946"}],"wp:attachment":[{"href":"https:\/\/e.kosmolat.eu\/lt\/wp-json\/wp\/v2\/media?parent=37586"}],"wp:term":[{"taxonomy":"product_cat","embeddable":true,"href":"https:\/\/e.kosmolat.eu\/lt\/wp-json\/wp\/v2\/product_cat?post=37586"},{"taxonomy":"product_tag","embeddable":true,"href":"https:\/\/e.kosmolat.eu\/lt\/wp-json\/wp\/v2\/product_tag?post=37586"}],"curies":[{"name":"wp","href":"https:\/\/api.w.org\/{rel}","templated":true}]}}