{"id":37582,"date":"2023-12-22T20:01:43","date_gmt":"2023-12-22T20:01:43","guid":{"rendered":"https:\/\/e.kosmolat.eu\/product\/bd-auduma-maska-ogu-smutijs-25-ml\/"},"modified":"2026-04-23T09:20:25","modified_gmt":"2026-04-23T09:20:25","slug":"bd-auduma-maska-ogu-smutijs-25-ml","status":"publish","type":"product","link":"https:\/\/e.kosmolat.eu\/lt\/produktas\/bd-auduma-maska-ogu-smutijs-25-ml\/","title":{"rendered":"BEAUTYDERM Lak\u0161tin\u0117 kauk\u0117 \u201cUog\u0173 glotnutis\u201d, 25 ml"},"content":{"rendered":"<p><strong>Med\u017eiagin\u0117 kauk\u0117 &ldquo;Uog\u0173 glotnutis&rdquo;<\/strong>, &nbsp;&ndash; tai tikras vitamin\u0173 kokteilis, kuris idealiai maitina od\u0105, suteikia &scaron;vyt\u0117jimo, gerina tekst\u016br\u0105, tonizuoja ir suteikia elastingumo.<\/p>\n<ul>\n<li>Uog\u0173 ekstraktai skatina odos regeneracij\u0105 ir kolageno gamyb\u0105, padeda i&scaron;lyginti rauk&scaron;les ir kovoti su sen\u0117jimo po\u017eymiais; tonizuoja ir prisotina od\u0105 vitaminais A, PP, B, C, E, K.<\/li>\n<li>Bra&scaron;ki\u0173 ekstraktas valo riebi\u0105 od\u0105, padeda susiaurinti i&scaron;sipl\u0117tusias poras, kovoja su netobulumais ir pasi\u017eymi balinamuoju poveikiu.<\/li>\n<li>M\u0117lyni\u0173 ekstraktas yra antioksidant\u0173 &scaron;altinis, kuris maitina nusilpusi\u0105, streso patirian\u010di\u0105 od\u0105.<\/li>\n<li>Gervuogi\u0173 ekstraktas gaivina od\u0105, pa&scaron;alina papilk\u0117jim\u0105, pa&scaron;alina negyvas l\u0105steles ir gr\u0105\u017eina odai &scaron;vytin\u010di\u0105 i&scaron;vaizd\u0105.<\/li>\n<\/ul>\n<p><strong>Naudojimas:<\/strong><br \/>\n1. I&scaron;imkite kauk\u0119 i&scaron; pakuot\u0117s ir u\u017ed\u0117kite ant i&scaron; anksto nuvalyto veido, &scaron;velniai i&scaron;lygindami pir&scaron;t\u0173 galiukais.<br \/>\n2. Palaikykite kauk\u0119 ant odos 15-20 minu\u010di\u0173.<br \/>\n3. Likusi\u0105 emulsijos dal\u012f \u012fmasa\u017euokite \u012f od\u0105. Neplaukite. Jei reikia, vatos diskeliu pa&scaron;alinkite likusi\u0105 emulsij\u0105.<br \/>\nSiekiant geriausi\u0173 rezultat\u0173, kauk\u0119 rekomenduojame naudoti 2-3 kartus per savait\u0119. Kauk\u0117 skirta vienkartiniam naudojimui. Kauk\u0119 rekomenduojama naudoti i&scaron;kart atidarius pakuot\u0119.<\/p>\n<p><strong>D\u0117mesio: <\/strong>prie&scaron; naudodami kauk\u0119 turite i&scaron;bandyti ant nedidelio odos ploto. Jei pasirei&scaron;kia alergin\u0117 reakcija, nustokite vartoti. Tik i&scaron;oriniam naudojimui.<\/p>\n<p><strong>Kontraindikacijos:<\/strong> individualus netoleravimas kauk\u0117s komponentams. Laikyti nuo +5&deg;C iki +25&deg;C temperat\u016broje, kai santykin\u0117 oro dr\u0117gm\u0117 55-75%, apsaugota nuo tiesiogini\u0173 saul\u0117s spinduli\u0173, ma\u017eiausiai vieno metro atstumu nuo auk&scaron;tos temperat\u016bros &scaron;altini\u0173.<\/p>\n","protected":false},"excerpt":{"rendered":"<p>Med\u017eiagin\u0117 kauk\u0117 &ldquo;Uog\u0173 glotnutis&rdquo;, &nbsp;&ndash; tai tikras vitamin\u0173 kokteilis, kuris idealiai maitina od\u0105, suteikia &scaron;vyt\u0117jimo, gerina tekst\u016br\u0105, tonizuoja ir suteikia elastingumo. Uog\u0173 ekstraktai skatina odos regeneracij\u0105 ir kolageno gamyb\u0105, padeda i&scaron;lyginti rauk&scaron;les ir kovoti su sen\u0117jimo po\u017eymiais; tonizuoja ir prisotina od\u0105 vitaminais A, PP, B, C, E, K. Bra&scaron;ki\u0173 ekstraktas valo riebi\u0105 od\u0105, padeda susiaurinti [&#8230;]\n","protected":false},"featured_media":86942,"template":"","meta":[],"product_cat":[2181],"product_tag":[],"class_list":{"0":"post-37582","1":"product","2":"type-product","3":"status-publish","4":"has-post-thumbnail","6":"product_brand-naturpro_ua-lt","7":"product_cat-bez-kategorijas-lt","9":"first","10":"instock","11":"taxable","12":"shipping-taxable","13":"product-type-simple"},"_links":{"self":[{"href":"https:\/\/e.kosmolat.eu\/lt\/wp-json\/wp\/v2\/product\/37582","targetHints":{"allow":["GET"]}}],"collection":[{"href":"https:\/\/e.kosmolat.eu\/lt\/wp-json\/wp\/v2\/product"}],"about":[{"href":"https:\/\/e.kosmolat.eu\/lt\/wp-json\/wp\/v2\/types\/product"}],"wp:featuredmedia":[{"embeddable":true,"href":"https:\/\/e.kosmolat.eu\/lt\/wp-json\/wp\/v2\/media\/86942"}],"wp:attachment":[{"href":"https:\/\/e.kosmolat.eu\/lt\/wp-json\/wp\/v2\/media?parent=37582"}],"wp:term":[{"taxonomy":"product_cat","embeddable":true,"href":"https:\/\/e.kosmolat.eu\/lt\/wp-json\/wp\/v2\/product_cat?post=37582"},{"taxonomy":"product_tag","embeddable":true,"href":"https:\/\/e.kosmolat.eu\/lt\/wp-json\/wp\/v2\/product_tag?post=37582"}],"curies":[{"name":"wp","href":"https:\/\/api.w.org\/{rel}","templated":true}]}}