{"id":37578,"date":"2023-12-22T20:01:12","date_gmt":"2023-12-22T20:01:12","guid":{"rendered":"https:\/\/e.kosmolat.eu\/product\/ec-auduma-maska-intensiva-mitrinasana-25-ml\/"},"modified":"2026-04-16T06:51:16","modified_gmt":"2026-04-16T06:51:16","slug":"ec-auduma-maska-intensiva-mitrinasana-25-ml","status":"publish","type":"product","link":"https:\/\/e.kosmolat.eu\/lt\/produktas\/ec-auduma-maska-intensiva-mitrinasana-25-ml\/","title":{"rendered":"ELEN COSMETICS Lak\u0161tin\u0117 kauk\u0117 \u201cIntensyvus dr\u0117kinimas\u201d, 25 ml"},"content":{"rendered":"<p><strong>Lak&scaron;tin\u0117 kauk\u0117 veidui &quot;Intensyvus &nbsp;dr\u0117kinimas&quot;<\/strong>. Subalansuota juod\u0173 lak&scaron;t\u0173 kauk\u0117 su alavijo lap\u0173 sultimis, keramido kompleksu ir bambuko anglies ekstraktu, kad giliai i&scaron;valyt\u0173, stangrint\u0173 ir dr\u0117kint\u0173 od\u0105.<br \/>\n<strong>Alavij\u0173 lap\u0173 sultys<\/strong> tonizuoja veido od\u0105, suteikdamos gaivumo ir &scaron;varos poj\u016bt\u012f.<br \/>\n<strong>Keramido kompleksas<\/strong> padeda atkurti ir palaikyti apsaugin\u0119 epidermio funkcij\u0105 bei i&scaron;laikyti dr\u0117gm\u0119 odoje.<br \/>\n<strong>Bambuk\u0173 anglies ekstraktas<\/strong> sugeria ne&scaron;varumus, i&scaron;valo poras, tod\u0117l oda puikiai dr\u0117kinama ir gaivi.&nbsp;<\/p>\n<p><strong>Naudojimas:<\/strong><br \/>\n1. I&scaron;imkite kauk\u0119 i&scaron; pakuot\u0117s ir u\u017ed\u0117kite ant anks\u010diau nuvalyto veido, &scaron;velniai i&scaron;lygindami pir&scaron;t\u0173 galiukais.<br \/>\n2. Palaikykite kauk\u0119 ant odos 15-20 minu\u010di\u0173.<br \/>\n3. Likusi\u0105 emulsijos dal\u012f \u012fmasa\u017euokite \u012f od\u0105. Neplaukite. Jei reikia, vatos diskeliu pa&scaron;alinkite likusi\u0105 emulsij\u0105.<\/p>\n<p><strong>D\u0117mesio: <\/strong>tik vienkartiniam naudojimui! Rekomenduojama naudoti 1-2 kartus per savait\u0119. Prie&scaron; naudodami kauk\u0119 i&scaron;bandykite ant nedidelio odos ploto. Jei pasirei&scaron;kia alergin\u0117 reakcija, nustokite vartoti. Tik i&scaron;oriniam naudojimui Kauk\u0119 rekomenduojama naudoti i&scaron;kart atidarius pakuot\u0119. Patekus \u012f akis, gerai nuplauti dideliu kiekiu tekan\u010dio vandens.<\/p>\n<p><strong>Kontraindikacijos:<\/strong> individualus netoleravimas kauk\u0117s komponentams. Laikyti nuo +5&deg;C iki +25&deg;C temperat\u016broje ir 55-70% santykin\u0117je oro dr\u0117gm\u0117je, apsaugotoje nuo tiesiogini\u0173 saul\u0117s spinduli\u0173, ne ma\u017eesniu kaip vieno metro atstumu nuo auk&scaron;tos temperat\u016bros &scaron;altini\u0173.<br \/>\n&nbsp;<\/p>\n","protected":false},"excerpt":{"rendered":"<p>Lak&scaron;tin\u0117 kauk\u0117 veidui &quot;Intensyvus &nbsp;dr\u0117kinimas&quot;. Subalansuota juod\u0173 lak&scaron;t\u0173 kauk\u0117 su alavijo lap\u0173 sultimis, keramido kompleksu ir bambuko anglies ekstraktu, kad giliai i&scaron;valyt\u0173, stangrint\u0173 ir dr\u0117kint\u0173 od\u0105. Alavij\u0173 lap\u0173 sultys tonizuoja veido od\u0105, suteikdamos gaivumo ir &scaron;varos poj\u016bt\u012f. Keramido kompleksas padeda atkurti ir palaikyti apsaugin\u0119 epidermio funkcij\u0105 bei i&scaron;laikyti dr\u0117gm\u0119 odoje. Bambuk\u0173 anglies ekstraktas sugeria ne&scaron;varumus, [&#8230;]\n","protected":false},"featured_media":86938,"template":"","meta":[],"product_cat":[2181],"product_tag":[],"class_list":{"0":"post-37578","1":"product","2":"type-product","3":"status-publish","4":"has-post-thumbnail","6":"product_brand-naturpro_ua-lt","7":"product_cat-bez-kategorijas-lt","9":"first","10":"instock","11":"taxable","12":"shipping-taxable","13":"product-type-simple"},"_links":{"self":[{"href":"https:\/\/e.kosmolat.eu\/lt\/wp-json\/wp\/v2\/product\/37578","targetHints":{"allow":["GET"]}}],"collection":[{"href":"https:\/\/e.kosmolat.eu\/lt\/wp-json\/wp\/v2\/product"}],"about":[{"href":"https:\/\/e.kosmolat.eu\/lt\/wp-json\/wp\/v2\/types\/product"}],"wp:featuredmedia":[{"embeddable":true,"href":"https:\/\/e.kosmolat.eu\/lt\/wp-json\/wp\/v2\/media\/86938"}],"wp:attachment":[{"href":"https:\/\/e.kosmolat.eu\/lt\/wp-json\/wp\/v2\/media?parent=37578"}],"wp:term":[{"taxonomy":"product_cat","embeddable":true,"href":"https:\/\/e.kosmolat.eu\/lt\/wp-json\/wp\/v2\/product_cat?post=37578"},{"taxonomy":"product_tag","embeddable":true,"href":"https:\/\/e.kosmolat.eu\/lt\/wp-json\/wp\/v2\/product_tag?post=37578"}],"curies":[{"name":"wp","href":"https:\/\/api.w.org\/{rel}","templated":true}]}}