{"id":37574,"date":"2023-12-22T20:00:47","date_gmt":"2023-12-22T20:00:47","guid":{"rendered":"https:\/\/e.kosmolat.eu\/product\/ec-intensiva-auduma-sejas-maska-mangosteen-hyaluronic-acid-25-ml\/"},"modified":"2026-04-22T07:45:21","modified_gmt":"2026-04-22T07:45:21","slug":"ec-intensiva-auduma-sejas-maska-mangosteen-hyaluronic-acid-25-ml","status":"publish","type":"product","link":"https:\/\/e.kosmolat.eu\/lt\/produktas\/ec-intensiva-auduma-sejas-maska-mangosteen-hyaluronic-acid-25-ml\/","title":{"rendered":"ELEN COSMETICS Lak\u0161tin\u0117 kauk\u0117 Mangosteen&#038;Hyaluronic Acid, 25 ml"},"content":{"rendered":"<p>Mangosteen&amp;Hyaluronic Acid lak\u0161tin\u0117 kauk\u0117 dr\u0117kina od\u0105 ir padeda kovoti su odos nuovargio po\u017eymiais.<\/p>\n<p><strong>Naudojimas:<\/strong> atidarykite pakuot\u0119 ir u\u017ed\u0117kitekite kauk\u0119 ant nuvalytos ir sausos veido odos, \u0161velniai i\u0161lygindami pir\u0161t\u0173 galiukais. Po 10-15 minu\u010di\u0173 nuimkite kauk\u0119, likusi\u0105 emulsijos dal\u012f masa\u017einiais judesiais paskirstykite per od\u0105. Nenuplaukite.<\/p>\n<p><strong>D\u0117mesio:<\/strong> KAUK\u0116 SKIRTA VIENKARTINIAM NAUDOJIMUI!<br \/>\nRekomenduojama naudoti 1-2 kartus per savait\u0119. Prie\u0161 naudodami kauk\u0119 i\u0161bandykite ant nedidelio odos ploto. Jei pasirei\u0161kia alergin\u0117 reakcija, nustokite naudoti. Tik i\u0161oriniam naudojimui. Kauk\u0119 rekomenduojama naudoti i\u0161kart atidarius pakuot\u0119.<\/p>\n<p><strong>Kontraindikacijos:<\/strong> individualus netoleravimas kauk\u0117s komponentams<\/p>\n<p>Laikyti nuo +5&deg;C iki +25&deg;C ir 55-75% santykin\u0117je dr\u0117gm\u0117je, vietojeapsaugotoje nuo tiesiogini\u0173 saul\u0117s spinduli\u0173. Nelaikykite gaminio ar\u010diau kaip 1 m (m) atstumu nuo auk\u0161tos temperat\u016bros \u0161altini\u0173.<\/p>\n<p><strong>Tinkamumo laikas:<\/strong> 36 m\u0117nesiai nuo pagaminimo datos. Atidarius sunaudoti per 12 m\u0117nesi\u0173.<\/p>\n","protected":false},"excerpt":{"rendered":"<p>Mangosteen&amp;Hyaluronic Acid lak\u0161tin\u0117 kauk\u0117 dr\u0117kina od\u0105 ir padeda kovoti su odos nuovargio po\u017eymiais. Naudojimas: atidarykite pakuot\u0119 ir u\u017ed\u0117kitekite kauk\u0119 ant nuvalytos ir sausos veido odos, \u0161velniai i\u0161lygindami pir\u0161t\u0173 galiukais. Po 10-15 minu\u010di\u0173 nuimkite kauk\u0119, likusi\u0105 emulsijos dal\u012f masa\u017einiais judesiais paskirstykite per od\u0105. Nenuplaukite. D\u0117mesio: KAUK\u0116 SKIRTA VIENKARTINIAM NAUDOJIMUI! Rekomenduojama naudoti 1-2 kartus per savait\u0119. Prie\u0161 [&#8230;]\n","protected":false},"featured_media":86934,"template":"","meta":[],"product_cat":[2181],"product_tag":[],"class_list":{"0":"post-37574","1":"product","2":"type-product","3":"status-publish","4":"has-post-thumbnail","6":"product_brand-naturpro_ua-lt","7":"product_cat-bez-kategorijas-lt","9":"first","10":"instock","11":"taxable","12":"shipping-taxable","13":"product-type-simple"},"_links":{"self":[{"href":"https:\/\/e.kosmolat.eu\/lt\/wp-json\/wp\/v2\/product\/37574","targetHints":{"allow":["GET"]}}],"collection":[{"href":"https:\/\/e.kosmolat.eu\/lt\/wp-json\/wp\/v2\/product"}],"about":[{"href":"https:\/\/e.kosmolat.eu\/lt\/wp-json\/wp\/v2\/types\/product"}],"wp:featuredmedia":[{"embeddable":true,"href":"https:\/\/e.kosmolat.eu\/lt\/wp-json\/wp\/v2\/media\/86934"}],"wp:attachment":[{"href":"https:\/\/e.kosmolat.eu\/lt\/wp-json\/wp\/v2\/media?parent=37574"}],"wp:term":[{"taxonomy":"product_cat","embeddable":true,"href":"https:\/\/e.kosmolat.eu\/lt\/wp-json\/wp\/v2\/product_cat?post=37574"},{"taxonomy":"product_tag","embeddable":true,"href":"https:\/\/e.kosmolat.eu\/lt\/wp-json\/wp\/v2\/product_tag?post=37574"}],"curies":[{"name":"wp","href":"https:\/\/api.w.org\/{rel}","templated":true}]}}