{"id":37570,"date":"2023-12-22T20:00:16","date_gmt":"2023-12-22T20:00:16","guid":{"rendered":"https:\/\/e.kosmolat.eu\/product\/ec-intensiva-auduma-sejas-maska-snail-mucincollagen-25-ml\/"},"modified":"2026-04-23T07:17:36","modified_gmt":"2026-04-23T07:17:36","slug":"ec-intensiva-auduma-sejas-maska-snail-mucincollagen-25-ml","status":"publish","type":"product","link":"https:\/\/e.kosmolat.eu\/lt\/produktas\/ec-intensiva-auduma-sejas-maska-snail-mucincollagen-25-ml\/","title":{"rendered":"ELEN COSMETICS Lak\u0161tin\u0117 kauk\u0117 Snail Mucin &#038; Collagen, 25 ml"},"content":{"rendered":"<p>Intensyvaus poveikio lak\u0161tin\u0117 veido kauk\u0117 &bdquo;Snail mucin&amp;Collagen&ldquo; dr\u0117kina ir u\u017ekerta keli\u0105 su am\u017eiumi susijusiems odos poky\u010diams.<\/p>\n<p><strong>Sraigi\u0173 mucinas<\/strong> padeda padidinti epidermio turgor\u0105 ir suma\u017einti rauk\u0161li\u0173 skai\u010di\u0173 bei gyl\u012f.<br \/>\n<strong>Hidrolizuotas kolagenas<\/strong> stiprina epiderm\u012f, i\u0161lygina tonus\u0105, o veidas tampa tonizuotas ir gaivus.<br \/>\n<strong>Hialurono r\u016bg\u0161tis<\/strong> giliai dr\u0117kina od\u0105, padeda pagerinti odos elastingum\u0105 ir skatina l\u0105steli\u0173 atsinaujinim\u0105.<\/p>\n<p><strong>Naudojimas:<\/strong><br \/>\n1. I\u0161imkite kauk\u0119 i\u0161 pakuot\u0117s ir u\u017ed\u0117kite ant anks\u010diau nuvalyto veido, \u0161velniai i\u0161lygindami pir\u0161t\u0173 galiukais.<br \/>\n2. Palaikykite kauk\u0119 ant odos 15-20 minu\u010di\u0173.<br \/>\n3. Likusi\u0105 emulsijos dal\u012f \u012fmasa\u017euokite \u012f od\u0105. Neplaukite. Jei reikia, vatos diskeliu pa\u0161alinkite likusi\u0105 emulsij\u0105.<\/p>\n<p><strong>D\u0117mesio:<\/strong> tik vienkartiniam naudojimui! Rekomenduojama naudoti 1-2 kartus per savait\u0119. Prie\u0161 naudodami kauk\u0119 i\u0161bandykite ant nedidelio odos ploto. Jei pasirei\u0161kia alergin\u0117 reakcija, nustokite vartoti. Tik i\u0161oriniam naudojiimui Kauk\u0119 rekomenduojama naudoti i\u0161kart atidarius pakuot\u0119. Patekus \u012f akis, gerai nuplauti dideliu kiekiu tekan\u010dio vandens.&nbsp;<\/p>\n<p><strong>Kontraindikacijos:<\/strong> individualus netoleravimas kauk\u0117s komponentams.<\/p>\n<p>Laikyti nuo +5&deg;C iki +25&deg;C temperat\u016broje ir 55-70% santykin\u0117je oro dr\u0117gm\u0117je, apsaugotoje nuo tiesiogini\u0173 saul\u0117s spinduli\u0173, ne ma\u017eesniu kaip vieno metro atstumu nuo auk\u0161tos temperat\u016bros \u0161altini\u0173.<br \/>\n&nbsp;<\/p>\n","protected":false},"excerpt":{"rendered":"<p>Intensyvaus poveikio lak\u0161tin\u0117 veido kauk\u0117 &bdquo;Snail mucin&amp;Collagen&ldquo; dr\u0117kina ir u\u017ekerta keli\u0105 su am\u017eiumi susijusiems odos poky\u010diams. Sraigi\u0173 mucinas padeda padidinti epidermio turgor\u0105 ir suma\u017einti rauk\u0161li\u0173 skai\u010di\u0173 bei gyl\u012f. Hidrolizuotas kolagenas stiprina epiderm\u012f, i\u0161lygina tonus\u0105, o veidas tampa tonizuotas ir gaivus. Hialurono r\u016bg\u0161tis giliai dr\u0117kina od\u0105, padeda pagerinti odos elastingum\u0105 ir skatina l\u0105steli\u0173 atsinaujinim\u0105. Naudojimas: 1. [&#8230;]\n","protected":false},"featured_media":86930,"template":"","meta":[],"product_cat":[1369],"product_tag":[],"class_list":{"0":"post-37570","1":"product","2":"type-product","3":"status-publish","4":"has-post-thumbnail","6":"product_brand-naturpro_ua-lt","7":"product_cat-veido-kaukes","9":"first","10":"instock","11":"taxable","12":"shipping-taxable","13":"product-type-simple"},"_links":{"self":[{"href":"https:\/\/e.kosmolat.eu\/lt\/wp-json\/wp\/v2\/product\/37570","targetHints":{"allow":["GET"]}}],"collection":[{"href":"https:\/\/e.kosmolat.eu\/lt\/wp-json\/wp\/v2\/product"}],"about":[{"href":"https:\/\/e.kosmolat.eu\/lt\/wp-json\/wp\/v2\/types\/product"}],"wp:featuredmedia":[{"embeddable":true,"href":"https:\/\/e.kosmolat.eu\/lt\/wp-json\/wp\/v2\/media\/86930"}],"wp:attachment":[{"href":"https:\/\/e.kosmolat.eu\/lt\/wp-json\/wp\/v2\/media?parent=37570"}],"wp:term":[{"taxonomy":"product_cat","embeddable":true,"href":"https:\/\/e.kosmolat.eu\/lt\/wp-json\/wp\/v2\/product_cat?post=37570"},{"taxonomy":"product_tag","embeddable":true,"href":"https:\/\/e.kosmolat.eu\/lt\/wp-json\/wp\/v2\/product_tag?post=37570"}],"curies":[{"name":"wp","href":"https:\/\/api.w.org\/{rel}","templated":true}]}}