{"id":37566,"date":"2023-12-22T19:59:46","date_gmt":"2023-12-22T19:59:46","guid":{"rendered":"https:\/\/e.kosmolat.eu\/product\/bd-putu-auduma-maska-25-ml\/"},"modified":"2026-04-17T11:25:23","modified_gmt":"2026-04-17T11:25:23","slug":"bd-putu-auduma-maska-25-ml","status":"publish","type":"product","link":"https:\/\/e.kosmolat.eu\/lt\/produktas\/bd-putu-auduma-maska-25-ml\/","title":{"rendered":"BEAUTYDERM Putojanti lak\u0161tin\u0117 kauk\u0117, 25 ml"},"content":{"rendered":"<p><strong>Putojanti lak\u0161tin\u0117 kauk\u0117 i<\/strong>\u0161 karto naudojant virsta deguonies prisotintomis putomis. Kauk\u0117 skatina \u0161veln\u0173 dr\u0117kinim\u0105, mink\u0161t\u0105 mityb\u0105, l\u0105steli\u0173 regeneracij\u0105, i\u0161lygina odos mikroreljef\u0105, gerina veido spalv\u0105. D\u0117l kauk\u0117s serume esan\u010dios <strong>AKTYVUOTOSIOS ANGLIES<\/strong>, kuri pla\u010diai \u017einoma d\u0117l savo sugeriamojo poveikio, ji efektyviai valo od\u0105 ir normalizuoja riebalini\u0173 liauk\u0173 veikl\u0105. Padeda pagerinti problemin\u0117s odos b\u016bkl\u0119. <strong>HIALURONO R\u016aG&Scaron;TIS<\/strong> giliai atkuria ir dr\u0117kina epiderm\u012f, skatina odos atsinaujinimo ir atjauninimo procesus, kompensuoja dr\u0117gm\u0117s tr\u016bkum\u0105, ilgam pa\u0161alindama sausum\u0105.<br \/>\n<strong>Ilgalaikiai rezultatai:<\/strong><br \/>\n&#8211; padeda suma\u017einti poras,<br \/>\n&#8211; skatina negyv\u0173 l\u0105steli\u0173 pa\u0161alinim\u0105,<br \/>\n&#8211; padidina odos elastingum\u0105,<br \/>\n&#8211; Dr\u0117kina ir jaunina.<br \/>\n<strong>Naudojimas:<\/strong> I\u0161imkite kauk\u0119 i\u0161 pakuot\u0117s ir u\u017ed\u0117kite ant i\u0161 anksto nuvalyto veido, \u0161velniai paskirstydami j\u0105 pir\u0161t\u0173 galiukais. Laikykite kauk\u0119 ant odos 15-20 minu\u010di\u0173. &Scaron;iuo metu ant veido susidarys mink\u0161tos deguonies putos. Pra\u0117jus \u0161iam laikui, nuimkite kauk\u0119 ir liku\u010dius nuplaukite masa\u017eo judesiais \u0161iltu vandeniu.<br \/>\nD\u0117mesio: prie\u0161 naudodami kauk\u0119 turite i\u0161bandyti ant nedidelio odos ploto. Jei pasirei\u0161kia alergin\u0117 reakcija, nustokite naudoti.<br \/>\n<strong>Kontraindikacijos:<\/strong> individualus netoleravimas kauk\u0117s komponentams. Laikyti nuo +5&deg;C iki +25&deg;C temperat\u016broje, kai santykin\u0117 oro dr\u0117gm\u0117 55-70%, apsaugota nuo tiesiogini\u0173 saul\u0117s spinduli\u0173, ma\u017eiausiai vieno metro atstumu nuo auk\u0161tos temperat\u016bros \u0161altini\u0173.&nbsp;<br \/>\n&nbsp;<\/p>\n","protected":false},"excerpt":{"rendered":"<p>Putojanti lak\u0161tin\u0117 kauk\u0117 i\u0161 karto naudojant virsta deguonies prisotintomis putomis. Kauk\u0117 skatina \u0161veln\u0173 dr\u0117kinim\u0105, mink\u0161t\u0105 mityb\u0105, l\u0105steli\u0173 regeneracij\u0105, i\u0161lygina odos mikroreljef\u0105, gerina veido spalv\u0105. D\u0117l kauk\u0117s serume esan\u010dios AKTYVUOTOSIOS ANGLIES, kuri pla\u010diai \u017einoma d\u0117l savo sugeriamojo poveikio, ji efektyviai valo od\u0105 ir normalizuoja riebalini\u0173 liauk\u0173 veikl\u0105. Padeda pagerinti problemin\u0117s odos b\u016bkl\u0119. HIALURONO R\u016aG&Scaron;TIS giliai atkuria [&#8230;]\n","protected":false},"featured_media":86926,"template":"","meta":[],"product_cat":[1369],"product_tag":[],"class_list":{"0":"post-37566","1":"product","2":"type-product","3":"status-publish","4":"has-post-thumbnail","6":"product_brand-naturpro_ua-lt","7":"product_cat-veido-kaukes","9":"first","10":"instock","11":"taxable","12":"shipping-taxable","13":"product-type-simple"},"_links":{"self":[{"href":"https:\/\/e.kosmolat.eu\/lt\/wp-json\/wp\/v2\/product\/37566","targetHints":{"allow":["GET"]}}],"collection":[{"href":"https:\/\/e.kosmolat.eu\/lt\/wp-json\/wp\/v2\/product"}],"about":[{"href":"https:\/\/e.kosmolat.eu\/lt\/wp-json\/wp\/v2\/types\/product"}],"wp:featuredmedia":[{"embeddable":true,"href":"https:\/\/e.kosmolat.eu\/lt\/wp-json\/wp\/v2\/media\/86926"}],"wp:attachment":[{"href":"https:\/\/e.kosmolat.eu\/lt\/wp-json\/wp\/v2\/media?parent=37566"}],"wp:term":[{"taxonomy":"product_cat","embeddable":true,"href":"https:\/\/e.kosmolat.eu\/lt\/wp-json\/wp\/v2\/product_cat?post=37566"},{"taxonomy":"product_tag","embeddable":true,"href":"https:\/\/e.kosmolat.eu\/lt\/wp-json\/wp\/v2\/product_tag?post=37566"}],"curies":[{"name":"wp","href":"https:\/\/api.w.org\/{rel}","templated":true}]}}