{"id":37562,"date":"2023-12-22T19:59:21","date_gmt":"2023-12-22T19:59:21","guid":{"rendered":"https:\/\/e.kosmolat.eu\/product\/bd-putu-sejas-maska-mineral-bubble-7-ml\/"},"modified":"2026-04-23T07:17:18","modified_gmt":"2026-04-23T07:17:18","slug":"bd-putu-sejas-maska-mineral-bubble-7-ml","status":"publish","type":"product","link":"https:\/\/e.kosmolat.eu\/lt\/produktas\/bd-putu-sejas-maska-mineral-bubble-7-ml\/","title":{"rendered":"BEAUTYDERM Putojanti veido kauk\u0117 Mineral Bubble, 7 ml"},"content":{"rendered":"<p><strong>BEAUTYDERM veido kauk\u0117 su mineralin\u0117mis putomis.<\/strong> Mineralin\u0117 deguonies kauk\u0117 su hialurono r\u016bg\u0161timi, kuri i\u0161kart po u\u017etepimo virsta deguonimi praturtintomis putomis. Kauk\u0117 skatina gil\u0173 dr\u0117kinim\u0105, \u0161veln\u0173 maitinim\u0105, l\u0105steli\u0173 regeneracij\u0105, mikroreljefo i\u0161lyginim\u0105 ir veido odos pagerinim\u0105.<br \/>\n<strong>Naudojimas<\/strong>: U\u017etepkite kauk\u0119 ant nuvalyto veido, po 10-15 minu\u010di\u0173 nuplaukite.<br \/>\nD\u0117mesio: prie\u0161 naudodami kauk\u0119 turite i\u0161bandyti ant nedidelio odos ploto. Jei pasirei\u0161kia alergin\u0117 reakcija, nustokite naudoti.<br \/>\n<strong>Kontraindikacijos:<\/strong> individualus netoleravimas kauk\u0117s komponentams. Laikyti nuo +5&deg;C iki +25&deg;C temperat\u016broje, &nbsp;kai santykin\u0117 oro dr\u0117gm\u0117 55-70%, saugoti nuo tiesiogini\u0173 saul\u0117s spinduli\u0173, ma\u017eiausiai vieno metro atstumu nuo auk\u0161tos temperat\u016bros \u0161altini\u0173.<br \/>\n&nbsp;<\/p>\n","protected":false},"excerpt":{"rendered":"<p>BEAUTYDERM veido kauk\u0117 su mineralin\u0117mis putomis. Mineralin\u0117 deguonies kauk\u0117 su hialurono r\u016bg\u0161timi, kuri i\u0161kart po u\u017etepimo virsta deguonimi praturtintomis putomis. Kauk\u0117 skatina gil\u0173 dr\u0117kinim\u0105, \u0161veln\u0173 maitinim\u0105, l\u0105steli\u0173 regeneracij\u0105, mikroreljefo i\u0161lyginim\u0105 ir veido odos pagerinim\u0105. Naudojimas: U\u017etepkite kauk\u0119 ant nuvalyto veido, po 10-15 minu\u010di\u0173 nuplaukite. D\u0117mesio: prie\u0161 naudodami kauk\u0119 turite i\u0161bandyti ant nedidelio odos ploto. Jei [&#8230;]\n","protected":false},"featured_media":86918,"template":"","meta":[],"product_cat":[1369],"product_tag":[],"class_list":{"0":"post-37562","1":"product","2":"type-product","3":"status-publish","4":"has-post-thumbnail","6":"product_brand-naturpro_ua-lt","7":"product_cat-veido-kaukes","9":"first","10":"instock","11":"taxable","12":"shipping-taxable","13":"product-type-simple"},"_links":{"self":[{"href":"https:\/\/e.kosmolat.eu\/lt\/wp-json\/wp\/v2\/product\/37562","targetHints":{"allow":["GET"]}}],"collection":[{"href":"https:\/\/e.kosmolat.eu\/lt\/wp-json\/wp\/v2\/product"}],"about":[{"href":"https:\/\/e.kosmolat.eu\/lt\/wp-json\/wp\/v2\/types\/product"}],"wp:featuredmedia":[{"embeddable":true,"href":"https:\/\/e.kosmolat.eu\/lt\/wp-json\/wp\/v2\/media\/86918"}],"wp:attachment":[{"href":"https:\/\/e.kosmolat.eu\/lt\/wp-json\/wp\/v2\/media?parent=37562"}],"wp:term":[{"taxonomy":"product_cat","embeddable":true,"href":"https:\/\/e.kosmolat.eu\/lt\/wp-json\/wp\/v2\/product_cat?post=37562"},{"taxonomy":"product_tag","embeddable":true,"href":"https:\/\/e.kosmolat.eu\/lt\/wp-json\/wp\/v2\/product_tag?post=37562"}],"curies":[{"name":"wp","href":"https:\/\/api.w.org\/{rel}","templated":true}]}}