{"id":37550,"date":"2023-12-22T19:57:57","date_gmt":"2023-12-22T19:57:57","guid":{"rendered":"https:\/\/e.kosmolat.eu\/product\/bd-alginata-maska-hyaluron-active-20-g\/"},"modified":"2026-04-09T14:01:41","modified_gmt":"2026-04-09T14:01:41","slug":"bd-alginata-maska-hyaluron-active-20-g","status":"publish","type":"product","link":"https:\/\/e.kosmolat.eu\/lt\/produktas\/bd-alginata-maska-hyaluron-active-20-g\/","title":{"rendered":"BEAUTYDERM Alginatin\u0117 kauk\u0117 Hyaluron Active, 20 g"},"content":{"rendered":"<p><strong>Hialurono r\u016bg&scaron;tis<\/strong> yra nat\u016bralus \u017emogaus odos komponentas, kur\u012f organizmas gerai toleruoja, nesukelia alergijos ir atst\u016bmimo. Gr\u0105\u017eina odai gro\u017e\u012f ir jaunatvi&scaron;kum\u0105 ir yra saugiausia priemon\u0117 kont\u016bravimui.<br \/>\n<strong>Kolagenas<\/strong> yra nat\u016bralus odoje esantis baltymas, kuris palaiko nat\u016bral\u0173 elastingumo lyg\u012f ir gerina odos tekst\u016br\u0105.<br \/>\n<strong>M\u0117lynojo lotoso ekstraktas<\/strong>, \u012ftrauktas \u012f alginatin\u0117s kauk\u0117s pagrind\u0105, d\u0117l flavonoid\u0173 kiekio gali sul\u0117tinti sen\u0117jimo procesus, susijusius su gliukoz\u0117s metabolizmu l\u0105steli\u0173 lygiu.<\/p>\n<p><strong>Naudojimas:<\/strong><br \/>\n1.&nbsp;Sumai&scaron;ykite 20 g saus\u0173 milteli\u0173 su 60 ml &scaron;alto vandens 20-25&deg;C, santykiu 1:3.<br \/>\n2. Kruop&scaron;\u010diai mai&scaron;ykite, kol susidarys vienalyt\u0117 mas\u0117.<br \/>\n3. U\u017etepkite kauk\u0119 ant nuvalyto veido 3-5 mm storio sluoksniu.<br \/>\n4. Galima tepti ant viso veido, \u012fskaitant l\u016bpas ir aki\u0173 vokus.<br \/>\n5. Po 5-7 min. KAUK\u0116 SUFORMUOJA TA&Scaron;KI\u0104 ELASTING\u0104 Pl\u0117vel\u0119.<br \/>\n6. Po 15-20 minu\u010di\u0173 i&scaron;imkite. vienas sluoksnis i&scaron; apa\u010dios \u012f vir&scaron;\u0173.<\/p>\n<p><strong>D\u0117mesio:<\/strong> prie&scaron; naudodami kauk\u0119 turite i&scaron;bandyti ant nedidelio odos ploto. Jei pasirei&scaron;kia alergin\u0117 reakcija, nustokite naudoti.<\/p>\n<p><strong>Kontraindikacijos:<\/strong> individualus netoleravimas kauk\u0117s komponentams.<\/p>\n<p>Laikyti nuo +5&deg;C iki +25&deg;C ir 55-70% santykin\u0117je &nbsp;dr\u0117gm\u0117je, apsaugotoje nuo tiesiogini\u0173 saul\u0117s spinduli\u0173 vietoje. Nelaikykite gaminio ar\u010diau kaip 1 m atstumu nuo auk&scaron;tos temperat\u016bros &scaron;altini\u0173.<\/p>\n","protected":false},"excerpt":{"rendered":"<p>Hialurono r\u016bg&scaron;tis yra nat\u016bralus \u017emogaus odos komponentas, kur\u012f organizmas gerai toleruoja, nesukelia alergijos ir atst\u016bmimo. Gr\u0105\u017eina odai gro\u017e\u012f ir jaunatvi&scaron;kum\u0105 ir yra saugiausia priemon\u0117 kont\u016bravimui. Kolagenas yra nat\u016bralus odoje esantis baltymas, kuris palaiko nat\u016bral\u0173 elastingumo lyg\u012f ir gerina odos tekst\u016br\u0105. M\u0117lynojo lotoso ekstraktas, \u012ftrauktas \u012f alginatin\u0117s kauk\u0117s pagrind\u0105, d\u0117l flavonoid\u0173 kiekio gali sul\u0117tinti sen\u0117jimo procesus, [&#8230;]\n","protected":false},"featured_media":86906,"template":"","meta":[],"product_cat":[2181],"product_tag":[],"class_list":{"0":"post-37550","1":"product","2":"type-product","3":"status-publish","4":"has-post-thumbnail","6":"product_brand-naturpro_ua-lt","7":"product_cat-bez-kategorijas-lt","9":"first","10":"instock","11":"taxable","12":"shipping-taxable","13":"product-type-simple"},"_links":{"self":[{"href":"https:\/\/e.kosmolat.eu\/lt\/wp-json\/wp\/v2\/product\/37550","targetHints":{"allow":["GET"]}}],"collection":[{"href":"https:\/\/e.kosmolat.eu\/lt\/wp-json\/wp\/v2\/product"}],"about":[{"href":"https:\/\/e.kosmolat.eu\/lt\/wp-json\/wp\/v2\/types\/product"}],"wp:featuredmedia":[{"embeddable":true,"href":"https:\/\/e.kosmolat.eu\/lt\/wp-json\/wp\/v2\/media\/86906"}],"wp:attachment":[{"href":"https:\/\/e.kosmolat.eu\/lt\/wp-json\/wp\/v2\/media?parent=37550"}],"wp:term":[{"taxonomy":"product_cat","embeddable":true,"href":"https:\/\/e.kosmolat.eu\/lt\/wp-json\/wp\/v2\/product_cat?post=37550"},{"taxonomy":"product_tag","embeddable":true,"href":"https:\/\/e.kosmolat.eu\/lt\/wp-json\/wp\/v2\/product_tag?post=37550"}],"curies":[{"name":"wp","href":"https:\/\/api.w.org\/{rel}","templated":true}]}}