{"id":37542,"date":"2023-12-22T19:57:01","date_gmt":"2023-12-22T19:57:01","guid":{"rendered":"https:\/\/e.kosmolat.eu\/product\/bd-alginata-melna-maska-attirosa-20-g\/"},"modified":"2026-04-17T11:25:08","modified_gmt":"2026-04-17T11:25:08","slug":"bd-alginata-melna-maska-attirosa-20-g","status":"publish","type":"product","link":"https:\/\/e.kosmolat.eu\/lt\/produktas\/bd-alginata-melna-maska-attirosa-20-g\/","title":{"rendered":"BEAUTYDERM Alginatin\u0117 kauk\u0117 Valanti, 20 g"},"content":{"rendered":"<p><strong>Bambuk\u0173 anglis<\/strong> skatina gilesn\u012f odos valym\u0105, sugeria ir pa&scaron;alina ne&scaron;varum\u0173, toksin\u0173 ir riebal\u0173 liku\u010dius.<br \/>\n<strong>Kolagenas<\/strong>, kuris yra kauk\u0117s dalis, yra nat\u016bralus odos komponentas, b\u016btinas sen\u0117jimo prevencijai ir optimalaus odos dr\u0117kinimo lygio palaikymui.<\/p>\n<p><strong>Naudojimas:<\/strong><br \/>\n1. Sumai&scaron;ykite 20 g saus\u0173 milteli\u0173 su 60 ml &scaron;alto vandens 20-25&deg;C, santykiu 1:3.<br \/>\n2. Kruop&scaron;\u010diai mai&scaron;ykite, kol susidarys vienalyt\u0117 mas\u0117.<br \/>\n3. U\u017etepkite kauk\u0119 ant nuvalyto veido 3-5 mm storio sluoksniu.<br \/>\n4. Galima tepti ant viso veido, \u012fskaitant l\u016bpas ir aki\u0173 vokus.<br \/>\n5. Po 5-7 min. KAUK\u0116 SUFORMUOJA TA&Scaron;KI\u0104 ELASTING\u0104 Pl\u0117vel\u0119.<br \/>\n6. Po 15-20 minu\u010di\u0173 i&scaron;imkite. vienas sluoksnis i&scaron; apa\u010dios \u012f vir&scaron;\u0173.<\/p>\n<p><strong>D\u0117mesio:<\/strong> prie&scaron; naudodami kauk\u0119 turite i&scaron;bandyti ant nedidelio odos ploto. Jei pasirei&scaron;kia alergin\u0117 reakcija, nustokite naudoti.<\/p>\n<p><strong>Kontraindikacijos:<\/strong> individualus netoleravimas kauk\u0117s komponentams.<\/p>\n<p>Laikyti nuo +5&deg;C iki +25&deg;C ir 55-70% santykin\u0117je &nbsp;dr\u0117gm\u0117je, apsaugotoje nuo tiesiogini\u0173 saul\u0117s spinduli\u0173 vietoje. Nelaikykite gaminio ar\u010diau kaip 1 m atstumu nuo auk&scaron;tos temperat\u016bros &scaron;altini\u0173.<\/p>\n","protected":false},"excerpt":{"rendered":"<p>Bambuk\u0173 anglis skatina gilesn\u012f odos valym\u0105, sugeria ir pa&scaron;alina ne&scaron;varum\u0173, toksin\u0173 ir riebal\u0173 liku\u010dius. Kolagenas, kuris yra kauk\u0117s dalis, yra nat\u016bralus odos komponentas, b\u016btinas sen\u0117jimo prevencijai ir optimalaus odos dr\u0117kinimo lygio palaikymui. Naudojimas: 1. Sumai&scaron;ykite 20 g saus\u0173 milteli\u0173 su 60 ml &scaron;alto vandens 20-25&deg;C, santykiu 1:3. 2. Kruop&scaron;\u010diai mai&scaron;ykite, kol susidarys vienalyt\u0117 mas\u0117. 3. [&#8230;]\n","protected":false},"featured_media":86898,"template":"","meta":[],"product_cat":[1369],"product_tag":[],"class_list":{"0":"post-37542","1":"product","2":"type-product","3":"status-publish","4":"has-post-thumbnail","6":"product_brand-naturpro_ua-lt","7":"product_cat-veido-kaukes","9":"first","10":"outofstock","11":"taxable","12":"shipping-taxable","13":"product-type-simple"},"_links":{"self":[{"href":"https:\/\/e.kosmolat.eu\/lt\/wp-json\/wp\/v2\/product\/37542","targetHints":{"allow":["GET"]}}],"collection":[{"href":"https:\/\/e.kosmolat.eu\/lt\/wp-json\/wp\/v2\/product"}],"about":[{"href":"https:\/\/e.kosmolat.eu\/lt\/wp-json\/wp\/v2\/types\/product"}],"wp:featuredmedia":[{"embeddable":true,"href":"https:\/\/e.kosmolat.eu\/lt\/wp-json\/wp\/v2\/media\/86898"}],"wp:attachment":[{"href":"https:\/\/e.kosmolat.eu\/lt\/wp-json\/wp\/v2\/media?parent=37542"}],"wp:term":[{"taxonomy":"product_cat","embeddable":true,"href":"https:\/\/e.kosmolat.eu\/lt\/wp-json\/wp\/v2\/product_cat?post=37542"},{"taxonomy":"product_tag","embeddable":true,"href":"https:\/\/e.kosmolat.eu\/lt\/wp-json\/wp\/v2\/product_tag?post=37542"}],"curies":[{"name":"wp","href":"https:\/\/api.w.org\/{rel}","templated":true}]}}