{"id":37538,"date":"2023-12-22T19:56:35","date_gmt":"2023-12-22T19:56:35","guid":{"rendered":"https:\/\/e.kosmolat.eu\/product\/bd-balinosa-kosmetiska-maska-tomats-15-ml\/"},"modified":"2026-04-22T08:31:22","modified_gmt":"2026-04-22T08:31:22","slug":"bd-balinosa-kosmetiska-maska-tomats-15-ml","status":"publish","type":"product","link":"https:\/\/e.kosmolat.eu\/lt\/produktas\/bd-balinosa-kosmetiska-maska-tomats-15-ml\/","title":{"rendered":"BEAUTYDERM Kosmetin\u0117 kauk\u0117 \u0161viesinanti \u201cPomidoras\u201d, 15 ml"},"content":{"rendered":"<p><strong>Pomidorai<\/strong> yra daugelio vitamin\u0173 ir maistini\u0173 med\u017eiag\u0173, ypa\u010d likopeno, \u0161altinis, jie puikiai tinka probleminei, riebiai ir mi\u0161riai odai pri\u017ei\u016br\u0117ti, padeda i\u0161vengti nauj\u0173 rauk\u0161li\u0173 atsiradimo ir i\u0161lygina esamas.<br \/>\n<strong>Kosmetin\u0117 kauk\u0117 &quot;Pomidor\u0173 balinimas&quot;<\/strong> skatina por\u0173 susiaur\u0117jim\u0105, reguliuoja riebalini\u0173 liauk\u0173 veikl\u0105, pagreitina spuog\u0173 ir u\u017edegim\u0173 gijim\u0105, i\u0161lygina odos atspalv\u012f, daro j\u0105 gaivesn\u0119, \u0161viesina pigmentacij\u0105 ir po spuog\u0173.<br \/>\n<strong>Naudojimas:<\/strong> atidarykite pakuot\u0119 ir u\u017etepkite kauk\u0119 ant nuvalyto veido, po 10-15 minu\u010di\u0173 nuplaukite.<br \/>\nD\u0117mesio: prie\u0161 naudodami kauk\u0119 turite i\u0161bandyti ant nedidelio odos ploto. Jei pasirei\u0161kia alergin\u0117 reakcija, nustokite vartoti.<br \/>\n<strong>Kontraindikacijos:<\/strong> individualus netoleravimas kauk\u0117s komponentams. Laikyti nuo +5&deg;C iki +25&deg;C temperat\u016broje, o santykin\u0117 oro dr\u0117gm\u0117 55-70%, apsaugota nuo tiesiogini\u0173 saul\u0117s spinduli\u0173, ma\u017eiausiai vieno metro atstumu nuo auk\u0161tos temperat\u016bros \u0161altini\u0173.<br \/>\n&nbsp;<\/p>\n","protected":false},"excerpt":{"rendered":"<p>Pomidorai yra daugelio vitamin\u0173 ir maistini\u0173 med\u017eiag\u0173, ypa\u010d likopeno, \u0161altinis, jie puikiai tinka probleminei, riebiai ir mi\u0161riai odai pri\u017ei\u016br\u0117ti, padeda i\u0161vengti nauj\u0173 rauk\u0161li\u0173 atsiradimo ir i\u0161lygina esamas. Kosmetin\u0117 kauk\u0117 &quot;Pomidor\u0173 balinimas&quot; skatina por\u0173 susiaur\u0117jim\u0105, reguliuoja riebalini\u0173 liauk\u0173 veikl\u0105, pagreitina spuog\u0173 ir u\u017edegim\u0173 gijim\u0105, i\u0161lygina odos atspalv\u012f, daro j\u0105 gaivesn\u0119, \u0161viesina pigmentacij\u0105 ir po spuog\u0173. Naudojimas: [&#8230;]\n","protected":false},"featured_media":86882,"template":"","meta":[],"product_cat":[2181],"product_tag":[],"class_list":{"0":"post-37538","1":"product","2":"type-product","3":"status-publish","4":"has-post-thumbnail","6":"product_brand-naturpro_ua-lt","7":"product_cat-bez-kategorijas-lt","9":"first","10":"instock","11":"taxable","12":"shipping-taxable","13":"product-type-simple"},"_links":{"self":[{"href":"https:\/\/e.kosmolat.eu\/lt\/wp-json\/wp\/v2\/product\/37538","targetHints":{"allow":["GET"]}}],"collection":[{"href":"https:\/\/e.kosmolat.eu\/lt\/wp-json\/wp\/v2\/product"}],"about":[{"href":"https:\/\/e.kosmolat.eu\/lt\/wp-json\/wp\/v2\/types\/product"}],"wp:featuredmedia":[{"embeddable":true,"href":"https:\/\/e.kosmolat.eu\/lt\/wp-json\/wp\/v2\/media\/86882"}],"wp:attachment":[{"href":"https:\/\/e.kosmolat.eu\/lt\/wp-json\/wp\/v2\/media?parent=37538"}],"wp:term":[{"taxonomy":"product_cat","embeddable":true,"href":"https:\/\/e.kosmolat.eu\/lt\/wp-json\/wp\/v2\/product_cat?post=37538"},{"taxonomy":"product_tag","embeddable":true,"href":"https:\/\/e.kosmolat.eu\/lt\/wp-json\/wp\/v2\/product_tag?post=37538"}],"curies":[{"name":"wp","href":"https:\/\/api.w.org\/{rel}","templated":true}]}}