{"id":37534,"date":"2023-12-22T19:56:13","date_gmt":"2023-12-22T19:56:13","guid":{"rendered":"https:\/\/e.kosmolat.eu\/product\/bd-atjaunojosa-kosmetiska-maska-akai-15-ml\/"},"modified":"2026-04-22T13:25:44","modified_gmt":"2026-04-22T13:25:44","slug":"bd-atjaunojosa-kosmetiska-maska-akai-15-ml","status":"publish","type":"product","link":"https:\/\/e.kosmolat.eu\/lt\/produktas\/bd-atjaunojosa-kosmetiska-maska-akai-15-ml\/","title":{"rendered":"BEAUTYDERM Kosmetin\u0117 kauk\u0117 jauninanti \u201cAcai\u201d, 15 ml"},"content":{"rendered":"<p><strong>Acai uogos<\/strong> yra stiprus antioksidantas ir vitamin\u0173 &scaron;altinis, l\u0117tinantis odos sen\u0117jimo procesus ir atkuriantis jos elastingum\u0105, nepa\u017eeid\u017eiant hidrolipid\u0173 pusiausvyros.<\/p>\n<p><strong>Kosmetin\u0117 kauk\u0117<\/strong> &nbsp;i&scaron;lygina veido tonus\u0105, atkuria hidrolipid\u0173 balans\u0105, padeda atjauninti od\u0105 ir suma\u017einti mimikos rauk&scaron;les.<\/p>\n<p><strong>Naudojimas:<\/strong> atidarykite pakuot\u0119 ir u\u017etepkite kauk\u0119 ant nuvalyto veido, po 10-15 minu\u010di\u0173 nuplaukite.<\/p>\n<p><strong>D\u0117mesio: <\/strong>prie&scaron; naudodami kauk\u0119 turite i&scaron;bandyti ant nedidelio odos ploto. Jei pasirei&scaron;kia alergin\u0117 reakcija, nustokite vartoti.<\/p>\n<p><strong>Kontraindikacijos<\/strong>: individualus netoleravimas kauk\u0117s komponentams. Laikyti nuo +5&deg;C iki +25&deg;C temperat\u016broje, o santykin\u0117 oro dr\u0117gm\u0117 55-70%, apsaugota nuo tiesiogini\u0173<strong> <\/strong>saul\u0117s spinduli\u0173, ma\u017eiausiai vieno metro atstumu nuo auk&scaron;tos temperat\u016bros &scaron;altini\u0173.<br \/>\n&nbsp;<\/p>\n","protected":false},"excerpt":{"rendered":"<p>Acai uogos yra stiprus antioksidantas ir vitamin\u0173 &scaron;altinis, l\u0117tinantis odos sen\u0117jimo procesus ir atkuriantis jos elastingum\u0105, nepa\u017eeid\u017eiant hidrolipid\u0173 pusiausvyros. Kosmetin\u0117 kauk\u0117 &nbsp;i&scaron;lygina veido tonus\u0105, atkuria hidrolipid\u0173 balans\u0105, padeda atjauninti od\u0105 ir suma\u017einti mimikos rauk&scaron;les. Naudojimas: atidarykite pakuot\u0119 ir u\u017etepkite kauk\u0119 ant nuvalyto veido, po 10-15 minu\u010di\u0173 nuplaukite. D\u0117mesio: prie&scaron; naudodami kauk\u0119 turite i&scaron;bandyti ant nedidelio [&#8230;]\n","protected":false},"featured_media":86878,"template":"","meta":[],"product_cat":[2181],"product_tag":[],"class_list":{"0":"post-37534","1":"product","2":"type-product","3":"status-publish","4":"has-post-thumbnail","6":"product_brand-naturpro_ua-lt","7":"product_cat-bez-kategorijas-lt","9":"first","10":"instock","11":"taxable","12":"shipping-taxable","13":"product-type-simple"},"_links":{"self":[{"href":"https:\/\/e.kosmolat.eu\/lt\/wp-json\/wp\/v2\/product\/37534","targetHints":{"allow":["GET"]}}],"collection":[{"href":"https:\/\/e.kosmolat.eu\/lt\/wp-json\/wp\/v2\/product"}],"about":[{"href":"https:\/\/e.kosmolat.eu\/lt\/wp-json\/wp\/v2\/types\/product"}],"wp:featuredmedia":[{"embeddable":true,"href":"https:\/\/e.kosmolat.eu\/lt\/wp-json\/wp\/v2\/media\/86878"}],"wp:attachment":[{"href":"https:\/\/e.kosmolat.eu\/lt\/wp-json\/wp\/v2\/media?parent=37534"}],"wp:term":[{"taxonomy":"product_cat","embeddable":true,"href":"https:\/\/e.kosmolat.eu\/lt\/wp-json\/wp\/v2\/product_cat?post=37534"},{"taxonomy":"product_tag","embeddable":true,"href":"https:\/\/e.kosmolat.eu\/lt\/wp-json\/wp\/v2\/product_tag?post=37534"}],"curies":[{"name":"wp","href":"https:\/\/api.w.org\/{rel}","templated":true}]}}