{"id":37530,"date":"2023-12-22T19:55:44","date_gmt":"2023-12-22T19:55:44","guid":{"rendered":"https:\/\/e.kosmolat.eu\/product\/bd-barojosa-kosmetiska-maska-banans-15-ml\/"},"modified":"2026-04-23T11:38:36","modified_gmt":"2026-04-23T11:38:36","slug":"bd-barojosa-kosmetiska-maska-banans-15-ml","status":"publish","type":"product","link":"https:\/\/e.kosmolat.eu\/lt\/produktas\/bd-barojosa-kosmetiska-maska-banans-15-ml\/","title":{"rendered":"BEAUTYDERM Kosmetin\u0117 kauk\u0117 maitinanti \u201cBananas\u201d, 15 ml"},"content":{"rendered":"<p><strong>Banane<\/strong> yra daug nauding\u0173 med\u017eiag\u0173: kalcio, gele\u017eies ir fosforo jungini\u0173, vitamino C, beta karotino, B grup\u0117s vitamin\u0173, kurie padeda maitinti, dr\u0117kinti ir lygina odos mikroreljef\u0105.<\/p>\n<p><strong>Kosmetin\u0117 kauk\u0117 &quot;Bananas&quot;<\/strong> prisideda prie l\u0105steli\u0173 med\u017eiag\u0173 apykaitos normalizavimo, maitina, dr\u0117kina od\u0105, i&scaron;laikant jos stangrum\u0105 ir elastingum\u0105.<\/p>\n<p><strong>Naudojimas:<\/strong> atidarykite pakuot\u0119 ir u\u017etepkite kauk\u0119 ant nuvalyto veido, po 10-15 minu\u010di\u0173 nuplaukite.<\/p>\n<p><strong>D\u0117mesio: <\/strong>prie&scaron; naudodami kauk\u0119 turite i&scaron;bandyti ant nedidelio odos ploto. Jei pasirei&scaron;kia alergin\u0117 reakcija, nustokite vartoti.<\/p>\n<p><strong>Kontraindikacijos:<\/strong> individualus netoleravimas kauk\u0117s komponentams. Laikyti nuo +5&deg;C iki +25&deg;C temperat\u016broje, o santykin\u0117 oro dr\u0117gm\u0117 55-70%, apsaugota nuo tiesiogini\u0173 saul\u0117s spinduli\u0173, ma\u017eiausiai vieno metro atstumu nuo auk&scaron;tos temperat\u016bros &scaron;altini\u0173.<br \/>\n&nbsp;<\/p>\n","protected":false},"excerpt":{"rendered":"<p>Banane yra daug nauding\u0173 med\u017eiag\u0173: kalcio, gele\u017eies ir fosforo jungini\u0173, vitamino C, beta karotino, B grup\u0117s vitamin\u0173, kurie padeda maitinti, dr\u0117kinti ir lygina odos mikroreljef\u0105. Kosmetin\u0117 kauk\u0117 &quot;Bananas&quot; prisideda prie l\u0105steli\u0173 med\u017eiag\u0173 apykaitos normalizavimo, maitina, dr\u0117kina od\u0105, i&scaron;laikant jos stangrum\u0105 ir elastingum\u0105. Naudojimas: atidarykite pakuot\u0119 ir u\u017etepkite kauk\u0119 ant nuvalyto veido, po 10-15 minu\u010di\u0173 nuplaukite. [&#8230;]\n","protected":false},"featured_media":86874,"template":"","meta":[],"product_cat":[1369],"product_tag":[],"class_list":{"0":"post-37530","1":"product","2":"type-product","3":"status-publish","4":"has-post-thumbnail","6":"product_brand-naturpro_ua-lt","7":"product_cat-veido-kaukes","9":"first","10":"instock","11":"taxable","12":"shipping-taxable","13":"product-type-simple"},"_links":{"self":[{"href":"https:\/\/e.kosmolat.eu\/lt\/wp-json\/wp\/v2\/product\/37530","targetHints":{"allow":["GET"]}}],"collection":[{"href":"https:\/\/e.kosmolat.eu\/lt\/wp-json\/wp\/v2\/product"}],"about":[{"href":"https:\/\/e.kosmolat.eu\/lt\/wp-json\/wp\/v2\/types\/product"}],"wp:featuredmedia":[{"embeddable":true,"href":"https:\/\/e.kosmolat.eu\/lt\/wp-json\/wp\/v2\/media\/86874"}],"wp:attachment":[{"href":"https:\/\/e.kosmolat.eu\/lt\/wp-json\/wp\/v2\/media?parent=37530"}],"wp:term":[{"taxonomy":"product_cat","embeddable":true,"href":"https:\/\/e.kosmolat.eu\/lt\/wp-json\/wp\/v2\/product_cat?post=37530"},{"taxonomy":"product_tag","embeddable":true,"href":"https:\/\/e.kosmolat.eu\/lt\/wp-json\/wp\/v2\/product_tag?post=37530"}],"curies":[{"name":"wp","href":"https:\/\/api.w.org\/{rel}","templated":true}]}}