{"id":37526,"date":"2023-12-22T19:55:14","date_gmt":"2023-12-22T19:55:14","guid":{"rendered":"https:\/\/e.kosmolat.eu\/product\/bd-mitrinosa-kosmetiska-maska-bambuss-15-ml\/"},"modified":"2026-04-22T13:25:30","modified_gmt":"2026-04-22T13:25:30","slug":"bd-mitrinosa-kosmetiska-maska-bambuss-15-ml","status":"publish","type":"product","link":"https:\/\/e.kosmolat.eu\/lt\/produktas\/bd-mitrinosa-kosmetiska-maska-bambuss-15-ml\/","title":{"rendered":"BEAUTYDERM Kosmetin\u0117 kauk\u0117 dr\u0117kinanti \u201cBambukas\u201d, 15 ml"},"content":{"rendered":"<p><strong>Bambukas <\/strong>u\u017epildo l\u0105steles silicio r\u016bg\u0161timi, tod\u0117l oda tampa elastinga ir stangri. Bambuk\u0173 aliejus &nbsp;ir druskos aktyvina kraujotak\u0105 ir ma\u017eina patinim\u0105.<br \/>\n<strong>Kosmetin\u0117 kauk\u0117 &bdquo;Bambukas&ldquo;<\/strong> prisotina od\u0105 dr\u0117gme, pa\u0161alindama sausum\u0105, tempim\u0105 ir lupim\u0105si. Padeda i\u0161vengti rauk\u0161li\u0173. Veikliosios med\u017eiagos didina odos stangrum\u0105, elastingum\u0105 ir regeneracines galimybes.<br \/>\n<strong>Naudojimas:<\/strong> atidarykite pakuot\u0119 ir u\u017etepkite kauk\u0119 ant nuvalyto veido, po 10-15 minu\u010di\u0173 nuplaukite.<br \/>\nD\u0117mesio: prie\u0161 naudodami kauk\u0119 turite i\u0161bandyti ant nedidelio odos ploto. Jei pasirei\u0161kia alergin\u0117 reakcija, nustokite vartoti.<br \/>\n<strong>Kontraindikacijos:<\/strong> individualus netoleravimas kauk\u0117s komponentams. Laikyti nuo +5&deg;C iki +25&deg;C temperat\u016broje, o santykin\u0117 oro dr\u0117gm\u0117 55-70%, apsaugota nuo tiesiogini\u0173 saul\u0117s spinduli\u0173, ma\u017eiausiai vieno metro atstumu nuo auk\u0161tos temperat\u016bros \u0161altini\u0173.<br \/>\n&nbsp;<\/p>\n","protected":false},"excerpt":{"rendered":"<p>Bambukas u\u017epildo l\u0105steles silicio r\u016bg\u0161timi, tod\u0117l oda tampa elastinga ir stangri. Bambuk\u0173 aliejus &nbsp;ir druskos aktyvina kraujotak\u0105 ir ma\u017eina patinim\u0105. Kosmetin\u0117 kauk\u0117 &bdquo;Bambukas&ldquo; prisotina od\u0105 dr\u0117gme, pa\u0161alindama sausum\u0105, tempim\u0105 ir lupim\u0105si. Padeda i\u0161vengti rauk\u0161li\u0173. Veikliosios med\u017eiagos didina odos stangrum\u0105, elastingum\u0105 ir regeneracines galimybes. Naudojimas: atidarykite pakuot\u0119 ir u\u017etepkite kauk\u0119 ant nuvalyto veido, po 10-15 minu\u010di\u0173 [&#8230;]\n","protected":false},"featured_media":86870,"template":"","meta":[],"product_cat":[2181],"product_tag":[],"class_list":{"0":"post-37526","1":"product","2":"type-product","3":"status-publish","4":"has-post-thumbnail","6":"product_brand-naturpro_ua-lt","7":"product_cat-bez-kategorijas-lt","9":"first","10":"outofstock","11":"taxable","12":"shipping-taxable","13":"product-type-simple"},"_links":{"self":[{"href":"https:\/\/e.kosmolat.eu\/lt\/wp-json\/wp\/v2\/product\/37526","targetHints":{"allow":["GET"]}}],"collection":[{"href":"https:\/\/e.kosmolat.eu\/lt\/wp-json\/wp\/v2\/product"}],"about":[{"href":"https:\/\/e.kosmolat.eu\/lt\/wp-json\/wp\/v2\/types\/product"}],"wp:featuredmedia":[{"embeddable":true,"href":"https:\/\/e.kosmolat.eu\/lt\/wp-json\/wp\/v2\/media\/86870"}],"wp:attachment":[{"href":"https:\/\/e.kosmolat.eu\/lt\/wp-json\/wp\/v2\/media?parent=37526"}],"wp:term":[{"taxonomy":"product_cat","embeddable":true,"href":"https:\/\/e.kosmolat.eu\/lt\/wp-json\/wp\/v2\/product_cat?post=37526"},{"taxonomy":"product_tag","embeddable":true,"href":"https:\/\/e.kosmolat.eu\/lt\/wp-json\/wp\/v2\/product_tag?post=37526"}],"curies":[{"name":"wp","href":"https:\/\/api.w.org\/{rel}","templated":true}]}}