{"id":37522,"date":"2023-12-22T19:54:48","date_gmt":"2023-12-22T19:54:48","guid":{"rendered":"https:\/\/e.kosmolat.eu\/product\/bd-kosm-maska-uz-balto-malu-bazes-barojosa-12-ml\/"},"modified":"2026-04-22T06:56:37","modified_gmt":"2026-04-22T06:56:37","slug":"bd-kosm-maska-uz-balto-malu-bazes-barojosa-12-ml","status":"publish","type":"product","link":"https:\/\/e.kosmolat.eu\/lt\/produktas\/bd-kosm-maska-uz-balto-malu-bazes-barojosa-12-ml\/","title":{"rendered":"BEAUTYDERM Kosmetin\u0117 kauk\u0117 baltojo molio pagrindu \u201cMaitinanti\u201d, 12 ml"},"content":{"rendered":"<p><strong>Matcha arbatos ekstraktas ir persik\u0173 branduoli\u0173 aliejus:<\/strong><br \/>\n&#8211; Maitina ir dr\u0117kina<br \/>\n&#8211; Tonizuoja ir valo<br \/>\n&#8211; Sutraukia poras<br \/>\nKosmetin\u0117 kauk\u0117 baltojo molio pagrindu valo ir sausina od\u0105, pa\u0161alindama rieb\u0173 blizges\u012f, sutraukia poras, suteikia elastingumo ir suteikia veidui sveik\u0105 i\u0161vaizd\u0105.<br \/>\n<strong>Naudojimas:<\/strong> atidarykite pakuot\u0119 ir u\u017etepkite kauk\u0119 ant nuvalyto veido, po 10-15 minu\u010di\u0173 nuplaukite.<br \/>\nD\u0117mesio: prie\u0161 naudodami kauk\u0119 turite i\u0161bandyti ant nedidelio odos ploto. Jei pasirei\u0161kia alergin\u0117 reakcija, nustokite vartoti.<br \/>\n<strong>Kontraindikacijos:<\/strong> individualus netoleravimas kauk\u0117s komponentams. Laikyti nuo +5&deg;C iki +25&deg;C temperat\u016broje, o santykin\u0117 oro dr\u0117gm\u0117 55-70%, apsaugota nuo tiesiogini\u0173 saul\u0117s spinduli\u0173, ma\u017eiausiai vieno metro atstumu nuo auk\u0161tos temperat\u016bros \u0161altini\u0173.<br \/>\n&nbsp;<\/p>\n","protected":false},"excerpt":{"rendered":"<p>Matcha arbatos ekstraktas ir persik\u0173 branduoli\u0173 aliejus: &#8211; Maitina ir dr\u0117kina &#8211; Tonizuoja ir valo &#8211; Sutraukia poras Kosmetin\u0117 kauk\u0117 baltojo molio pagrindu valo ir sausina od\u0105, pa\u0161alindama rieb\u0173 blizges\u012f, sutraukia poras, suteikia elastingumo ir suteikia veidui sveik\u0105 i\u0161vaizd\u0105. Naudojimas: atidarykite pakuot\u0119 ir u\u017etepkite kauk\u0119 ant nuvalyto veido, po 10-15 minu\u010di\u0173 nuplaukite. D\u0117mesio: prie\u0161 naudodami [&#8230;]\n","protected":false},"featured_media":86866,"template":"","meta":[],"product_cat":[2181],"product_tag":[],"class_list":{"0":"post-37522","1":"product","2":"type-product","3":"status-publish","4":"has-post-thumbnail","6":"product_brand-naturpro_ua-lt","7":"product_cat-bez-kategorijas-lt","9":"first","10":"instock","11":"taxable","12":"shipping-taxable","13":"product-type-simple"},"_links":{"self":[{"href":"https:\/\/e.kosmolat.eu\/lt\/wp-json\/wp\/v2\/product\/37522","targetHints":{"allow":["GET"]}}],"collection":[{"href":"https:\/\/e.kosmolat.eu\/lt\/wp-json\/wp\/v2\/product"}],"about":[{"href":"https:\/\/e.kosmolat.eu\/lt\/wp-json\/wp\/v2\/types\/product"}],"wp:featuredmedia":[{"embeddable":true,"href":"https:\/\/e.kosmolat.eu\/lt\/wp-json\/wp\/v2\/media\/86866"}],"wp:attachment":[{"href":"https:\/\/e.kosmolat.eu\/lt\/wp-json\/wp\/v2\/media?parent=37522"}],"wp:term":[{"taxonomy":"product_cat","embeddable":true,"href":"https:\/\/e.kosmolat.eu\/lt\/wp-json\/wp\/v2\/product_cat?post=37522"},{"taxonomy":"product_tag","embeddable":true,"href":"https:\/\/e.kosmolat.eu\/lt\/wp-json\/wp\/v2\/product_tag?post=37522"}],"curies":[{"name":"wp","href":"https:\/\/api.w.org\/{rel}","templated":true}]}}