{"id":37514,"date":"2023-12-22T19:53:59","date_gmt":"2023-12-22T19:53:59","guid":{"rendered":"https:\/\/e.kosmolat.eu\/product\/bd-kosm-maska-uz-melno-malu-bazes-pret-putitem-12-ml\/"},"modified":"2025-09-19T23:10:51","modified_gmt":"2025-09-19T23:10:51","slug":"bd-kosm-maska-uz-melno-malu-bazes-pret-putitem-12-ml","status":"publish","type":"product","link":"https:\/\/e.kosmolat.eu\/lt\/produktas\/bd-kosm-maska-uz-melno-malu-bazes-pret-putitem-12-ml\/","title":{"rendered":"BEAUTYDERM Kosmetin\u0117 kauk\u0117 juodojo molio pagrindu \u201cPrie\u0161 ink\u0161tirus\u201d, 12 ml"},"content":{"rendered":"<p><strong>Aktyvuota anglis ir arbatmed\u017ei\u0173 aliejus:<\/strong><br \/>\n&#8211; Nuo spuog\u0173, ink\u0161tir\u0173 ir riebaus blizgesio;<br \/>\n&#8211; Giliai valo, tonizuoja ir atnaujina od\u0105;<br \/>\n&#8211; Padidina odos elastingum\u0105.<br \/>\nJuodojo molio kosmetin\u0117 kauk\u0117 sugeria riebal\u0173 pertekli\u0173 ir padeda subalansuoti odos pH.<br \/>\n<strong>Naudojimas: <\/strong>atidarykite pakuot\u0119 ir u\u017etepkite kauk\u0119 ant nuvalyto veido, po 10-15 minu\u010di\u0173 nuplaukite.<br \/>\nD\u0117mesio: prie\u0161 naudodami kauk\u0119 turite i\u0161bandyti ant nedidelio odos ploto. Jei pasirei\u0161kia alergin\u0117 reakcija, nustokite vartoti.<br \/>\n<strong>Kontraindikacijos: <\/strong>individualus netoleravimas kauk\u0117s komponentams. Laikyti nuo +5&deg;C iki +25&deg;C temperat\u016broje, o santykin\u0117 oro dr\u0117gm\u0117 55-70%, apsaugota nuo tiesiogini\u0173 saul\u0117s spinduli\u0173, ma\u017eiausiai vieno metro atstumu nuo auk\u0161tos temperat\u016bros \u0161altini\u0173.<br \/>\n&nbsp;<\/p>\n","protected":false},"excerpt":{"rendered":"<p>Aktyvuota anglis ir arbatmed\u017ei\u0173 aliejus: &#8211; Nuo spuog\u0173, ink\u0161tir\u0173 ir riebaus blizgesio; &#8211; Giliai valo, tonizuoja ir atnaujina od\u0105; &#8211; Padidina odos elastingum\u0105. Juodojo molio kosmetin\u0117 kauk\u0117 sugeria riebal\u0173 pertekli\u0173 ir padeda subalansuoti odos pH. Naudojimas: atidarykite pakuot\u0119 ir u\u017etepkite kauk\u0119 ant nuvalyto veido, po 10-15 minu\u010di\u0173 nuplaukite. D\u0117mesio: prie\u0161 naudodami kauk\u0119 turite i\u0161bandyti ant [&#8230;]\n","protected":false},"featured_media":86858,"template":"","meta":[],"product_cat":[1369],"product_tag":[],"class_list":{"0":"post-37514","1":"product","2":"type-product","3":"status-publish","4":"has-post-thumbnail","6":"product_brand-naturpro_ua-lt","7":"product_cat-veido-kaukes","9":"first","10":"outofstock","11":"taxable","12":"shipping-taxable","13":"product-type-simple"},"_links":{"self":[{"href":"https:\/\/e.kosmolat.eu\/lt\/wp-json\/wp\/v2\/product\/37514","targetHints":{"allow":["GET"]}}],"collection":[{"href":"https:\/\/e.kosmolat.eu\/lt\/wp-json\/wp\/v2\/product"}],"about":[{"href":"https:\/\/e.kosmolat.eu\/lt\/wp-json\/wp\/v2\/types\/product"}],"wp:featuredmedia":[{"embeddable":true,"href":"https:\/\/e.kosmolat.eu\/lt\/wp-json\/wp\/v2\/media\/86858"}],"wp:attachment":[{"href":"https:\/\/e.kosmolat.eu\/lt\/wp-json\/wp\/v2\/media?parent=37514"}],"wp:term":[{"taxonomy":"product_cat","embeddable":true,"href":"https:\/\/e.kosmolat.eu\/lt\/wp-json\/wp\/v2\/product_cat?post=37514"},{"taxonomy":"product_tag","embeddable":true,"href":"https:\/\/e.kosmolat.eu\/lt\/wp-json\/wp\/v2\/product_tag?post=37514"}],"curies":[{"name":"wp","href":"https:\/\/api.w.org\/{rel}","templated":true}]}}