{"id":37510,"date":"2023-12-22T19:53:31","date_gmt":"2023-12-22T19:53:31","guid":{"rendered":"https:\/\/e.kosmolat.eu\/product\/bd-kosm-maska-uz-zilo-malu-bazes-pret-mim-grumb-12-ml\/"},"modified":"2026-04-22T06:56:22","modified_gmt":"2026-04-22T06:56:22","slug":"bd-kosm-maska-uz-zilo-malu-bazes-pret-mim-grumb-12-ml","status":"publish","type":"product","link":"https:\/\/e.kosmolat.eu\/lt\/produktas\/bd-kosm-maska-uz-zilo-malu-bazes-pret-mim-grumb-12-ml\/","title":{"rendered":"BEAUTYDERM Kosmetin\u0117 kauk\u0117 m\u0117lynojo molio pagrindu \u201cPrie\u0161 mimikos rauk\u0161leles\u201d, 12 ml"},"content":{"rendered":"<p><strong>Alyvuogi\u0173 ekstraktas ir simondsij\u0173 aliejus:<\/strong><br \/>\n&#8211; Gilus valymas<br \/>\n&#8211; Pagreitina med\u017eiag\u0173 apykaitos procesus<br \/>\n&#8211; Padidina elastingum\u0105<br \/>\nKosmetin\u0117 kauk\u0117 m\u0117lynojo molio pagrindu valo ir sausina od\u0105, pa\u0161alina rieb\u0173 blizges\u012f, sutraukia poras, skatina l\u0105steli\u0173 atsinaujinim\u0105, padeda i\u0161lyginti rauk\u0161les, gerina odos elastingum\u0105.<br \/>\n<strong>Naudojimas: <\/strong>atidarykite pakuot\u0119 ir u\u017etepkite kauk\u0119 ant nuvalyto veido, po 10-15 minu\u010di\u0173 nuplaukite.<br \/>\nD\u0117mesio: prie\u0161 naudodami kauk\u0119 turite i\u0161bandyti ant nedidelio odos ploto. Jei pasirei\u0161kia alergin\u0117 reakcija, nustokite vartoti.<br \/>\n<strong>Kontraindikacijos:<\/strong> individualus netoleravimas kauk\u0117s komponentams. Laikyti nuo +5&deg;C iki +25&deg;C temperat\u016broje, o santykin\u0117 oro dr\u0117gm\u0117 55-70%, apsaugota nuo tiesiogini\u0173 saul\u0117s spinduli\u0173, ma\u017eiausiai vieno metro atstumu nuo auk\u0161tos temperat\u016bros \u0161altini\u0173.<br \/>\n&nbsp;<\/p>\n","protected":false},"excerpt":{"rendered":"<p>Alyvuogi\u0173 ekstraktas ir simondsij\u0173 aliejus: &#8211; Gilus valymas &#8211; Pagreitina med\u017eiag\u0173 apykaitos procesus &#8211; Padidina elastingum\u0105 Kosmetin\u0117 kauk\u0117 m\u0117lynojo molio pagrindu valo ir sausina od\u0105, pa\u0161alina rieb\u0173 blizges\u012f, sutraukia poras, skatina l\u0105steli\u0173 atsinaujinim\u0105, padeda i\u0161lyginti rauk\u0161les, gerina odos elastingum\u0105. Naudojimas: atidarykite pakuot\u0119 ir u\u017etepkite kauk\u0119 ant nuvalyto veido, po 10-15 minu\u010di\u0173 nuplaukite. D\u0117mesio: prie\u0161 naudodami [&#8230;]\n","protected":false},"featured_media":86854,"template":"","meta":[],"product_cat":[2181],"product_tag":[],"class_list":{"0":"post-37510","1":"product","2":"type-product","3":"status-publish","4":"has-post-thumbnail","6":"product_brand-naturpro_ua-lt","7":"product_cat-bez-kategorijas-lt","9":"first","10":"instock","11":"taxable","12":"shipping-taxable","13":"product-type-simple"},"_links":{"self":[{"href":"https:\/\/e.kosmolat.eu\/lt\/wp-json\/wp\/v2\/product\/37510","targetHints":{"allow":["GET"]}}],"collection":[{"href":"https:\/\/e.kosmolat.eu\/lt\/wp-json\/wp\/v2\/product"}],"about":[{"href":"https:\/\/e.kosmolat.eu\/lt\/wp-json\/wp\/v2\/types\/product"}],"wp:featuredmedia":[{"embeddable":true,"href":"https:\/\/e.kosmolat.eu\/lt\/wp-json\/wp\/v2\/media\/86854"}],"wp:attachment":[{"href":"https:\/\/e.kosmolat.eu\/lt\/wp-json\/wp\/v2\/media?parent=37510"}],"wp:term":[{"taxonomy":"product_cat","embeddable":true,"href":"https:\/\/e.kosmolat.eu\/lt\/wp-json\/wp\/v2\/product_cat?post=37510"},{"taxonomy":"product_tag","embeddable":true,"href":"https:\/\/e.kosmolat.eu\/lt\/wp-json\/wp\/v2\/product_tag?post=37510"}],"curies":[{"name":"wp","href":"https:\/\/api.w.org\/{rel}","templated":true}]}}