{"id":37498,"date":"2023-12-22T19:52:01","date_gmt":"2023-12-22T19:52:01","guid":{"rendered":"https:\/\/e.kosmolat.eu\/product\/bd-zelta-kolagena-spilventini-2-gab-24-g\/"},"modified":"2026-04-23T09:19:49","modified_gmt":"2026-04-23T09:19:49","slug":"bd-zelta-kolagena-spilventini-2-gab-24-g","status":"publish","type":"product","link":"https:\/\/e.kosmolat.eu\/lt\/produktas\/bd-zelta-kolagena-spilventini-2-gab-24-g\/","title":{"rendered":"BEAUTYDERM Auksin\u0117s kolagenin\u0117s pagalv\u0117l\u0117s 2 vnt, 2*4 g"},"content":{"rendered":"<p>BEAUTY DERM Auksin\u0117s kolagenin\u0117s pagalv\u0117l\u0117s &nbsp;2 vnt<\/p>\n<p>\n<strong>Naudojimas: <\/strong>Kruop\u0161\u010diai nuplaukite veid\u0105 ir akis \u0161iltu vandeniu. Atidarykite pakuot\u0119, i\u0161imkite pagalv\u0117les ir u\u017ed\u0117kite ant paaki\u0173. Palikite veikti 15-25 minutes. Likusi\u0105 esencij\u0105 \u0161velniai paskirstykite ant odos ir leiskite jai visi\u0161kai susigerti. Norint pasiekti veiksming\u0173 rezultat\u0173, naudokite 2-3 kartus per savait\u0119.<br \/>\nSu kolagenu ir hialurono r\u016bg\u0161timi.<br \/>\nSausai odai.<br \/>\nBeauty Derm auksiniai kolageno pleistrai &#8211; veikia l\u0105steli\u0173 lygmeniu, padeda intensyviai dr\u0117kinti od\u0105 ir prad\u0117ti jos regeneracijos procesus, didina stangrum\u0105 ir elastingum\u0105, stangrina od\u0105, lygina rauk\u0161les, turi liftingo efekt\u0105, \u0161viesina ir i\u0161lygina tonus\u0105, atsikratyti toksinai ir toksinai, suteikia odai \u0161velnumo ir \u0161ilkingumo.<br \/>\nPagalv\u0117li\u0173 serume esanti hialurono r\u016bg\u0161tis &ndash; tikras i\u0161sigelb\u0117jimas sausai i\u0161saus\u0117jusiai odai, giliai atkurianti ir dr\u0117kinanti epiderm\u012f, skatinanti odos atsinaujinimo ir atjauninimo procesus, atkurianti dr\u0117gm\u0117s tr\u016bkum\u0105, ilgam pa\u0161alindama sausum\u0105.<\/p>\n<p><strong>Atsargumo priemon\u0117s:<\/strong><br \/>\nNenaudokite pagalv\u0117li\u0173 pakartotinai. Tik vienkartiniam naudojimui.<br \/>\nPrie\u0161 naudojim\u0105 produktas turi b\u016bti i\u0161bandytas ant nedidelio odos ploto. Jei pasirei\u0161kia alergin\u0117 reakcija, nustokite vartoti produkt\u0105.<br \/>\nLaikyti nuo 5 iki 25 C temperat\u016broje ir esant 55-70 % oro dr\u0117gnumui, nuo tiesiogini\u0173 saul\u0117s spinduli\u0173 apsaugotoje vietoje. Nelaikykite gaminio ar\u010diau kaip 1,0 m atstumu nuo veikian\u010di\u0173 \u0161ildymo prietais\u0173.<br \/>\n&nbsp;<\/p>\n","protected":false},"excerpt":{"rendered":"<p>BEAUTY DERM Auksin\u0117s kolagenin\u0117s pagalv\u0117l\u0117s &nbsp;2 vnt Naudojimas: Kruop\u0161\u010diai nuplaukite veid\u0105 ir akis \u0161iltu vandeniu. Atidarykite pakuot\u0119, i\u0161imkite pagalv\u0117les ir u\u017ed\u0117kite ant paaki\u0173. Palikite veikti 15-25 minutes. Likusi\u0105 esencij\u0105 \u0161velniai paskirstykite ant odos ir leiskite jai visi\u0161kai susigerti. Norint pasiekti veiksming\u0173 rezultat\u0173, naudokite 2-3 kartus per savait\u0119. Su kolagenu ir hialurono r\u016bg\u0161timi. Sausai odai. Beauty [&#8230;]\n","protected":false},"featured_media":86814,"template":"","meta":[],"product_cat":[2181],"product_tag":[],"class_list":{"0":"post-37498","1":"product","2":"type-product","3":"status-publish","4":"has-post-thumbnail","6":"product_brand-naturpro_ua-lt","7":"product_cat-bez-kategorijas-lt","9":"first","10":"instock","11":"taxable","12":"shipping-taxable","13":"product-type-simple"},"_links":{"self":[{"href":"https:\/\/e.kosmolat.eu\/lt\/wp-json\/wp\/v2\/product\/37498","targetHints":{"allow":["GET"]}}],"collection":[{"href":"https:\/\/e.kosmolat.eu\/lt\/wp-json\/wp\/v2\/product"}],"about":[{"href":"https:\/\/e.kosmolat.eu\/lt\/wp-json\/wp\/v2\/types\/product"}],"wp:featuredmedia":[{"embeddable":true,"href":"https:\/\/e.kosmolat.eu\/lt\/wp-json\/wp\/v2\/media\/86814"}],"wp:attachment":[{"href":"https:\/\/e.kosmolat.eu\/lt\/wp-json\/wp\/v2\/media?parent=37498"}],"wp:term":[{"taxonomy":"product_cat","embeddable":true,"href":"https:\/\/e.kosmolat.eu\/lt\/wp-json\/wp\/v2\/product_cat?post=37498"},{"taxonomy":"product_tag","embeddable":true,"href":"https:\/\/e.kosmolat.eu\/lt\/wp-json\/wp\/v2\/product_tag?post=37498"}],"curies":[{"name":"wp","href":"https:\/\/api.w.org\/{rel}","templated":true}]}}