{"id":37494,"date":"2023-12-22T19:51:31","date_gmt":"2023-12-22T19:51:31","guid":{"rendered":"https:\/\/e.kosmolat.eu\/product\/bd-lidzeklis-problematiskai-adai-3-viena-detox-75-ml\/"},"modified":"2026-03-26T10:34:20","modified_gmt":"2026-03-26T10:34:20","slug":"bd-lidzeklis-problematiskai-adai-3-viena-detox-75-ml","status":"publish","type":"product","link":"https:\/\/e.kosmolat.eu\/lt\/produktas\/bd-lidzeklis-problematiskai-adai-3-viena-detox-75-ml\/","title":{"rendered":"BEAUTYDERM Priemon\u0117 probleminei odai 3 in 1 DETOX, 75 ml"},"content":{"rendered":"<p>Daugiafunkcinis produktas, sukurtas specialiai problemin\u0117s odos prie\u017ei\u016brai, padeda vizualiai suma\u017einti juodas d\u0117mes ir u\u017ekirsti keli\u0105 nauj\u0173 atsiradimui.<br \/>\n<strong>Veikliosios med\u017eiagos:<\/strong><br \/>\nAktyvuota anglis &ndash; giliai i\u0161valo poras ir pa\u0161alina toksinus.<br \/>\nAbrikos\u0173 kauliukai &ndash; \u0161velniai valo od\u0105 nuo negyv\u0173 epidermio l\u0105steli\u0173 ir pagerina veido spalv\u0105.<br \/>\nG\u0117li\u0173 hidrolat\u0173 kompleksas &ndash; pamaitina od\u0105 bioaktyviais vitaminais ir palaiko tonus\u0105.<br \/>\n<strong>Naudojimas:<\/strong> tepkite ant dr\u0117gno veido, masa\u017euokite ir nuplaukite vandeniu.<br \/>\nD\u0117mesio: prie\u0161 naudojant produkt\u0105 b\u016btina i\u0161bandyti ant nedidelio odos ploto. Jei pasirei\u0161kia alergin\u0117 reakcija, nustokite naudoti. Naudokite kaip nurodyta. Tik i\u0161oriniam naudojimui.<br \/>\n<strong>Kontraindikacijos:<\/strong> individualus netoleravimas produkto sudedamosioms dalims. Laikyti nuo +5&deg;C iki +25&deg;C ir 55-75% santykin\u0117je dr\u0117gm\u0117je, apsaugotoje nuo tiesiogini\u0173 saul\u0117s spinduli\u0173 vietoje, ma\u017eiausiai vieno metro atstumu nuo \u0161ilumos \u0161altini\u0173.<br \/>\n&nbsp;<\/p>\n","protected":false},"excerpt":{"rendered":"<p>Daugiafunkcinis produktas, sukurtas specialiai problemin\u0117s odos prie\u017ei\u016brai, padeda vizualiai suma\u017einti juodas d\u0117mes ir u\u017ekirsti keli\u0105 nauj\u0173 atsiradimui. Veikliosios med\u017eiagos: Aktyvuota anglis &ndash; giliai i\u0161valo poras ir pa\u0161alina toksinus. Abrikos\u0173 kauliukai &ndash; \u0161velniai valo od\u0105 nuo negyv\u0173 epidermio l\u0105steli\u0173 ir pagerina veido spalv\u0105. G\u0117li\u0173 hidrolat\u0173 kompleksas &ndash; pamaitina od\u0105 bioaktyviais vitaminais ir palaiko tonus\u0105. Naudojimas: tepkite [&#8230;]\n","protected":false},"featured_media":86810,"template":"","meta":[],"product_cat":[2181],"product_tag":[],"class_list":{"0":"post-37494","1":"product","2":"type-product","3":"status-publish","4":"has-post-thumbnail","6":"product_brand-naturpro_ua-lt","7":"product_cat-bez-kategorijas-lt","9":"first","10":"instock","11":"taxable","12":"shipping-taxable","13":"product-type-simple"},"_links":{"self":[{"href":"https:\/\/e.kosmolat.eu\/lt\/wp-json\/wp\/v2\/product\/37494","targetHints":{"allow":["GET"]}}],"collection":[{"href":"https:\/\/e.kosmolat.eu\/lt\/wp-json\/wp\/v2\/product"}],"about":[{"href":"https:\/\/e.kosmolat.eu\/lt\/wp-json\/wp\/v2\/types\/product"}],"wp:featuredmedia":[{"embeddable":true,"href":"https:\/\/e.kosmolat.eu\/lt\/wp-json\/wp\/v2\/media\/86810"}],"wp:attachment":[{"href":"https:\/\/e.kosmolat.eu\/lt\/wp-json\/wp\/v2\/media?parent=37494"}],"wp:term":[{"taxonomy":"product_cat","embeddable":true,"href":"https:\/\/e.kosmolat.eu\/lt\/wp-json\/wp\/v2\/product_cat?post=37494"},{"taxonomy":"product_tag","embeddable":true,"href":"https:\/\/e.kosmolat.eu\/lt\/wp-json\/wp\/v2\/product_tag?post=37494"}],"curies":[{"name":"wp","href":"https:\/\/api.w.org\/{rel}","templated":true}]}}