{"id":37474,"date":"2023-12-22T19:49:55","date_gmt":"2023-12-22T19:49:55","guid":{"rendered":"https:\/\/e.kosmolat.eu\/product\/limecucumber-nakts-krems-sejai-un-adai-ap-acim-75-ml\/"},"modified":"2025-09-19T23:05:50","modified_gmt":"2025-09-19T23:05:50","slug":"limecucumber-nakts-krems-sejai-un-adai-ap-acim-75-ml","status":"publish","type":"product","link":"https:\/\/e.kosmolat.eu\/lt\/produktas\/limecucumber-nakts-krems-sejai-un-adai-ap-acim-75-ml\/","title":{"rendered":"IRIS COSMETIC Lime&#038;Cucumber Naktinis kremas veidui ir vokams, 75 ml"},"content":{"rendered":"<p>Naktinis kremas veidui ir vokams<\/p>\n<ul>\n<li>Agurkai ir laimai dr\u0117kina ir lygina od\u0105, i&scaron;lygina veido spalv\u0105.<\/li>\n<li>Kolagenas daro od\u0105 elasting\u0105 ir stangri\u0105, apsaugo nuo rauk&scaron;li\u0173 atsiradimo.<\/li>\n<li>Avokad\u0173 ir kvie\u010di\u0173 gemal\u0173 aliejai daro od\u0105 spindin\u010di\u0105 ir &scaron;ilkin\u0119, atspari\u0105 \u017ealingam i&scaron;or\u0117s poveikiui, pleiskanojimui ir sausumui.<\/li>\n<\/ul>\n<p><strong>Naudojimas: <\/strong>tepkite vakare ant &scaron;varios veido ir kaklo odos.<br \/>\n&nbsp;<\/p>\n","protected":false},"excerpt":{"rendered":"<p>Naktinis kremas veidui ir vokams Agurkai ir laimai dr\u0117kina ir lygina od\u0105, i&scaron;lygina veido spalv\u0105. Kolagenas daro od\u0105 elasting\u0105 ir stangri\u0105, apsaugo nuo rauk&scaron;li\u0173 atsiradimo. Avokad\u0173 ir kvie\u010di\u0173 gemal\u0173 aliejai daro od\u0105 spindin\u010di\u0105 ir &scaron;ilkin\u0119, atspari\u0105 \u017ealingam i&scaron;or\u0117s poveikiui, pleiskanojimui ir sausumui. Naudojimas: tepkite vakare ant &scaron;varios veido ir kaklo odos. &nbsp;<\/p>\n","protected":false},"featured_media":86782,"template":"","meta":[],"product_cat":[1322],"product_tag":[],"class_list":{"0":"post-37474","1":"product","2":"type-product","3":"status-publish","4":"has-post-thumbnail","6":"product_brand-iris-belorek_by-lt","7":"product_cat-veido-kremai","9":"first","10":"outofstock","11":"taxable","12":"shipping-taxable","13":"product-type-simple"},"_links":{"self":[{"href":"https:\/\/e.kosmolat.eu\/lt\/wp-json\/wp\/v2\/product\/37474","targetHints":{"allow":["GET"]}}],"collection":[{"href":"https:\/\/e.kosmolat.eu\/lt\/wp-json\/wp\/v2\/product"}],"about":[{"href":"https:\/\/e.kosmolat.eu\/lt\/wp-json\/wp\/v2\/types\/product"}],"wp:featuredmedia":[{"embeddable":true,"href":"https:\/\/e.kosmolat.eu\/lt\/wp-json\/wp\/v2\/media\/86782"}],"wp:attachment":[{"href":"https:\/\/e.kosmolat.eu\/lt\/wp-json\/wp\/v2\/media?parent=37474"}],"wp:term":[{"taxonomy":"product_cat","embeddable":true,"href":"https:\/\/e.kosmolat.eu\/lt\/wp-json\/wp\/v2\/product_cat?post=37474"},{"taxonomy":"product_tag","embeddable":true,"href":"https:\/\/e.kosmolat.eu\/lt\/wp-json\/wp\/v2\/product_tag?post=37474"}],"curies":[{"name":"wp","href":"https:\/\/api.w.org\/{rel}","templated":true}]}}