{"id":37442,"date":"2023-12-22T19:47:13","date_gmt":"2023-12-22T19:47:13","guid":{"rendered":"https:\/\/e.kosmolat.eu\/product\/phyto-spa-zeleja-intimai-higienai-ziedosa-sakura-300-ml\/"},"modified":"2026-03-31T06:19:15","modified_gmt":"2026-03-31T06:19:15","slug":"phyto-spa-zeleja-intimai-higienai-ziedosa-sakura-300-ml","status":"publish","type":"product","link":"https:\/\/e.kosmolat.eu\/lt\/produktas\/phyto-spa-zeleja-intimai-higienai-ziedosa-sakura-300-ml\/","title":{"rendered":"IRIS COSMETIC PHYTO SPA Intymios higienos gelis \u017dydinti sakura, 300 ml"},"content":{"rendered":"<p>&Scaron;velni \u017eel\u0117 su lengvu sakur\u0173 \u017eied\u0173 aromatu skirta kasdienei subtiliai intymi\u0173 k\u016bno viet\u0173 prie\u017ei\u016brai. Gelis &scaron;velniai valo ir dr\u0117kina od\u0105, leisdamas i&scaron;laikyti &scaron;varos ir komforto jausm\u0105 vis\u0105 dien\u0105.<\/p>\n<p><strong>Naudojimas: <\/strong>nedidel\u012f kiek\u012f gelio naudokite intymioms vietoms pri\u017ei\u016br\u0117ti, po naudojimo kruop&scaron;\u010diai nuplaukite &scaron;iltu vandeniu.<br \/>\n&nbsp;<\/p>\n","protected":false},"excerpt":{"rendered":"<p>&Scaron;velni \u017eel\u0117 su lengvu sakur\u0173 \u017eied\u0173 aromatu skirta kasdienei subtiliai intymi\u0173 k\u016bno viet\u0173 prie\u017ei\u016brai. Gelis &scaron;velniai valo ir dr\u0117kina od\u0105, leisdamas i&scaron;laikyti &scaron;varos ir komforto jausm\u0105 vis\u0105 dien\u0105. Naudojimas: nedidel\u012f kiek\u012f gelio naudokite intymioms vietoms pri\u017ei\u016br\u0117ti, po naudojimo kruop&scaron;\u010diai nuplaukite &scaron;iltu vandeniu. &nbsp;<\/p>\n","protected":false},"featured_media":86730,"template":"","meta":[],"product_cat":[1374],"product_tag":[],"class_list":{"0":"post-37442","1":"product","2":"type-product","3":"status-publish","4":"has-post-thumbnail","6":"product_brand-iris-belorek_by-lt","7":"product_cat-intymi-higiena","9":"first","10":"outofstock","11":"taxable","12":"shipping-taxable","13":"product-type-simple"},"_links":{"self":[{"href":"https:\/\/e.kosmolat.eu\/lt\/wp-json\/wp\/v2\/product\/37442","targetHints":{"allow":["GET"]}}],"collection":[{"href":"https:\/\/e.kosmolat.eu\/lt\/wp-json\/wp\/v2\/product"}],"about":[{"href":"https:\/\/e.kosmolat.eu\/lt\/wp-json\/wp\/v2\/types\/product"}],"wp:featuredmedia":[{"embeddable":true,"href":"https:\/\/e.kosmolat.eu\/lt\/wp-json\/wp\/v2\/media\/86730"}],"wp:attachment":[{"href":"https:\/\/e.kosmolat.eu\/lt\/wp-json\/wp\/v2\/media?parent=37442"}],"wp:term":[{"taxonomy":"product_cat","embeddable":true,"href":"https:\/\/e.kosmolat.eu\/lt\/wp-json\/wp\/v2\/product_cat?post=37442"},{"taxonomy":"product_tag","embeddable":true,"href":"https:\/\/e.kosmolat.eu\/lt\/wp-json\/wp\/v2\/product_tag?post=37442"}],"curies":[{"name":"wp","href":"https:\/\/api.w.org\/{rel}","templated":true}]}}