{"id":37438,"date":"2023-12-22T19:46:52","date_gmt":"2023-12-22T19:46:52","guid":{"rendered":"https:\/\/e.kosmolat.eu\/product\/phyto-spa-zeleja-intimai-higienai-sudanas-roze-300-ml\/"},"modified":"2026-04-11T18:44:41","modified_gmt":"2026-04-11T18:44:41","slug":"phyto-spa-zeleja-intimai-higienai-sudanas-roze-300-ml","status":"publish","type":"product","link":"https:\/\/e.kosmolat.eu\/lt\/produktas\/phyto-spa-zeleja-intimai-higienai-sudanas-roze-300-ml\/","title":{"rendered":"IRIS COSMETIC PHYTO SPA Gelis intymiai higienai Sudano ro\u017e\u0117, 300 ml"},"content":{"rendered":"<p>Gelis intymiai higienai Sudano ro\u017e\u0117<br \/>\n&Scaron;velnus gelis su lengvu Sudano ro\u017e\u0117s aromatu skirtas kasdienei subtiliai intymi\u0173 k\u016bno viet\u0173 prie\u017ei\u016brai. Gelis \u0161velniai valo ir dr\u0117kina od\u0105, leisdamas i\u0161laikyti \u0161varos ir komforto jausm\u0105 vis\u0105 dien\u0105.<\/p>\n<p>Naudojimas: nedidel\u012f kiek\u012f gelio naudokite intymioms vietoms pri\u017ei\u016br\u0117ti, po naudojimo kruop\u0161\u010diai nuplaukite \u0161iltu vandeniu.<br \/>\n&nbsp;<\/p>\n","protected":false},"excerpt":{"rendered":"<p>Gelis intymiai higienai Sudano ro\u017e\u0117 &Scaron;velnus gelis su lengvu Sudano ro\u017e\u0117s aromatu skirtas kasdienei subtiliai intymi\u0173 k\u016bno viet\u0173 prie\u017ei\u016brai. Gelis \u0161velniai valo ir dr\u0117kina od\u0105, leisdamas i\u0161laikyti \u0161varos ir komforto jausm\u0105 vis\u0105 dien\u0105. Naudojimas: nedidel\u012f kiek\u012f gelio naudokite intymioms vietoms pri\u017ei\u016br\u0117ti, po naudojimo kruop\u0161\u010diai nuplaukite \u0161iltu vandeniu. &nbsp;<\/p>\n","protected":false},"featured_media":86726,"template":"","meta":[],"product_cat":[1374],"product_tag":[],"class_list":{"0":"post-37438","1":"product","2":"type-product","3":"status-publish","4":"has-post-thumbnail","6":"product_brand-sale-lt","7":"product_cat-intymi-higiena","9":"first","10":"outofstock","11":"taxable","12":"shipping-taxable","13":"product-type-simple"},"_links":{"self":[{"href":"https:\/\/e.kosmolat.eu\/lt\/wp-json\/wp\/v2\/product\/37438","targetHints":{"allow":["GET"]}}],"collection":[{"href":"https:\/\/e.kosmolat.eu\/lt\/wp-json\/wp\/v2\/product"}],"about":[{"href":"https:\/\/e.kosmolat.eu\/lt\/wp-json\/wp\/v2\/types\/product"}],"wp:featuredmedia":[{"embeddable":true,"href":"https:\/\/e.kosmolat.eu\/lt\/wp-json\/wp\/v2\/media\/86726"}],"wp:attachment":[{"href":"https:\/\/e.kosmolat.eu\/lt\/wp-json\/wp\/v2\/media?parent=37438"}],"wp:term":[{"taxonomy":"product_cat","embeddable":true,"href":"https:\/\/e.kosmolat.eu\/lt\/wp-json\/wp\/v2\/product_cat?post=37438"},{"taxonomy":"product_tag","embeddable":true,"href":"https:\/\/e.kosmolat.eu\/lt\/wp-json\/wp\/v2\/product_tag?post=37438"}],"curies":[{"name":"wp","href":"https:\/\/api.w.org\/{rel}","templated":true}]}}