{"id":37434,"date":"2023-12-22T19:46:33","date_gmt":"2023-12-22T19:46:33","guid":{"rendered":"https:\/\/e.kosmolat.eu\/product\/phyto-spa-zeleja-intimai-higienai-roza-orhideja-300-ml\/"},"modified":"2026-04-11T18:44:30","modified_gmt":"2026-04-11T18:44:30","slug":"phyto-spa-zeleja-intimai-higienai-roza-orhideja-300-ml","status":"publish","type":"product","link":"https:\/\/e.kosmolat.eu\/lt\/produktas\/phyto-spa-zeleja-intimai-higienai-roza-orhideja-300-ml\/","title":{"rendered":"IRIS COSMETIC PHYTO SPA Intymios higienos gelis Ro\u017ein\u0117 orchid\u0117ja, 300 ml"},"content":{"rendered":"<p>Intymios higienos gelis Ro\u017ein\u0117 orchid\u0117ja<br \/>\nSubtilus gelis su lengvu ro\u017ein\u0117s orchid\u0117jos kvapu yra skirtas subtiliai kasdienei intymi\u0173 k\u016bno viet\u0173 prie\u017ei\u016brai. Gelis \u0161velniai valo ir dr\u0117kina od\u0105, leisdamas i\u0161laikyti \u0161varos ir komforto jausm\u0105 vis\u0105 dien\u0105.<\/p>\n<p>Naudojimas: nedidel\u012f kiek\u012f gelio naudokite intymioms vietoms pri\u017ei\u016br\u0117ti, po naudojimo kruop\u0161\u010diai nuplaukite \u0161iltu vandeniu.<br \/>\n&nbsp;<\/p>\n","protected":false},"excerpt":{"rendered":"<p>Intymios higienos gelis Ro\u017ein\u0117 orchid\u0117ja Subtilus gelis su lengvu ro\u017ein\u0117s orchid\u0117jos kvapu yra skirtas subtiliai kasdienei intymi\u0173 k\u016bno viet\u0173 prie\u017ei\u016brai. Gelis \u0161velniai valo ir dr\u0117kina od\u0105, leisdamas i\u0161laikyti \u0161varos ir komforto jausm\u0105 vis\u0105 dien\u0105. Naudojimas: nedidel\u012f kiek\u012f gelio naudokite intymioms vietoms pri\u017ei\u016br\u0117ti, po naudojimo kruop\u0161\u010diai nuplaukite \u0161iltu vandeniu. &nbsp;<\/p>\n","protected":false},"featured_media":86722,"template":"","meta":[],"product_cat":[1374],"product_tag":[],"class_list":{"0":"post-37434","1":"product","2":"type-product","3":"status-publish","4":"has-post-thumbnail","6":"product_brand-sale-lt","7":"product_cat-intymi-higiena","9":"first","10":"outofstock","11":"taxable","12":"shipping-taxable","13":"product-type-simple"},"_links":{"self":[{"href":"https:\/\/e.kosmolat.eu\/lt\/wp-json\/wp\/v2\/product\/37434","targetHints":{"allow":["GET"]}}],"collection":[{"href":"https:\/\/e.kosmolat.eu\/lt\/wp-json\/wp\/v2\/product"}],"about":[{"href":"https:\/\/e.kosmolat.eu\/lt\/wp-json\/wp\/v2\/types\/product"}],"wp:featuredmedia":[{"embeddable":true,"href":"https:\/\/e.kosmolat.eu\/lt\/wp-json\/wp\/v2\/media\/86722"}],"wp:attachment":[{"href":"https:\/\/e.kosmolat.eu\/lt\/wp-json\/wp\/v2\/media?parent=37434"}],"wp:term":[{"taxonomy":"product_cat","embeddable":true,"href":"https:\/\/e.kosmolat.eu\/lt\/wp-json\/wp\/v2\/product_cat?post=37434"},{"taxonomy":"product_tag","embeddable":true,"href":"https:\/\/e.kosmolat.eu\/lt\/wp-json\/wp\/v2\/product_tag?post=37434"}],"curies":[{"name":"wp","href":"https:\/\/api.w.org\/{rel}","templated":true}]}}