{"id":37430,"date":"2023-12-22T19:46:16","date_gmt":"2023-12-22T19:46:16","guid":{"rendered":"https:\/\/e.kosmolat.eu\/product\/phyto-spa-sprejs-kermenim-ziedosa-sakura-200-ml\/"},"modified":"2026-04-11T18:44:18","modified_gmt":"2026-04-11T18:44:18","slug":"phyto-spa-sprejs-kermenim-ziedosa-sakura-200-ml","status":"publish","type":"product","link":"https:\/\/e.kosmolat.eu\/lt\/produktas\/phyto-spa-sprejs-kermenim-ziedosa-sakura-200-ml\/","title":{"rendered":"IRIS COSMETIC PHYTO SPA K\u016bno pur\u0161kiklis \u017dydinti sakura , 200 ml"},"content":{"rendered":"<p>K\u016bno pur\u0161kiklis \u017dydinti sakura&nbsp;<br \/>\nK\u016bno pur\u0161kiklis puikiai dr\u0117kina, gaivina ir tonizuoja od\u0105, apgaubdamas j\u0105 subtiliu g\u0117li\u0173 aromatu. Naudojimas: purk\u0161ti ant k\u016bno odos 20 cm atstumu<br \/>\n&nbsp;<\/p>\n","protected":false},"excerpt":{"rendered":"<p>K\u016bno pur\u0161kiklis \u017dydinti sakura&nbsp; K\u016bno pur\u0161kiklis puikiai dr\u0117kina, gaivina ir tonizuoja od\u0105, apgaubdamas j\u0105 subtiliu g\u0117li\u0173 aromatu. Naudojimas: purk\u0161ti ant k\u016bno odos 20 cm atstumu &nbsp;<\/p>\n","protected":false},"featured_media":86718,"template":"","meta":[],"product_cat":[1447],"product_tag":[],"class_list":{"0":"post-37430","1":"product","2":"type-product","3":"status-publish","4":"has-post-thumbnail","6":"product_brand-sale-lt","7":"product_cat-kvepalai-ir-tualetinis-vanduo-moterims","9":"first","10":"outofstock","11":"taxable","12":"shipping-taxable","13":"product-type-simple"},"_links":{"self":[{"href":"https:\/\/e.kosmolat.eu\/lt\/wp-json\/wp\/v2\/product\/37430","targetHints":{"allow":["GET"]}}],"collection":[{"href":"https:\/\/e.kosmolat.eu\/lt\/wp-json\/wp\/v2\/product"}],"about":[{"href":"https:\/\/e.kosmolat.eu\/lt\/wp-json\/wp\/v2\/types\/product"}],"wp:featuredmedia":[{"embeddable":true,"href":"https:\/\/e.kosmolat.eu\/lt\/wp-json\/wp\/v2\/media\/86718"}],"wp:attachment":[{"href":"https:\/\/e.kosmolat.eu\/lt\/wp-json\/wp\/v2\/media?parent=37430"}],"wp:term":[{"taxonomy":"product_cat","embeddable":true,"href":"https:\/\/e.kosmolat.eu\/lt\/wp-json\/wp\/v2\/product_cat?post=37430"},{"taxonomy":"product_tag","embeddable":true,"href":"https:\/\/e.kosmolat.eu\/lt\/wp-json\/wp\/v2\/product_tag?post=37430"}],"curies":[{"name":"wp","href":"https:\/\/api.w.org\/{rel}","templated":true}]}}