{"id":37426,"date":"2023-12-22T19:45:59","date_gmt":"2023-12-22T19:45:59","guid":{"rendered":"https:\/\/e.kosmolat.eu\/product\/phyto-spa-sprejs-kermenim-sudanas-roze-200-ml\/"},"modified":"2026-04-11T18:44:07","modified_gmt":"2026-04-11T18:44:07","slug":"phyto-spa-sprejs-kermenim-sudanas-roze-200-ml","status":"publish","type":"product","link":"https:\/\/e.kosmolat.eu\/lt\/produktas\/phyto-spa-sprejs-kermenim-sudanas-roze-200-ml\/","title":{"rendered":"IRIS COSMETIC PHYTO SPA K\u016bno pur\u0161kiklis Sudano ro\u017e\u0117, 200 ml"},"content":{"rendered":"<p>K\u016bno pur&scaron;kiklis puikiai dr\u0117kina, gaivina ir tonizuoja od\u0105, apgaubdamas j\u0105 subtiliu g\u0117li\u0173 aromatu.<\/p>\n<p><strong>Naudojimas: <\/strong>purk&scaron;ti ant veido ir k\u016bno.<br \/>\n&nbsp;<\/p>\n","protected":false},"excerpt":{"rendered":"<p>K\u016bno pur&scaron;kiklis puikiai dr\u0117kina, gaivina ir tonizuoja od\u0105, apgaubdamas j\u0105 subtiliu g\u0117li\u0173 aromatu. Naudojimas: purk&scaron;ti ant veido ir k\u016bno. &nbsp;<\/p>\n","protected":false},"featured_media":86714,"template":"","meta":[],"product_cat":[1447],"product_tag":[],"class_list":{"0":"post-37426","1":"product","2":"type-product","3":"status-publish","4":"has-post-thumbnail","6":"product_brand-sale-lt","7":"product_cat-kvepalai-ir-tualetinis-vanduo-moterims","9":"first","10":"outofstock","11":"taxable","12":"shipping-taxable","13":"product-type-simple"},"_links":{"self":[{"href":"https:\/\/e.kosmolat.eu\/lt\/wp-json\/wp\/v2\/product\/37426","targetHints":{"allow":["GET"]}}],"collection":[{"href":"https:\/\/e.kosmolat.eu\/lt\/wp-json\/wp\/v2\/product"}],"about":[{"href":"https:\/\/e.kosmolat.eu\/lt\/wp-json\/wp\/v2\/types\/product"}],"wp:featuredmedia":[{"embeddable":true,"href":"https:\/\/e.kosmolat.eu\/lt\/wp-json\/wp\/v2\/media\/86714"}],"wp:attachment":[{"href":"https:\/\/e.kosmolat.eu\/lt\/wp-json\/wp\/v2\/media?parent=37426"}],"wp:term":[{"taxonomy":"product_cat","embeddable":true,"href":"https:\/\/e.kosmolat.eu\/lt\/wp-json\/wp\/v2\/product_cat?post=37426"},{"taxonomy":"product_tag","embeddable":true,"href":"https:\/\/e.kosmolat.eu\/lt\/wp-json\/wp\/v2\/product_tag?post=37426"}],"curies":[{"name":"wp","href":"https:\/\/api.w.org\/{rel}","templated":true}]}}