{"id":37418,"date":"2023-12-22T19:45:21","date_gmt":"2023-12-22T19:45:21","guid":{"rendered":"https:\/\/e.kosmolat.eu\/product\/i_phyto-spa-krems-balzams-rokam-un-kermenim-sakuras-ziedi-180ml\/"},"modified":"2025-09-19T23:01:23","modified_gmt":"2025-09-19T23:01:23","slug":"i_phyto-spa-krems-balzams-rokam-un-kermenim-sakuras-ziedi-180ml","status":"publish","type":"product","link":"https:\/\/e.kosmolat.eu\/lt\/produktas\/i_phyto-spa-krems-balzams-rokam-un-kermenim-sakuras-ziedi-180ml\/","title":{"rendered":"I_RIS COSMETIC PHYTO SPA Kremas-balzamas rankoms ir k\u016bnui \u017dydinti sakura, 180 ml"},"content":{"rendered":"<p>Kremas-balzamas rankoms ir k\u016bnui \u017dydinti sakura<br \/>\nIntensyvi mityba<br \/>\n&Scaron;velnus kremas veiksmingai rank\u0173 ir k\u016bno odos prie\u017ei\u016brai. Argan\u0173 aliejus aktyviai maitina ir mink\u0161tina od\u0105, padeda j\u0105 atstatyti. Vitamin\u0173 A, E, F kompleksas dr\u0117kina ir maitina od\u0105, gerina jos stangrum\u0105 ir elastingum\u0105.<br \/>\nNaudojimas: nedidel\u012f kiek\u012f kremo u\u017etepkite ant \u0161varios k\u016bno ar rank\u0173 odos. Lengvais masa\u017euojamaisiais judesiais \u012ftrinkite krem\u0105, kol jis visi\u0161kai susigers.<br \/>\n&nbsp;<\/p>\n","protected":false},"excerpt":{"rendered":"<p>Kremas-balzamas rankoms ir k\u016bnui \u017dydinti sakura Intensyvi mityba &Scaron;velnus kremas veiksmingai rank\u0173 ir k\u016bno odos prie\u017ei\u016brai. Argan\u0173 aliejus aktyviai maitina ir mink\u0161tina od\u0105, padeda j\u0105 atstatyti. Vitamin\u0173 A, E, F kompleksas dr\u0117kina ir maitina od\u0105, gerina jos stangrum\u0105 ir elastingum\u0105. Naudojimas: nedidel\u012f kiek\u012f kremo u\u017etepkite ant \u0161varios k\u016bno ar rank\u0173 odos. Lengvais masa\u017euojamaisiais judesiais \u012ftrinkite [&#8230;]\n","protected":false},"featured_media":86706,"template":"","meta":[],"product_cat":[1304],"product_tag":[],"class_list":{"0":"post-37418","1":"product","2":"type-product","3":"status-publish","4":"has-post-thumbnail","6":"product_brand-iris-belorek_by-lt","7":"product_cat-ranku-prieziuros-kosmetika","9":"first","10":"outofstock","11":"taxable","12":"shipping-taxable","13":"product-type-simple"},"_links":{"self":[{"href":"https:\/\/e.kosmolat.eu\/lt\/wp-json\/wp\/v2\/product\/37418","targetHints":{"allow":["GET"]}}],"collection":[{"href":"https:\/\/e.kosmolat.eu\/lt\/wp-json\/wp\/v2\/product"}],"about":[{"href":"https:\/\/e.kosmolat.eu\/lt\/wp-json\/wp\/v2\/types\/product"}],"wp:featuredmedia":[{"embeddable":true,"href":"https:\/\/e.kosmolat.eu\/lt\/wp-json\/wp\/v2\/media\/86706"}],"wp:attachment":[{"href":"https:\/\/e.kosmolat.eu\/lt\/wp-json\/wp\/v2\/media?parent=37418"}],"wp:term":[{"taxonomy":"product_cat","embeddable":true,"href":"https:\/\/e.kosmolat.eu\/lt\/wp-json\/wp\/v2\/product_cat?post=37418"},{"taxonomy":"product_tag","embeddable":true,"href":"https:\/\/e.kosmolat.eu\/lt\/wp-json\/wp\/v2\/product_tag?post=37418"}],"curies":[{"name":"wp","href":"https:\/\/api.w.org\/{rel}","templated":true}]}}