{"id":37330,"date":"2023-12-22T19:37:47","date_gmt":"2023-12-22T19:37:47","guid":{"rendered":"https:\/\/e.kosmolat.eu\/product\/phytotherapy-sejas-krems-gurku-balinoss-180-m\/"},"modified":"2025-09-19T22:54:44","modified_gmt":"2025-09-19T22:54:44","slug":"phytotherapy-sejas-krems-gurku-mitrinoss-180-m","status":"publish","type":"product","link":"https:\/\/e.kosmolat.eu\/lt\/produktas\/phytotherapy-sejas-krems-gurku-mitrinoss-180-m\/","title":{"rendered":"IRIS COSMETIC PHYTOTHERAPY Veido kremas Agurkinis Dr\u0117kinantis, 180 ml"},"content":{"rendered":"<p>Veido kremas agurkinis balinantis.&nbsp;Lengvas dr\u0117kinamasis kremas su &scaron;viesinimo efektu veido odos prie\u017ei\u016brai.&nbsp;Aktyviai dr\u0117kina ir mink&scaron;tina, &scaron;viesina, apsaugo.<\/p>\n<ul>\n<li>Agurk\u0173 ekstraktas aktyviai dr\u0117kina ir mink&scaron;tina od\u0105, gaivina ir suvienodina odos atspalv\u012f, pasi\u017eymi &scaron;viesinamuoju poveikiu.<\/li>\n<li>Saldymed\u017ei\u0173 &nbsp;ekstraktas ramina sudirgusi\u0105 od\u0105, saugo nuo \u017ealingo UV spinduli\u0173 poveikio, turi depigmentacin\u012f poveik\u012f.<\/li>\n<li>\u017daliosios arbatos ekstraktas puikiai tonizuoja ir gaivina, apsaugo nuo prie&scaron;laikinio odos sen\u0117jimo.<\/li>\n<\/ul>\n<p><strong>Naudojimas: <\/strong>tepkite krem\u0105 ant nuvalytos veido odos pir&scaron;t\u0173 galiukais, kol visi&scaron;kai \u012fsigers.<\/p>\n<p>Laikyti nuo 0 &deg;C iki +25 &deg;C temperat\u016broje.<\/p>\n<p><strong>Geriausias:<\/strong> 36 m\u0117nesiai nuo pagaminimo datos.<\/p>\n","protected":false},"excerpt":{"rendered":"<p>Veido kremas agurkinis balinantis.&nbsp;Lengvas dr\u0117kinamasis kremas su &scaron;viesinimo efektu veido odos prie\u017ei\u016brai.&nbsp;Aktyviai dr\u0117kina ir mink&scaron;tina, &scaron;viesina, apsaugo. Agurk\u0173 ekstraktas aktyviai dr\u0117kina ir mink&scaron;tina od\u0105, gaivina ir suvienodina odos atspalv\u012f, pasi\u017eymi &scaron;viesinamuoju poveikiu. Saldymed\u017ei\u0173 &nbsp;ekstraktas ramina sudirgusi\u0105 od\u0105, saugo nuo \u017ealingo UV spinduli\u0173 poveikio, turi depigmentacin\u012f poveik\u012f. \u017daliosios arbatos ekstraktas puikiai tonizuoja ir gaivina, apsaugo nuo [&#8230;]\n","protected":false},"featured_media":86578,"template":"","meta":[],"product_cat":[1322],"product_tag":[],"class_list":{"0":"post-37330","1":"product","2":"type-product","3":"status-publish","4":"has-post-thumbnail","6":"product_brand-iris-belorek_by-lt","7":"product_cat-veido-kremai","9":"first","10":"outofstock","11":"taxable","12":"shipping-taxable","13":"product-type-simple"},"_links":{"self":[{"href":"https:\/\/e.kosmolat.eu\/lt\/wp-json\/wp\/v2\/product\/37330","targetHints":{"allow":["GET"]}}],"collection":[{"href":"https:\/\/e.kosmolat.eu\/lt\/wp-json\/wp\/v2\/product"}],"about":[{"href":"https:\/\/e.kosmolat.eu\/lt\/wp-json\/wp\/v2\/types\/product"}],"wp:featuredmedia":[{"embeddable":true,"href":"https:\/\/e.kosmolat.eu\/lt\/wp-json\/wp\/v2\/media\/86578"}],"wp:attachment":[{"href":"https:\/\/e.kosmolat.eu\/lt\/wp-json\/wp\/v2\/media?parent=37330"}],"wp:term":[{"taxonomy":"product_cat","embeddable":true,"href":"https:\/\/e.kosmolat.eu\/lt\/wp-json\/wp\/v2\/product_cat?post=37330"},{"taxonomy":"product_tag","embeddable":true,"href":"https:\/\/e.kosmolat.eu\/lt\/wp-json\/wp\/v2\/product_tag?post=37330"}],"curies":[{"name":"wp","href":"https:\/\/api.w.org\/{rel}","templated":true}]}}