{"id":37314,"date":"2023-12-22T19:36:48","date_gmt":"2023-12-22T19:36:48","guid":{"rendered":"https:\/\/e.kosmolat.eu\/product\/skusanas-ota-synthetic-bristle\/"},"modified":"2026-04-09T15:55:09","modified_gmt":"2026-04-09T15:55:09","slug":"skusanas-ota-sintetiskie-sari-4602","status":"publish","type":"product","link":"https:\/\/e.kosmolat.eu\/lt\/produktas\/skusanas-ota-sintetiskie-sari-4602\/","title":{"rendered":"DONEGAL \u0160epet\u0117lis skutimosi putoms, sintetiniai \u0161ereliai 4602"},"content":{"rendered":"","protected":false},"excerpt":{"rendered":"","protected":false},"featured_media":85894,"template":"","meta":[],"product_cat":[1685],"product_tag":[],"class_list":{"0":"post-37314","1":"product","2":"type-product","3":"status-publish","4":"has-post-thumbnail","6":"product_brand-donegal-sp-zo-o-_pl-lt","7":"product_cat-vyru-skutimosi-priemones","9":"first","10":"instock","11":"taxable","12":"shipping-taxable","13":"product-type-simple"},"_links":{"self":[{"href":"https:\/\/e.kosmolat.eu\/lt\/wp-json\/wp\/v2\/product\/37314","targetHints":{"allow":["GET"]}}],"collection":[{"href":"https:\/\/e.kosmolat.eu\/lt\/wp-json\/wp\/v2\/product"}],"about":[{"href":"https:\/\/e.kosmolat.eu\/lt\/wp-json\/wp\/v2\/types\/product"}],"wp:featuredmedia":[{"embeddable":true,"href":"https:\/\/e.kosmolat.eu\/lt\/wp-json\/wp\/v2\/media\/85894"}],"wp:attachment":[{"href":"https:\/\/e.kosmolat.eu\/lt\/wp-json\/wp\/v2\/media?parent=37314"}],"wp:term":[{"taxonomy":"product_cat","embeddable":true,"href":"https:\/\/e.kosmolat.eu\/lt\/wp-json\/wp\/v2\/product_cat?post=37314"},{"taxonomy":"product_tag","embeddable":true,"href":"https:\/\/e.kosmolat.eu\/lt\/wp-json\/wp\/v2\/product_tag?post=37314"}],"curies":[{"name":"wp","href":"https:\/\/api.w.org\/{rel}","templated":true}]}}