{"id":37238,"date":"2023-12-22T19:30:48","date_gmt":"2023-12-22T19:30:48","guid":{"rendered":"https:\/\/e.kosmolat.eu\/product\/oblepiha-organica-dienas-krems-lidzsvars-intensiva-barosana-optimala-mitrinasana-50-g\/"},"modified":"2025-09-19T22:33:23","modified_gmt":"2025-09-19T22:33:23","slug":"oblepiha-organica-dienas-krems-lidzsvars-intensiva-barosana-optimala-mitrinasana-50-g","status":"publish","type":"product","link":"https:\/\/e.kosmolat.eu\/lt\/produktas\/oblepiha-organica-dienas-krems-lidzsvars-intensiva-barosana-optimala-mitrinasana-50-g\/","title":{"rendered":"BELKOSMEX Oblepiha Organica Dieninis veido kremas Intensyvus maitinimas, optimalus dr\u0117kinimas, 50 g"},"content":{"rendered":"<p>Praturtintas nat\u016braliais aliejais, kremo formul\u0117 suteikia odai prabangi\u0105 prie\u017ei\u016br\u0105.<\/p>\n<ul>\n<li>Ekologi&scaron;kame &scaron;altalanki\u0173 aliejuje i&scaron;skirtinai gausu biologi&scaron;kai aktyvi\u0173 med\u017eiag\u0173 (vitamin\u0173, mikroelement\u0173, riebal\u0173 r\u016bg&scaron;\u010di\u0173). Jis giliai maitina od\u0105, kovoja su &nbsp;i&scaron;saus\u0117jimu ir pleiskanojimu, atkuria jos &scaron;velnum\u0105 ir glotnum\u0105, suteikia sveiko spindesio.<\/li>\n<li>Sald\u017ei\u0173j\u0173 migdol\u0173 ir kokos\u0173 aliejai aktyvina l\u0105steli\u0173 regeneracij\u0105, palaiko optimal\u0173 dr\u0117gm\u0117s balans\u0105, padeda i&scaron;lyginti rauk&scaron;les ir atkurti odos mikroreljef\u0105.<\/li>\n<li>\u017doleli\u0173 citrin\u017eol\u0117s, melisos ir m\u0117t\u0173 ekstraktai puikiai prie&scaron;inasi prie&scaron;laikiniam odos sen\u0117jimui, palaiko jos tonus\u0105 ir elastingum\u0105.<\/li>\n<\/ul>\n<p>Vis\u0173 tip\u0173 odai. Tinka kaip makia\u017eo pagrindas.<\/p>\n<p><strong>Naudojimas: <\/strong><\/p>\n<p>Tepkite ant &scaron;varios odos i&scaron;ilgai masa\u017eo linij\u0173.<\/p>\n","protected":false},"excerpt":{"rendered":"<p>Praturtintas nat\u016braliais aliejais, kremo formul\u0117 suteikia odai prabangi\u0105 prie\u017ei\u016br\u0105. Ekologi&scaron;kame &scaron;altalanki\u0173 aliejuje i&scaron;skirtinai gausu biologi&scaron;kai aktyvi\u0173 med\u017eiag\u0173 (vitamin\u0173, mikroelement\u0173, riebal\u0173 r\u016bg&scaron;\u010di\u0173). Jis giliai maitina od\u0105, kovoja su &nbsp;i&scaron;saus\u0117jimu ir pleiskanojimu, atkuria jos &scaron;velnum\u0105 ir glotnum\u0105, suteikia sveiko spindesio. Sald\u017ei\u0173j\u0173 migdol\u0173 ir kokos\u0173 aliejai aktyvina l\u0105steli\u0173 regeneracij\u0105, palaiko optimal\u0173 dr\u0117gm\u0117s balans\u0105, padeda i&scaron;lyginti rauk&scaron;les ir atkurti [&#8230;]\n","protected":false},"featured_media":86230,"template":"","meta":[],"product_cat":[1322],"product_tag":[],"class_list":{"0":"post-37238","1":"product","2":"type-product","3":"status-publish","4":"has-post-thumbnail","6":"product_brand-belkosmex_by-lt","7":"product_cat-veido-kremai","9":"first","10":"outofstock","11":"taxable","12":"shipping-taxable","13":"product-type-simple"},"_links":{"self":[{"href":"https:\/\/e.kosmolat.eu\/lt\/wp-json\/wp\/v2\/product\/37238","targetHints":{"allow":["GET"]}}],"collection":[{"href":"https:\/\/e.kosmolat.eu\/lt\/wp-json\/wp\/v2\/product"}],"about":[{"href":"https:\/\/e.kosmolat.eu\/lt\/wp-json\/wp\/v2\/types\/product"}],"wp:featuredmedia":[{"embeddable":true,"href":"https:\/\/e.kosmolat.eu\/lt\/wp-json\/wp\/v2\/media\/86230"}],"wp:attachment":[{"href":"https:\/\/e.kosmolat.eu\/lt\/wp-json\/wp\/v2\/media?parent=37238"}],"wp:term":[{"taxonomy":"product_cat","embeddable":true,"href":"https:\/\/e.kosmolat.eu\/lt\/wp-json\/wp\/v2\/product_cat?post=37238"},{"taxonomy":"product_tag","embeddable":true,"href":"https:\/\/e.kosmolat.eu\/lt\/wp-json\/wp\/v2\/product_tag?post=37238"}],"curies":[{"name":"wp","href":"https:\/\/api.w.org\/{rel}","templated":true}]}}