{"id":37226,"date":"2023-12-22T19:29:53","date_gmt":"2023-12-22T19:29:53","guid":{"rendered":"https:\/\/e.kosmolat.eu\/product\/bd-party-kosmetiskais-konturzimulis-27-tonis\/"},"modified":"2025-09-19T22:27:43","modified_gmt":"2025-09-19T22:27:43","slug":"bd-party-27-kosmetiskais-lupu-konturzimulis-1-4-g","status":"publish","type":"product","link":"https:\/\/e.kosmolat.eu\/lt\/produktas\/bd-party-27-kosmetiskais-lupu-konturzimulis-1-4-g\/","title":{"rendered":"BELOR DESIGN Party Kosmetinis kont\u016bro pie\u0161tukas, tonas 27"},"content":{"rendered":"<p>Laikyti nuo -5 &deg;\u0421 iki +35 &deg;\u0421 temperat\u016broje, toliau nuo &scaron;ildymo prietais\u0173, saugoti nuo tiesiogini\u0173 saul\u0117s spinduli\u0173.<\/p>\n","protected":false},"excerpt":{"rendered":"<p>Laikyti nuo -5 &deg;\u0421 iki +35 &deg;\u0421 temperat\u016broje, toliau nuo &scaron;ildymo prietais\u0173, saugoti nuo tiesiogini\u0173 saul\u0117s spinduli\u0173.<\/p>\n","protected":false},"featured_media":86134,"template":"","meta":[],"product_cat":[1287],"product_tag":[],"class_list":{"0":"post-37226","1":"product","2":"type-product","3":"status-publish","4":"has-post-thumbnail","6":"product_brand-belordizain_by-lt","7":"product_cat-lupu-piestukai","9":"first","10":"outofstock","11":"taxable","12":"shipping-taxable","13":"product-type-simple"},"_links":{"self":[{"href":"https:\/\/e.kosmolat.eu\/lt\/wp-json\/wp\/v2\/product\/37226","targetHints":{"allow":["GET"]}}],"collection":[{"href":"https:\/\/e.kosmolat.eu\/lt\/wp-json\/wp\/v2\/product"}],"about":[{"href":"https:\/\/e.kosmolat.eu\/lt\/wp-json\/wp\/v2\/types\/product"}],"wp:featuredmedia":[{"embeddable":true,"href":"https:\/\/e.kosmolat.eu\/lt\/wp-json\/wp\/v2\/media\/86134"}],"wp:attachment":[{"href":"https:\/\/e.kosmolat.eu\/lt\/wp-json\/wp\/v2\/media?parent=37226"}],"wp:term":[{"taxonomy":"product_cat","embeddable":true,"href":"https:\/\/e.kosmolat.eu\/lt\/wp-json\/wp\/v2\/product_cat?post=37226"},{"taxonomy":"product_tag","embeddable":true,"href":"https:\/\/e.kosmolat.eu\/lt\/wp-json\/wp\/v2\/product_tag?post=37226"}],"curies":[{"name":"wp","href":"https:\/\/api.w.org\/{rel}","templated":true}]}}