{"id":37214,"date":"2023-12-22T19:29:02","date_gmt":"2023-12-22T19:29:02","guid":{"rendered":"https:\/\/e.kosmolat.eu\/product\/oblepiha-organica-maigas-iebiezinatas-ziepes-barojosas-130-g\/"},"modified":"2025-09-19T22:32:50","modified_gmt":"2025-09-19T22:32:50","slug":"oblepiha-organica-maigas-iebiezinatas-ziepes-barojosas-130-g","status":"publish","type":"product","link":"https:\/\/e.kosmolat.eu\/lt\/produktas\/oblepiha-organica-maigas-iebiezinatas-ziepes-barojosas-130-g\/","title":{"rendered":"BELKOSMEX Oblepiha Organica \u0160velnus ti\u0161tas maitinantis muilas, 130 g"},"content":{"rendered":"<p>Ekologi&scaron;kame &scaron;altalanki\u0173 aliejuje itin gausu biologi&scaron;kai aktyvi\u0173 med\u017eiag\u0173 (vitamin\u0173, mikroelement\u0173, riebi\u0173j\u0173 r\u016bg&scaron;\u010di\u0173). Jis giliai maitina od\u0105, Veikia prie&scaron; i&scaron;saus\u0117jim\u0105 ir pleiskanojim\u0105. Mink&scaron;tas prausiamasis pagrindas suteikia odai malonaus &scaron;velnumo ir gaivumo poj\u016bt\u012f.<\/p>\n<p><strong>Naudojimas: <\/strong>u\u017etepkite nedidel\u012f kiek\u012f muilo ant plauk\u0173, odos ar kempin\u0117s, suputokite, &scaron;velniais judesiais \u012fmasa\u017euokite, gerai i&scaron;skalaukite.<\/p>\n","protected":false},"excerpt":{"rendered":"<p>Ekologi&scaron;kame &scaron;altalanki\u0173 aliejuje itin gausu biologi&scaron;kai aktyvi\u0173 med\u017eiag\u0173 (vitamin\u0173, mikroelement\u0173, riebi\u0173j\u0173 r\u016bg&scaron;\u010di\u0173). Jis giliai maitina od\u0105, Veikia prie&scaron; i&scaron;saus\u0117jim\u0105 ir pleiskanojim\u0105. Mink&scaron;tas prausiamasis pagrindas suteikia odai malonaus &scaron;velnumo ir gaivumo poj\u016bt\u012f. Naudojimas: u\u017etepkite nedidel\u012f kiek\u012f muilo ant plauk\u0173, odos ar kempin\u0117s, suputokite, &scaron;velniais judesiais \u012fmasa\u017euokite, gerai i&scaron;skalaukite.<\/p>\n","protected":false},"featured_media":86222,"template":"","meta":[],"product_cat":[1282],"product_tag":[],"class_list":{"0":"post-37214","1":"product","2":"type-product","3":"status-publish","4":"has-post-thumbnail","6":"product_brand-belkosmex_by-lt","7":"product_cat-duso-geliai-ir-duso-aliejai","9":"first","10":"outofstock","11":"taxable","12":"shipping-taxable","13":"product-type-simple"},"_links":{"self":[{"href":"https:\/\/e.kosmolat.eu\/lt\/wp-json\/wp\/v2\/product\/37214","targetHints":{"allow":["GET"]}}],"collection":[{"href":"https:\/\/e.kosmolat.eu\/lt\/wp-json\/wp\/v2\/product"}],"about":[{"href":"https:\/\/e.kosmolat.eu\/lt\/wp-json\/wp\/v2\/types\/product"}],"wp:featuredmedia":[{"embeddable":true,"href":"https:\/\/e.kosmolat.eu\/lt\/wp-json\/wp\/v2\/media\/86222"}],"wp:attachment":[{"href":"https:\/\/e.kosmolat.eu\/lt\/wp-json\/wp\/v2\/media?parent=37214"}],"wp:term":[{"taxonomy":"product_cat","embeddable":true,"href":"https:\/\/e.kosmolat.eu\/lt\/wp-json\/wp\/v2\/product_cat?post=37214"},{"taxonomy":"product_tag","embeddable":true,"href":"https:\/\/e.kosmolat.eu\/lt\/wp-json\/wp\/v2\/product_tag?post=37214"}],"curies":[{"name":"wp","href":"https:\/\/api.w.org\/{rel}","templated":true}]}}