{"id":37210,"date":"2023-12-22T19:28:42","date_gmt":"2023-12-22T19:28:42","guid":{"rendered":"https:\/\/e.kosmolat.eu\/product\/oblepiha-organica-balzams-pret-matu-izkrisanu-180-g\/"},"modified":"2025-09-19T22:32:10","modified_gmt":"2025-09-19T22:32:10","slug":"oblepiha-organica-balzams-pret-matu-izkrisanu-180-g","status":"publish","type":"product","link":"https:\/\/e.kosmolat.eu\/lt\/produktas\/oblepiha-organica-balzams-pret-matu-izkrisanu-180-g\/","title":{"rendered":"BELKOSMEX Oblepiha Organica Balzamas nuo plauk\u0173 slinkimo, 180 g"},"content":{"rendered":"<p>&Scaron;altalanki\u0173 ekstraktas veiksmingai kovoja su i\u0161saus\u0117jusiais ir l\u016b\u017ein\u0117jan\u010diais plaukais, \u017evilgesio praradimu ir skilin\u0117jan\u010diais galiukais.<\/p>\n<p>Argininas &ndash; vienas i\u0161 plauk\u0173 keratino komponent\u0173 &ndash; skatina med\u017eiag\u0173 apykaitos procesus galvos odoje, stiprina \u0161aknis, atkuria plauko stiebo strukt\u016br\u0105, daro plaukus \u0161ilkinius ir i\u0161puosel\u0117tus.<\/p>\n<p>Vitamin\u0173 A, E, F kompleksas pagreitina galvos odos l\u0105steli\u0173 atsinaujinimo proces\u0105, suteikia apsaug\u0105 nuo laisv\u0173j\u0173 radikal\u0173 ir apsaugo nuo plauk\u0173 slinkimo.&nbsp;<\/p>\n<p>Kondicionuojantys priedai pa\u0161alina statin\u012f kr\u016bv\u012f ir i\u0161vengia &bdquo;p\u016bkuot\u0173&ldquo; plauk\u0173 efekto, prisideda prie lengvo j\u0173 i\u0161\u0161ukavimo.<\/p>\n<p><strong>Naudojimas: <\/strong><\/p>\n<p>tepkite balzam\u0105 ant \u0161amp\u016bnu i\u0161plaut\u0173 plauk\u0173, paskirstykite per vis\u0105 ilg\u012f, po 2-3 minu\u010di\u0173 nuplaukite vandeniu.<\/p>\n","protected":false},"excerpt":{"rendered":"<p>&Scaron;altalanki\u0173 ekstraktas veiksmingai kovoja su i\u0161saus\u0117jusiais ir l\u016b\u017ein\u0117jan\u010diais plaukais, \u017evilgesio praradimu ir skilin\u0117jan\u010diais galiukais. Argininas &ndash; vienas i\u0161 plauk\u0173 keratino komponent\u0173 &ndash; skatina med\u017eiag\u0173 apykaitos procesus galvos odoje, stiprina \u0161aknis, atkuria plauko stiebo strukt\u016br\u0105, daro plaukus \u0161ilkinius ir i\u0161puosel\u0117tus. Vitamin\u0173 A, E, F kompleksas pagreitina galvos odos l\u0105steli\u0173 atsinaujinimo proces\u0105, suteikia apsaug\u0105 nuo laisv\u0173j\u0173 radikal\u0173 [&#8230;]\n","protected":false},"featured_media":86210,"template":"","meta":[],"product_cat":[1640],"product_tag":[],"class_list":{"0":"post-37210","1":"product","2":"type-product","3":"status-publish","4":"has-post-thumbnail","6":"product_brand-belkosmex_by-lt","7":"product_cat-balzamai","9":"first","10":"outofstock","11":"taxable","12":"shipping-taxable","13":"product-type-simple"},"_links":{"self":[{"href":"https:\/\/e.kosmolat.eu\/lt\/wp-json\/wp\/v2\/product\/37210","targetHints":{"allow":["GET"]}}],"collection":[{"href":"https:\/\/e.kosmolat.eu\/lt\/wp-json\/wp\/v2\/product"}],"about":[{"href":"https:\/\/e.kosmolat.eu\/lt\/wp-json\/wp\/v2\/types\/product"}],"wp:featuredmedia":[{"embeddable":true,"href":"https:\/\/e.kosmolat.eu\/lt\/wp-json\/wp\/v2\/media\/86210"}],"wp:attachment":[{"href":"https:\/\/e.kosmolat.eu\/lt\/wp-json\/wp\/v2\/media?parent=37210"}],"wp:term":[{"taxonomy":"product_cat","embeddable":true,"href":"https:\/\/e.kosmolat.eu\/lt\/wp-json\/wp\/v2\/product_cat?post=37210"},{"taxonomy":"product_tag","embeddable":true,"href":"https:\/\/e.kosmolat.eu\/lt\/wp-json\/wp\/v2\/product_tag?post=37210"}],"curies":[{"name":"wp","href":"https:\/\/api.w.org\/{rel}","templated":true}]}}