{"id":37206,"date":"2023-12-22T19:28:19","date_gmt":"2023-12-22T19:28:19","guid":{"rendered":"https:\/\/e.kosmolat.eu\/product\/cz-zeleja-sejas-mazgasanai-visiem-adas-tipiem-120-ml\/"},"modified":"2025-09-19T22:31:00","modified_gmt":"2025-09-19T22:31:00","slug":"cz-zeleja-sejas-mazgasanai-visiem-adas-tipiem-120-ml","status":"publish","type":"product","link":"https:\/\/e.kosmolat.eu\/lt\/produktas\/cz-zeleja-sejas-mazgasanai-visiem-adas-tipiem-120-ml\/","title":{"rendered":"\u010cIORNYJ \u017dEM\u010cIUG Prausimosi gelis visiems odos tipams, 120 ml"},"content":{"rendered":"<p>Valymas + prie\u017ei\u016bra yra naujas valymo standartas. Unikali technologija: formul\u0117 su 20% aktyvaus serumo dr\u0117kina, maitina ir gerina odos elastingum\u0105 jau valymo stadijoje.<\/p>\n<p><strong>Naudojimas: <\/strong><\/p>\n<p>Tepkite gel\u012f ant dr\u0117gno veido masa\u017euojamaisiais judesiais, tada nuplaukite vandeniu. Patekus \u012f akis, kruop\u0161\u010diai nuplaukite vandeniu. Leid\u017eiamas nedidelis gaminio spalvos pasikeitimas, kuris neturi \u012ftakos saugai ir kokybei.<\/p>\n","protected":false},"excerpt":{"rendered":"<p>Valymas + prie\u017ei\u016bra yra naujas valymo standartas. Unikali technologija: formul\u0117 su 20% aktyvaus serumo dr\u0117kina, maitina ir gerina odos elastingum\u0105 jau valymo stadijoje. Naudojimas: Tepkite gel\u012f ant dr\u0117gno veido masa\u017euojamaisiais judesiais, tada nuplaukite vandeniu. Patekus \u012f akis, kruop\u0161\u010diai nuplaukite vandeniu. Leid\u017eiamas nedidelis gaminio spalvos pasikeitimas, kuris neturi \u012ftakos saugai ir kokybei.<\/p>\n","protected":false},"featured_media":86190,"template":"","meta":[],"product_cat":[1577],"product_tag":[],"class_list":{"0":"post-37206","1":"product","2":"type-product","3":"status-publish","4":"has-post-thumbnail","6":"product_brand-unilever-rus-lt","7":"product_cat-gelis","9":"first","10":"outofstock","11":"taxable","12":"shipping-taxable","13":"product-type-simple"},"_links":{"self":[{"href":"https:\/\/e.kosmolat.eu\/lt\/wp-json\/wp\/v2\/product\/37206","targetHints":{"allow":["GET"]}}],"collection":[{"href":"https:\/\/e.kosmolat.eu\/lt\/wp-json\/wp\/v2\/product"}],"about":[{"href":"https:\/\/e.kosmolat.eu\/lt\/wp-json\/wp\/v2\/types\/product"}],"wp:featuredmedia":[{"embeddable":true,"href":"https:\/\/e.kosmolat.eu\/lt\/wp-json\/wp\/v2\/media\/86190"}],"wp:attachment":[{"href":"https:\/\/e.kosmolat.eu\/lt\/wp-json\/wp\/v2\/media?parent=37206"}],"wp:term":[{"taxonomy":"product_cat","embeddable":true,"href":"https:\/\/e.kosmolat.eu\/lt\/wp-json\/wp\/v2\/product_cat?post=37206"},{"taxonomy":"product_tag","embeddable":true,"href":"https:\/\/e.kosmolat.eu\/lt\/wp-json\/wp\/v2\/product_tag?post=37206"}],"curies":[{"name":"wp","href":"https:\/\/api.w.org\/{rel}","templated":true}]}}